{"id":2358,"date":"2024-12-14T23:13:00","date_gmt":"2024-12-14T21:13:00","guid":{"rendered":"https:\/\/cosmoflag.com\/?post_type=product&#038;p=2358"},"modified":"2025-08-12T21:23:28","modified_gmt":"2025-08-12T19:23:28","slug":"drapeau-de-lotan","status":"publish","type":"product","link":"https:\/\/cosmoflag.com\/fr\/produit\/drapeau-de-lotan\/","title":{"rendered":"Drapeau de l'OTAN"},"content":{"rendered":"<h3>Caract\u00e9ristiques du drapeau de l'OTAN<\/h3>\n<p>Notre drapeau de l'OTAN est fabriqu\u00e9 en polyester de haute qualit\u00e9, ce qui le rend id\u00e9al pour une utilisation durable, tant \u00e0 l'int\u00e9rieur qu'\u00e0 l'ext\u00e9rieur. Il est dot\u00e9 d'\u0153illets m\u00e9talliques qui facilitent son installation et lui permettent de rester en place m\u00eame dans des conditions m\u00e9t\u00e9orologiques d\u00e9favorables. Disponible en 90 x 150 cm pour une visibilit\u00e9 maximale, notre drapeau r\u00e9pond \u00e0 de nombreux besoins, que vous souhaitiez l'accrocher \u00e0 un m\u00e2t ou \u00e0 un mur.<\/p>\n<h3>Un symbole international d'importance<\/h3>\n<p>Adopt\u00e9 en 1953, le drapeau de l'OTAN se compose d'un fond bleu et d'une \u00e9toile blanche \u00e0 quatre branches pointant vers les quatre points cardinaux. Le bleu symbolise l'Atlantique Nord, qui unit les pays membres, tandis que la boussole repr\u00e9sente la direction commune de ces pays vers une paix et une s\u00e9curit\u00e9 partag\u00e9es. Le drapeau est largement reconnu comme un symbole de coop\u00e9ration internationale et de d\u00e9fense collective.<\/p>\n<h3>Polyvalence d'utilisation<\/h3>\n<p>Le drapeau de l'OTAN est utilis\u00e9 dans les contextes officiels, les c\u00e9r\u00e9monies et les missions internationales pour repr\u00e9senter l'unit\u00e9 et l'engagement des pays membres en faveur de la s\u00e9curit\u00e9 mutuelle. Sa conception robuste et ses couleurs r\u00e9sistantes \u00e0 la d\u00e9coloration permettent au drapeau de conserver sa signification et son impact visuel au fil du temps.<\/p>","protected":false},"excerpt":{"rendered":"<p>Drapeau de 150 x 90 cm avec 2 \u0153illets m\u00e9talliques robustes pour un accrochage s\u00fbr.<\/p>","protected":false},"featured_media":1268,"comment_status":"open","ping_status":"closed","template":"","meta":{"_gspb_post_css":"","iawp_total_views":21},"product_brand":[],"product_cat":[68],"product_tag":[],"class_list":{"0":"post-2358","1":"product","2":"type-product","3":"status-publish","4":"has-post-thumbnail","6":"product_cat-official-flags","8":"first","9":"instock","10":"sale","11":"shipping-taxable","12":"purchasable","13":"product-type-simple"},"_links":{"self":[{"href":"https:\/\/cosmoflag.com\/fr\/wp-json\/wp\/v2\/product\/2358","targetHints":{"allow":["GET"]}}],"collection":[{"href":"https:\/\/cosmoflag.com\/fr\/wp-json\/wp\/v2\/product"}],"about":[{"href":"https:\/\/cosmoflag.com\/fr\/wp-json\/wp\/v2\/types\/product"}],"replies":[{"embeddable":true,"href":"https:\/\/cosmoflag.com\/fr\/wp-json\/wp\/v2\/comments?post=2358"}],"wp:featuredmedia":[{"embeddable":true,"href":"https:\/\/cosmoflag.com\/fr\/wp-json\/wp\/v2\/media\/1268"}],"wp:attachment":[{"href":"https:\/\/cosmoflag.com\/fr\/wp-json\/wp\/v2\/media?parent=2358"}],"wp:term":[{"taxonomy":"product_brand","embeddable":true,"href":"https:\/\/cosmoflag.com\/fr\/wp-json\/wp\/v2\/product_brand?post=2358"},{"taxonomy":"product_cat","embeddable":true,"href":"https:\/\/cosmoflag.com\/fr\/wp-json\/wp\/v2\/product_cat?post=2358"},{"taxonomy":"product_tag","embeddable":true,"href":"https:\/\/cosmoflag.com\/fr\/wp-json\/wp\/v2\/product_tag?post=2358"}],"curies":[{"name":"wp","href":"https:\/\/api.w.org\/{rel}","templated":true}]}}