{"id":2356,"date":"2024-12-14T23:06:00","date_gmt":"2024-12-14T21:06:00","guid":{"rendered":"https:\/\/cosmoflag.com\/?post_type=product&#038;p=2356"},"modified":"2026-03-02T18:06:31","modified_gmt":"2026-03-02T16:06:31","slug":"drapeau-portugais","status":"publish","type":"product","link":"https:\/\/cosmoflag.com\/fr\/produit\/drapeau-portugais\/","title":{"rendered":"Drapeau du Portugal"},"content":{"rendered":"<h3>Caract\u00e9ristiques du drapeau portugais<\/h3>\n<p>Notre drapeau du Portugal est fabriqu\u00e9 en polyester de haute qualit\u00e9, ce qui le rend id\u00e9al pour une utilisation durable \u00e0 l'int\u00e9rieur et \u00e0 l'ext\u00e9rieur. Il est dot\u00e9 d'\u0153illets m\u00e9talliques pour une installation facile et un maintien s\u00fbr, m\u00eame dans des conditions m\u00e9t\u00e9orologiques d\u00e9favorables. Disponible en 90 x 150 cm pour une visibilit\u00e9 maximale et en 60 x 90 cm pour les espaces plus restreints, notre drapeau r\u00e9pond \u00e0 une grande vari\u00e9t\u00e9 de besoins, que vous souhaitiez l'afficher sur un m\u00e2t ou sur un mur.<\/p>\n<h3>Un symbole national charg\u00e9 d'histoire<\/h3>\n<p>Le drapeau du Portugal, adopt\u00e9 en 1911 apr\u00e8s la cr\u00e9ation de la R\u00e9publique, est compos\u00e9 de deux champs verticaux : le vert d'un c\u00f4t\u00e9 de la hampe et le rouge de l'autre. Le vert symbolise l'espoir et le renouveau, tandis que le rouge repr\u00e9sente le courage et le sang vers\u00e9 par ceux qui ont d\u00e9fendu la nation. Au centre du drapeau se trouve l'embl\u00e8me national, compos\u00e9 d'un bouclier contenant cinq petits boucliers bleus en forme de croix, entour\u00e9s de sept petites tours et surmont\u00e9s d'une sph\u00e8re armillaire, symbole des d\u00e9couvertes maritimes portugaises.<\/p>\n<h3>Polyvalence d'utilisation<\/h3>\n<p>Qu'il s'agisse de c\u00e9l\u00e9brations nationales, d'\u00e9v\u00e9nements sportifs, de manifestations culturelles ou d'activit\u00e9s \u00e9ducatives, le drapeau portugais convient \u00e0 toutes les occasions. Sa conception robuste et ses couleurs r\u00e9sistantes \u00e0 la d\u00e9coloration garantissent que le drapeau conserve sa signification et son impact visuel au fil du temps.<\/p>","protected":false},"excerpt":{"rendered":"<p>Drapeau de 150 x 90 cm avec 2 \u0153illets m\u00e9talliques robustes pour un accrochage s\u00fbr.<\/p>","protected":false},"featured_media":2154,"comment_status":"open","ping_status":"closed","template":"","meta":{"_gspb_post_css":"","iawp_total_views":52},"product_brand":[],"product_cat":[65,58],"product_tag":[],"class_list":{"0":"post-2356","1":"product","2":"type-product","3":"status-publish","4":"has-post-thumbnail","6":"product_cat-europe-flags","7":"product_cat-country-flags","9":"first","10":"instock","11":"sale","12":"shipping-taxable","13":"purchasable","14":"product-type-simple"},"_links":{"self":[{"href":"https:\/\/cosmoflag.com\/fr\/wp-json\/wp\/v2\/product\/2356","targetHints":{"allow":["GET"]}}],"collection":[{"href":"https:\/\/cosmoflag.com\/fr\/wp-json\/wp\/v2\/product"}],"about":[{"href":"https:\/\/cosmoflag.com\/fr\/wp-json\/wp\/v2\/types\/product"}],"replies":[{"embeddable":true,"href":"https:\/\/cosmoflag.com\/fr\/wp-json\/wp\/v2\/comments?post=2356"}],"wp:featuredmedia":[{"embeddable":true,"href":"https:\/\/cosmoflag.com\/fr\/wp-json\/wp\/v2\/media\/2154"}],"wp:attachment":[{"href":"https:\/\/cosmoflag.com\/fr\/wp-json\/wp\/v2\/media?parent=2356"}],"wp:term":[{"taxonomy":"product_brand","embeddable":true,"href":"https:\/\/cosmoflag.com\/fr\/wp-json\/wp\/v2\/product_brand?post=2356"},{"taxonomy":"product_cat","embeddable":true,"href":"https:\/\/cosmoflag.com\/fr\/wp-json\/wp\/v2\/product_cat?post=2356"},{"taxonomy":"product_tag","embeddable":true,"href":"https:\/\/cosmoflag.com\/fr\/wp-json\/wp\/v2\/product_tag?post=2356"}],"curies":[{"name":"wp","href":"https:\/\/api.w.org\/{rel}","templated":true}]}}