{"id":2350,"date":"2024-12-13T14:38:00","date_gmt":"2024-12-13T12:38:00","guid":{"rendered":"https:\/\/cosmoflag.com\/?post_type=product&#038;p=2350"},"modified":"2025-08-12T21:23:34","modified_gmt":"2025-08-12T19:23:34","slug":"drapeau-des-philippines","status":"publish","type":"product","link":"https:\/\/cosmoflag.com\/fr\/produit\/drapeau-des-philippines\/","title":{"rendered":"Drapeau des Philippines"},"content":{"rendered":"<h3><strong>Caract\u00e9ristiques du drapeau philippin<\/strong><\/h3>\n<p>Notre drapeau des Philippines est fabriqu\u00e9 en polyester de haute qualit\u00e9, ce qui le rend id\u00e9al pour une utilisation durable \u00e0 l'int\u00e9rieur comme \u00e0 l'ext\u00e9rieur. Il est \u00e9quip\u00e9 d'\u0153illets m\u00e9talliques qui facilitent son installation et garantissent qu'il reste bien en place, m\u00eame dans des conditions m\u00e9t\u00e9orologiques difficiles. Disponible en 90 x 150 cm pour une visibilit\u00e9 maximale, notre drapeau r\u00e9pond \u00e0 diff\u00e9rents besoins, que vous souhaitiez l'afficher sur un m\u00e2t ou sur un mur.<\/p>\n<h3><strong>Un symbole national charg\u00e9 d'histoire<\/strong><\/h3>\n<p>Le drapeau des Philippines est unique avec ses deux bandes horizontales bleue et rouge, et un triangle \u00e9quilat\u00e9ral blanc au guindant contenant un soleil d'or \u00e0 huit rayons avec trois \u00e9toiles d'or \u00e0 chaque pointe du triangle. Le bleu repr\u00e9sente la paix et la justice, le rouge symbolise le courage et le sacrifice, et le blanc l'\u00e9galit\u00e9 et la fraternit\u00e9. Les huit rayons du soleil repr\u00e9sentent les huit provinces qui ont initi\u00e9 la r\u00e9volution contre l'Espagne, et les trois \u00e9toiles symbolisent les trois \u00eeles principales des Philippines : Luzon, Visayas et Mindanao. Ce drapeau, adopt\u00e9 en 1898, est profond\u00e9ment ancr\u00e9 dans la lutte pour l'ind\u00e9pendance du pays.<\/p>\n<h3><strong>Polyvalence d'utilisation<\/strong><\/h3>\n<p>Que ce soit pour des c\u00e9l\u00e9brations nationales, des \u00e9v\u00e9nements sportifs, des manifestations politiques ou \u00e0 des fins \u00e9ducatives, le drapeau des Philippines convient \u00e0 toutes les occasions. Sa conception robuste et ses couleurs r\u00e9sistantes \u00e0 la d\u00e9coloration garantissent que le drapeau conserve sa signification et son impact visuel au fil du temps.<\/p>","protected":false},"excerpt":{"rendered":"<p>Drapeau de 150 x 90 cm avec 2 \u0153illets m\u00e9talliques robustes pour un accrochage s\u00fbr.<\/p>","protected":false},"featured_media":2139,"comment_status":"open","ping_status":"closed","template":"","meta":{"_gspb_post_css":"","iawp_total_views":18},"product_brand":[],"product_cat":[64,58],"product_tag":[],"class_list":{"0":"post-2350","1":"product","2":"type-product","3":"status-publish","4":"has-post-thumbnail","6":"product_cat-asia-flags","7":"product_cat-country-flags","9":"first","10":"instock","11":"sale","12":"shipping-taxable","13":"purchasable","14":"product-type-simple"},"_links":{"self":[{"href":"https:\/\/cosmoflag.com\/fr\/wp-json\/wp\/v2\/product\/2350","targetHints":{"allow":["GET"]}}],"collection":[{"href":"https:\/\/cosmoflag.com\/fr\/wp-json\/wp\/v2\/product"}],"about":[{"href":"https:\/\/cosmoflag.com\/fr\/wp-json\/wp\/v2\/types\/product"}],"replies":[{"embeddable":true,"href":"https:\/\/cosmoflag.com\/fr\/wp-json\/wp\/v2\/comments?post=2350"}],"wp:featuredmedia":[{"embeddable":true,"href":"https:\/\/cosmoflag.com\/fr\/wp-json\/wp\/v2\/media\/2139"}],"wp:attachment":[{"href":"https:\/\/cosmoflag.com\/fr\/wp-json\/wp\/v2\/media?parent=2350"}],"wp:term":[{"taxonomy":"product_brand","embeddable":true,"href":"https:\/\/cosmoflag.com\/fr\/wp-json\/wp\/v2\/product_brand?post=2350"},{"taxonomy":"product_cat","embeddable":true,"href":"https:\/\/cosmoflag.com\/fr\/wp-json\/wp\/v2\/product_cat?post=2350"},{"taxonomy":"product_tag","embeddable":true,"href":"https:\/\/cosmoflag.com\/fr\/wp-json\/wp\/v2\/product_tag?post=2350"}],"curies":[{"name":"wp","href":"https:\/\/api.w.org\/{rel}","templated":true}]}}