{"id":2347,"date":"2024-12-13T14:18:00","date_gmt":"2024-12-13T12:18:00","guid":{"rendered":"https:\/\/cosmoflag.com\/?post_type=product&#038;p=2347"},"modified":"2025-08-12T21:23:35","modified_gmt":"2025-08-12T19:23:35","slug":"drapeau-de-la-croix-de-bourgogne","status":"publish","type":"product","link":"https:\/\/cosmoflag.com\/fr\/produit\/drapeau-de-la-croix-de-bourgogne\/","title":{"rendered":"Drapeau de la Croix de Bourgogne"},"content":{"rendered":"<h3>Caract\u00e9ristiques du drapeau de la Croix de Bourgogne<\/h3>\n<p>Notre drapeau Croix de Bourgogne est fabriqu\u00e9 en polyester de haute qualit\u00e9, ce qui le rend id\u00e9al pour une utilisation durable, tant \u00e0 l'int\u00e9rieur qu'\u00e0 l'ext\u00e9rieur. Il est dot\u00e9 d'\u0153illets m\u00e9talliques qui facilitent son installation et garantissent qu'il reste en place, m\u00eame dans des conditions m\u00e9t\u00e9orologiques d\u00e9favorables. Disponible en 90 x 150 cm pour une visibilit\u00e9 maximale, notre drapeau r\u00e9pond \u00e0 de nombreux besoins, que vous souhaitiez l'accrocher \u00e0 un m\u00e2t ou \u00e0 un mur.<\/p>\n<h3>Un symbole historique de grande importance<\/h3>\n<p>La croix de Bourgogne, embl\u00e8me utilis\u00e9 \u00e0 partir du XVe si\u00e8cle par les ducs de Bourgogne, est devenue largement reconnue lorsqu'elle a \u00e9t\u00e9 adopt\u00e9e par les royaumes espagnols, y compris pendant la p\u00e9riode de l'Empire espagnol o\u00f9 elle figurait sur les drapeaux et les banni\u00e8res militaires. Le motif consiste en une croix de Saint-Andr\u00e9 rouge, souvent orn\u00e9e de flammes, sur fond blanc. La croix rappelle le martyre de saint Andr\u00e9, qui aurait \u00e9t\u00e9 crucifi\u00e9 sur une croix en forme de X. Elle symbolise la lutte historique et le sacrifice. Elle symbolise la lutte et le sacrifice historiques.<\/p>\n<h3>Polyvalence d'utilisation<\/h3>\n<p>Ce drapeau est souvent utilis\u00e9 dans des contextes historiques, des reconstitutions ou comme symbole h\u00e9raldique. Sa conception robuste et ses couleurs r\u00e9sistantes \u00e0 la d\u00e9coloration permettent au drapeau de conserver sa signification et son impact visuel au fil du temps.<\/p>","protected":false},"excerpt":{"rendered":"<p>Drapeau de 150 x 90 cm avec 2 \u0153illets m\u00e9talliques robustes pour un accrochage s\u00fbr.<\/p>","protected":false},"featured_media":1056,"comment_status":"open","ping_status":"closed","template":"","meta":{"_gspb_post_css":"","iawp_total_views":8},"product_brand":[],"product_cat":[15,69],"product_tag":[],"class_list":{"0":"post-2347","1":"product","2":"type-product","3":"status-publish","4":"has-post-thumbnail","6":"product_cat-other","7":"product_cat-historical-flags","9":"first","10":"instock","11":"sale","12":"shipping-taxable","13":"purchasable","14":"product-type-simple"},"_links":{"self":[{"href":"https:\/\/cosmoflag.com\/fr\/wp-json\/wp\/v2\/product\/2347","targetHints":{"allow":["GET"]}}],"collection":[{"href":"https:\/\/cosmoflag.com\/fr\/wp-json\/wp\/v2\/product"}],"about":[{"href":"https:\/\/cosmoflag.com\/fr\/wp-json\/wp\/v2\/types\/product"}],"replies":[{"embeddable":true,"href":"https:\/\/cosmoflag.com\/fr\/wp-json\/wp\/v2\/comments?post=2347"}],"wp:featuredmedia":[{"embeddable":true,"href":"https:\/\/cosmoflag.com\/fr\/wp-json\/wp\/v2\/media\/1056"}],"wp:attachment":[{"href":"https:\/\/cosmoflag.com\/fr\/wp-json\/wp\/v2\/media?parent=2347"}],"wp:term":[{"taxonomy":"product_brand","embeddable":true,"href":"https:\/\/cosmoflag.com\/fr\/wp-json\/wp\/v2\/product_brand?post=2347"},{"taxonomy":"product_cat","embeddable":true,"href":"https:\/\/cosmoflag.com\/fr\/wp-json\/wp\/v2\/product_cat?post=2347"},{"taxonomy":"product_tag","embeddable":true,"href":"https:\/\/cosmoflag.com\/fr\/wp-json\/wp\/v2\/product_tag?post=2347"}],"curies":[{"name":"wp","href":"https:\/\/api.w.org\/{rel}","templated":true}]}}