{"id":2341,"date":"2024-12-13T13:48:00","date_gmt":"2024-12-13T11:48:00","guid":{"rendered":"https:\/\/cosmoflag.com\/?post_type=product&#038;p=2341"},"modified":"2025-08-12T21:23:36","modified_gmt":"2025-08-12T19:23:36","slug":"drapeau-de-la-malaisie","status":"publish","type":"product","link":"https:\/\/cosmoflag.com\/fr\/produit\/drapeau-de-la-malaisie\/","title":{"rendered":"Drapeau de la Malaisie"},"content":{"rendered":"<h3>Caract\u00e9ristiques du drapeau de la Malaisie<\/h3>\n<p>Notre drapeau de la Malaisie est fabriqu\u00e9 en polyester de haute qualit\u00e9, ce qui le rend id\u00e9al pour une utilisation durable, tant \u00e0 l'int\u00e9rieur qu'\u00e0 l'ext\u00e9rieur. Il est dot\u00e9 d'\u0153illets m\u00e9talliques pour une installation facile et une tenue garantie, m\u00eame dans des conditions m\u00e9t\u00e9orologiques d\u00e9favorables. Disponible en 90 x 150 cm pour une visibilit\u00e9 maximale, notre drapeau r\u00e9pond \u00e0 de nombreux besoins, que vous souhaitiez l'afficher sur un m\u00e2t ou sur un mur.<\/p>\n<h3>Un symbole national charg\u00e9 d'histoire<\/h3>\n<p>Le drapeau de la Malaisie, \u00e9galement connu sous le nom de \"Jalur Gemilang\" (bandes de gloire), comporte quatorze bandes horizontales rouges et blanches repr\u00e9sentant les treize \u00c9tats membres et le gouvernement f\u00e9d\u00e9ral. Le canton bleu dans le coin sup\u00e9rieur gauche symbolise l'unit\u00e9 des peuples de Malaisie et porte une \u00e9toile jaune \u00e0 quatorze branches, refl\u00e9tant les m\u00eames entit\u00e9s que les bandes. Le jaune est la couleur royale de la Malaisie. Adopt\u00e9 en 1950, ce drapeau symbolise l'espoir, le courage et le respect, tandis que son dessin s'inspire de celui des \u00c9tats-Unis.<\/p>\n<h3>Polyvalence d'utilisation<\/h3>\n<p>Qu'il s'agisse de c\u00e9l\u00e9brations nationales, d'\u00e9v\u00e9nements sportifs, de manifestations politiques ou d'objectifs \u00e9ducatifs, le drapeau malaisien convient \u00e0 toutes les occasions. Sa conception robuste et ses couleurs r\u00e9sistantes \u00e0 la d\u00e9coloration garantissent que le drapeau conserve sa signification et son impact visuel au fil du temps.<\/p>","protected":false},"excerpt":{"rendered":"<p>Drapeau de 150 x 90 cm avec 2 \u0153illets m\u00e9talliques robustes pour un accrochage s\u00fbr.<\/p>","protected":false},"featured_media":2055,"comment_status":"open","ping_status":"closed","template":"","meta":{"_gspb_post_css":"","iawp_total_views":7},"product_brand":[],"product_cat":[64,58],"product_tag":[],"class_list":{"0":"post-2341","1":"product","2":"type-product","3":"status-publish","4":"has-post-thumbnail","6":"product_cat-asia-flags","7":"product_cat-country-flags","9":"first","10":"instock","11":"sale","12":"shipping-taxable","13":"purchasable","14":"product-type-simple"},"_links":{"self":[{"href":"https:\/\/cosmoflag.com\/fr\/wp-json\/wp\/v2\/product\/2341","targetHints":{"allow":["GET"]}}],"collection":[{"href":"https:\/\/cosmoflag.com\/fr\/wp-json\/wp\/v2\/product"}],"about":[{"href":"https:\/\/cosmoflag.com\/fr\/wp-json\/wp\/v2\/types\/product"}],"replies":[{"embeddable":true,"href":"https:\/\/cosmoflag.com\/fr\/wp-json\/wp\/v2\/comments?post=2341"}],"wp:featuredmedia":[{"embeddable":true,"href":"https:\/\/cosmoflag.com\/fr\/wp-json\/wp\/v2\/media\/2055"}],"wp:attachment":[{"href":"https:\/\/cosmoflag.com\/fr\/wp-json\/wp\/v2\/media?parent=2341"}],"wp:term":[{"taxonomy":"product_brand","embeddable":true,"href":"https:\/\/cosmoflag.com\/fr\/wp-json\/wp\/v2\/product_brand?post=2341"},{"taxonomy":"product_cat","embeddable":true,"href":"https:\/\/cosmoflag.com\/fr\/wp-json\/wp\/v2\/product_cat?post=2341"},{"taxonomy":"product_tag","embeddable":true,"href":"https:\/\/cosmoflag.com\/fr\/wp-json\/wp\/v2\/product_tag?post=2341"}],"curies":[{"name":"wp","href":"https:\/\/api.w.org\/{rel}","templated":true}]}}