{"id":2339,"date":"2024-12-13T13:41:00","date_gmt":"2024-12-13T11:41:00","guid":{"rendered":"https:\/\/cosmoflag.com\/?post_type=product&#038;p=2339"},"modified":"2025-11-30T23:47:10","modified_gmt":"2025-11-30T21:47:10","slug":"drapeau-de-lequateur","status":"publish","type":"product","link":"https:\/\/cosmoflag.com\/fr\/produit\/drapeau-de-lequateur\/","title":{"rendered":"Drapeau de l'\u00c9quateur"},"content":{"rendered":"<h3>Caract\u00e9ristiques du drapeau de l'\u00c9quateur<\/h3>\n<p>Notre drapeau de l'\u00c9quateur est fabriqu\u00e9 en polyester de haute qualit\u00e9, ce qui le rend id\u00e9al pour une utilisation durable, tant \u00e0 l'int\u00e9rieur qu'\u00e0 l'ext\u00e9rieur. Il est dot\u00e9 d'\u0153illets m\u00e9talliques pour une installation facile et une tenue garantie, m\u00eame dans des conditions m\u00e9t\u00e9orologiques d\u00e9favorables. Disponible en 90 x 150 cm pour une visibilit\u00e9 maximale, notre drapeau r\u00e9pond \u00e0 de nombreux besoins, que vous souhaitiez l'afficher sur un m\u00e2t ou sur un mur.<\/p>\n<h3>Un symbole national charg\u00e9 d'histoire<\/h3>\n<p>Le drapeau de l'\u00c9quateur est compos\u00e9 de trois bandes horizontales : jaune en haut, bleue au milieu et rouge en bas. La bande jaune est plus large que les deux autres. Le drapeau comprend \u00e9galement les armoiries de l'\u00c9quateur en son centre, ajoutant un riche d\u00e9tail symbolique \u00e0 l'histoire et aux valeurs du pays. Adopt\u00e9es en 1860, les couleurs du drapeau ont des significations sp\u00e9cifiques : le jaune repr\u00e9sente l'or, la richesse et la fertilit\u00e9 de la terre \u00e9quatorienne, le bleu symbolise l'oc\u00e9an et le ciel clair, et le rouge rappelle le sang vers\u00e9 pour l'ind\u00e9pendance. Ce drapeau n'est pas seulement un \u00e9l\u00e9ment d\u00e9coratif, il incarne l'unit\u00e9, la dignit\u00e9 et la souverainet\u00e9 de la nation \u00e9quatorienne.<\/p>\n<h3>Polyvalence d'utilisation<\/h3>\n<p>Qu'il s'agisse de c\u00e9l\u00e9brations nationales, d'\u00e9v\u00e9nements culturels, d'occasions sportives ou d'objectifs \u00e9ducatifs, le drapeau \u00e9quatorien convient \u00e0 toutes les occasions. Sa conception robuste et ses couleurs r\u00e9sistantes \u00e0 la d\u00e9coloration garantissent que le drapeau conserve sa signification et son impact visuel au fil du temps.<\/p>","protected":false},"excerpt":{"rendered":"<p>Drapeau de 150 x 90 cm avec 2 \u0153illets m\u00e9talliques robustes pour un accrochage s\u00fbr.<\/p>","protected":false},"featured_media":1876,"comment_status":"open","ping_status":"closed","template":"","meta":{"_gspb_post_css":"","iawp_total_views":6},"product_brand":[],"product_cat":[58,63],"product_tag":[],"class_list":{"0":"post-2339","1":"product","2":"type-product","3":"status-publish","4":"has-post-thumbnail","6":"product_cat-country-flags","7":"product_cat-south-america-flag","9":"first","10":"instock","11":"sale","12":"shipping-taxable","13":"purchasable","14":"product-type-simple"},"_links":{"self":[{"href":"https:\/\/cosmoflag.com\/fr\/wp-json\/wp\/v2\/product\/2339","targetHints":{"allow":["GET"]}}],"collection":[{"href":"https:\/\/cosmoflag.com\/fr\/wp-json\/wp\/v2\/product"}],"about":[{"href":"https:\/\/cosmoflag.com\/fr\/wp-json\/wp\/v2\/types\/product"}],"replies":[{"embeddable":true,"href":"https:\/\/cosmoflag.com\/fr\/wp-json\/wp\/v2\/comments?post=2339"}],"wp:featuredmedia":[{"embeddable":true,"href":"https:\/\/cosmoflag.com\/fr\/wp-json\/wp\/v2\/media\/1876"}],"wp:attachment":[{"href":"https:\/\/cosmoflag.com\/fr\/wp-json\/wp\/v2\/media?parent=2339"}],"wp:term":[{"taxonomy":"product_brand","embeddable":true,"href":"https:\/\/cosmoflag.com\/fr\/wp-json\/wp\/v2\/product_brand?post=2339"},{"taxonomy":"product_cat","embeddable":true,"href":"https:\/\/cosmoflag.com\/fr\/wp-json\/wp\/v2\/product_cat?post=2339"},{"taxonomy":"product_tag","embeddable":true,"href":"https:\/\/cosmoflag.com\/fr\/wp-json\/wp\/v2\/product_tag?post=2339"}],"curies":[{"name":"wp","href":"https:\/\/api.w.org\/{rel}","templated":true}]}}