{"id":2337,"date":"2024-12-13T13:26:00","date_gmt":"2024-12-13T11:26:00","guid":{"rendered":"https:\/\/cosmoflag.com\/?post_type=product&#038;p=2337"},"modified":"2025-08-12T21:23:37","modified_gmt":"2025-08-12T19:23:37","slug":"drapeau-de-lazerbaidjan","status":"publish","type":"product","link":"https:\/\/cosmoflag.com\/fr\/produit\/drapeau-de-lazerbaidjan\/","title":{"rendered":"Drapeau de l'Azerba\u00efdjan"},"content":{"rendered":"<h3>Caract\u00e9ristiques du drapeau de l'Azerba\u00efdjan<\/h3>\n<p>Notre drapeau de l'Azerba\u00efdjan est fabriqu\u00e9 en polyester de haute qualit\u00e9, ce qui le rend id\u00e9al pour une utilisation durable \u00e0 l'int\u00e9rieur comme \u00e0 l'ext\u00e9rieur. Il est dot\u00e9 d'\u0153illets m\u00e9talliques pour une installation facile et un maintien s\u00fbr, m\u00eame dans des conditions m\u00e9t\u00e9orologiques d\u00e9favorables. Disponible en 90 x 150 cm pour une visibilit\u00e9 maximale, notre drapeau r\u00e9pond \u00e0 de nombreux besoins, que vous souhaitiez l'accrocher \u00e0 un m\u00e2t ou \u00e0 un mur.<\/p>\n<h3>Un symbole national charg\u00e9 d'histoire<\/h3>\n<p>Le drapeau de l'Azerba\u00efdjan, \u00e9galement connu sous le nom de \"Azerbaycan Bayragi\", est compos\u00e9 de trois bandes horizontales : bleue en haut, rouge au centre et verte en bas. Un croissant blanc et une \u00e9toile \u00e0 huit branches figurent \u00e9galement au centre de la bande rouge. Le bleu repr\u00e9sente la culture turque, le rouge symbolise la modernisation et le d\u00e9veloppement de la d\u00e9mocratie, et le vert \u00e9voque l'islam. Le croissant et l'\u00e9toile sont des symboles traditionnels de l'islam, mais ils refl\u00e8tent \u00e9galement les aspirations du peuple azerba\u00efdjanais \u00e0 la libert\u00e9. Le drapeau, adopt\u00e9 en 1918 et r\u00e9adopt\u00e9 en 1991 apr\u00e8s la chute de l'Union sovi\u00e9tique, incarne l'identit\u00e9 nationale et les valeurs du peuple azerba\u00efdjanais.<\/p>\n<h3>Polyvalence d'utilisation<\/h3>\n<p>Qu'il s'agisse de c\u00e9l\u00e9brations nationales, de manifestations sportives, d'\u00e9v\u00e9nements culturels ou d'objectifs \u00e9ducatifs, le drapeau azerba\u00efdjanais convient \u00e0 toutes les occasions. Sa conception robuste et ses couleurs r\u00e9sistantes \u00e0 la d\u00e9coloration garantissent que le drapeau conserve sa signification et son impact visuel au fil du temps.<\/p>","protected":false},"excerpt":{"rendered":"<p>Drapeau de 150 x 90 cm avec 2 \u0153illets m\u00e9talliques robustes pour un accrochage s\u00fbr.<\/p>","protected":false},"featured_media":1816,"comment_status":"open","ping_status":"closed","template":"","meta":{"_gspb_post_css":"","iawp_total_views":23},"product_brand":[],"product_cat":[64],"product_tag":[],"class_list":{"0":"post-2337","1":"product","2":"type-product","3":"status-publish","4":"has-post-thumbnail","6":"product_cat-asia-flags","8":"first","9":"instock","10":"sale","11":"shipping-taxable","12":"purchasable","13":"product-type-simple"},"_links":{"self":[{"href":"https:\/\/cosmoflag.com\/fr\/wp-json\/wp\/v2\/product\/2337","targetHints":{"allow":["GET"]}}],"collection":[{"href":"https:\/\/cosmoflag.com\/fr\/wp-json\/wp\/v2\/product"}],"about":[{"href":"https:\/\/cosmoflag.com\/fr\/wp-json\/wp\/v2\/types\/product"}],"replies":[{"embeddable":true,"href":"https:\/\/cosmoflag.com\/fr\/wp-json\/wp\/v2\/comments?post=2337"}],"wp:featuredmedia":[{"embeddable":true,"href":"https:\/\/cosmoflag.com\/fr\/wp-json\/wp\/v2\/media\/1816"}],"wp:attachment":[{"href":"https:\/\/cosmoflag.com\/fr\/wp-json\/wp\/v2\/media?parent=2337"}],"wp:term":[{"taxonomy":"product_brand","embeddable":true,"href":"https:\/\/cosmoflag.com\/fr\/wp-json\/wp\/v2\/product_brand?post=2337"},{"taxonomy":"product_cat","embeddable":true,"href":"https:\/\/cosmoflag.com\/fr\/wp-json\/wp\/v2\/product_cat?post=2337"},{"taxonomy":"product_tag","embeddable":true,"href":"https:\/\/cosmoflag.com\/fr\/wp-json\/wp\/v2\/product_tag?post=2337"}],"curies":[{"name":"wp","href":"https:\/\/api.w.org\/{rel}","templated":true}]}}