{"id":2335,"date":"2024-12-12T23:34:00","date_gmt":"2024-12-12T21:34:00","guid":{"rendered":"https:\/\/cosmoflag.com\/?post_type=product&#038;p=2335"},"modified":"2025-11-30T23:47:11","modified_gmt":"2025-11-30T21:47:11","slug":"drapeau-armenien","status":"publish","type":"product","link":"https:\/\/cosmoflag.com\/fr\/produit\/drapeau-armenien\/","title":{"rendered":"Drapeau de l'Arm\u00e9nie"},"content":{"rendered":"<h3><strong>Caract\u00e9ristiques du drapeau arm\u00e9nien<\/strong><\/h3>\n<p>Notre drapeau de l'Arm\u00e9nie est fabriqu\u00e9 en polyester de haute qualit\u00e9, ce qui le rend id\u00e9al pour une utilisation durable \u00e0 l'int\u00e9rieur comme \u00e0 l'ext\u00e9rieur. Il est \u00e9quip\u00e9 d'\u0153illets m\u00e9talliques qui facilitent son installation et garantissent qu'il reste bien en place, m\u00eame dans des conditions m\u00e9t\u00e9orologiques difficiles. Disponible en 90 x 150 cm pour une visibilit\u00e9 maximale, notre drapeau r\u00e9pond \u00e0 diff\u00e9rents besoins, que vous souhaitiez l'afficher sur un m\u00e2t ou sur un mur.<\/p>\n<h3><strong>Un symbole national riche en histoire<\/strong><\/h3>\n<p>Le drapeau de l'Arm\u00e9nie, compos\u00e9 de trois bandes horizontales rouge, bleue et orange, est bien plus qu'une simple banni\u00e8re nationale. Adopt\u00e9e en 1990, juste avant l'ind\u00e9pendance du pays vis-\u00e0-vis de l'Union sovi\u00e9tique, chaque couleur est porteuse d'une signification profonde : le rouge symbolise le sang vers\u00e9 pour l'ind\u00e9pendance et le maintien du christianisme, le bleu repr\u00e9sente le d\u00e9sir du peuple arm\u00e9nien de vivre sous un ciel paisible, et l'orange signifie la cr\u00e9ativit\u00e9 et le travail acharn\u00e9 du peuple. Ce drapeau n'est pas seulement un \u00e9l\u00e9ment d\u00e9coratif, il incarne les aspirations, le courage et la fiert\u00e9 de la nation arm\u00e9nienne.<\/p>\n<h3><strong>Utilisation polyvalente<\/strong><\/h3>\n<p>Que ce soit pour des c\u00e9l\u00e9brations nationales, des \u00e9v\u00e9nements culturels, des rassemblements sportifs ou \u00e0 des fins \u00e9ducatives, le drapeau arm\u00e9nien s'adapte \u00e0 toutes les occasions. Sa conception robuste et ses couleurs r\u00e9sistantes \u00e0 la d\u00e9coloration permettent au drapeau de conserver sa signification et son impact visuel au fil du temps.<\/p>","protected":false},"excerpt":{"rendered":"<p>Drapeau de 150 x 90 cm avec 2 \u0153illets m\u00e9talliques robustes pour un accrochage s\u00fbr.<\/p>","protected":false},"featured_media":1812,"comment_status":"open","ping_status":"closed","template":"","meta":{"_gspb_post_css":"","iawp_total_views":3},"product_brand":[],"product_cat":[66],"product_tag":[],"class_list":{"0":"post-2335","1":"product","2":"type-product","3":"status-publish","4":"has-post-thumbnail","6":"product_cat-middle-east-flags","8":"first","9":"instock","10":"sale","11":"shipping-taxable","12":"purchasable","13":"product-type-simple"},"_links":{"self":[{"href":"https:\/\/cosmoflag.com\/fr\/wp-json\/wp\/v2\/product\/2335","targetHints":{"allow":["GET"]}}],"collection":[{"href":"https:\/\/cosmoflag.com\/fr\/wp-json\/wp\/v2\/product"}],"about":[{"href":"https:\/\/cosmoflag.com\/fr\/wp-json\/wp\/v2\/types\/product"}],"replies":[{"embeddable":true,"href":"https:\/\/cosmoflag.com\/fr\/wp-json\/wp\/v2\/comments?post=2335"}],"wp:featuredmedia":[{"embeddable":true,"href":"https:\/\/cosmoflag.com\/fr\/wp-json\/wp\/v2\/media\/1812"}],"wp:attachment":[{"href":"https:\/\/cosmoflag.com\/fr\/wp-json\/wp\/v2\/media?parent=2335"}],"wp:term":[{"taxonomy":"product_brand","embeddable":true,"href":"https:\/\/cosmoflag.com\/fr\/wp-json\/wp\/v2\/product_brand?post=2335"},{"taxonomy":"product_cat","embeddable":true,"href":"https:\/\/cosmoflag.com\/fr\/wp-json\/wp\/v2\/product_cat?post=2335"},{"taxonomy":"product_tag","embeddable":true,"href":"https:\/\/cosmoflag.com\/fr\/wp-json\/wp\/v2\/product_tag?post=2335"}],"curies":[{"name":"wp","href":"https:\/\/api.w.org\/{rel}","templated":true}]}}