{"id":2333,"date":"2024-12-12T23:24:00","date_gmt":"2024-12-12T21:24:00","guid":{"rendered":"https:\/\/cosmoflag.com\/?post_type=product&#038;p=2333"},"modified":"2026-03-15T12:30:39","modified_gmt":"2026-03-15T10:30:39","slug":"drapeau-cubain","status":"publish","type":"product","link":"https:\/\/cosmoflag.com\/fr\/produit\/drapeau-cubain\/","title":{"rendered":"Drapeau de Cuba"},"content":{"rendered":"<h3>Caract\u00e9ristiques du drapeau cubain<\/h3>\n<p>Notre drapeau cubain est fabriqu\u00e9 en polyester de haute qualit\u00e9, ce qui le rend id\u00e9al pour une utilisation durable \u00e0 l'int\u00e9rieur et \u00e0 l'ext\u00e9rieur. Il est dot\u00e9 d'\u0153illets m\u00e9talliques pour une installation facile et une tenue garantie, m\u00eame dans des conditions m\u00e9t\u00e9orologiques d\u00e9favorables. Disponible en 90 x 150 cm pour une visibilit\u00e9 maximale, notre drapeau r\u00e9pond \u00e0 de nombreux besoins, que vous souhaitiez l'accrocher \u00e0 un m\u00e2t ou \u00e0 un mur.<\/p>\n<h3>Un symbole national charg\u00e9 d'histoire<\/h3>\n<p>Le drapeau de Cuba, officiellement adopt\u00e9 en 1902 mais con\u00e7u d\u00e8s 1849, est compos\u00e9 de cinq bandes horizontales altern\u00e9es bleues et blanches, avec un triangle \u00e9quilat\u00e9ral rouge au p\u00f4le contenant une \u00e9toile blanche \u00e0 cinq branches. Les trois bandes bleues repr\u00e9sentent les d\u00e9partements dans lesquels Cuba \u00e9tait divis\u00e9e \u00e0 l'\u00e9poque, tandis que les bandes blanches symbolisent la puret\u00e9 de l'id\u00e9al ind\u00e9pendantiste. Le triangle rouge symbolise le sang vers\u00e9 pour la libert\u00e9 et l'\u00e9toile, appel\u00e9e \"La Estrella Solitaria\" (l'\u00e9toile solitaire), repr\u00e9sente l'ind\u00e9pendance et la libert\u00e9.<\/p>\n<h3>Polyvalence d'utilisation<\/h3>\n<p>Qu'il s'agisse de c\u00e9l\u00e9brations nationales, de manifestations sportives, d'\u00e9v\u00e9nements culturels ou d'objectifs \u00e9ducatifs, le drapeau cubain convient \u00e0 toutes les occasions. Sa conception robuste et ses couleurs r\u00e9sistantes \u00e0 la d\u00e9coloration garantissent que le drapeau conserve sa signification et son impact visuel au fil du temps.<\/p>","protected":false},"excerpt":{"rendered":"<p>Drapeau de 150 x 90 cm avec 2 \u0153illets m\u00e9talliques robustes pour un accrochage s\u00fbr.<\/p>","protected":false},"featured_media":1063,"comment_status":"open","ping_status":"closed","template":"","meta":{"_gspb_post_css":"","iawp_total_views":32},"product_brand":[],"product_cat":[62,58],"product_tag":[],"class_list":{"0":"post-2333","1":"product","2":"type-product","3":"status-publish","4":"has-post-thumbnail","6":"product_cat-north-america-flags","7":"product_cat-country-flags","9":"first","10":"instock","11":"sale","12":"shipping-taxable","13":"purchasable","14":"product-type-simple"},"_links":{"self":[{"href":"https:\/\/cosmoflag.com\/fr\/wp-json\/wp\/v2\/product\/2333","targetHints":{"allow":["GET"]}}],"collection":[{"href":"https:\/\/cosmoflag.com\/fr\/wp-json\/wp\/v2\/product"}],"about":[{"href":"https:\/\/cosmoflag.com\/fr\/wp-json\/wp\/v2\/types\/product"}],"replies":[{"embeddable":true,"href":"https:\/\/cosmoflag.com\/fr\/wp-json\/wp\/v2\/comments?post=2333"}],"wp:featuredmedia":[{"embeddable":true,"href":"https:\/\/cosmoflag.com\/fr\/wp-json\/wp\/v2\/media\/1063"}],"wp:attachment":[{"href":"https:\/\/cosmoflag.com\/fr\/wp-json\/wp\/v2\/media?parent=2333"}],"wp:term":[{"taxonomy":"product_brand","embeddable":true,"href":"https:\/\/cosmoflag.com\/fr\/wp-json\/wp\/v2\/product_brand?post=2333"},{"taxonomy":"product_cat","embeddable":true,"href":"https:\/\/cosmoflag.com\/fr\/wp-json\/wp\/v2\/product_cat?post=2333"},{"taxonomy":"product_tag","embeddable":true,"href":"https:\/\/cosmoflag.com\/fr\/wp-json\/wp\/v2\/product_tag?post=2333"}],"curies":[{"name":"wp","href":"https:\/\/api.w.org\/{rel}","templated":true}]}}