{"id":2332,"date":"2024-12-12T23:18:00","date_gmt":"2024-12-12T21:18:00","guid":{"rendered":"https:\/\/cosmoflag.com\/?post_type=product&#038;p=2332"},"modified":"2025-08-12T21:23:41","modified_gmt":"2025-08-12T19:23:41","slug":"drapeau-feministe-lesbien","status":"publish","type":"product","link":"https:\/\/cosmoflag.com\/fr\/produit\/drapeau-feministe-lesbien\/","title":{"rendered":"Drapeau f\u00e9ministe lesbien"},"content":{"rendered":"<h3><strong>Caract\u00e9ristiques du drapeau f\u00e9ministe lesbien<\/strong><\/h3>\n<p>Notre drapeau lesbien f\u00e9ministe est fabriqu\u00e9 en polyester de haute qualit\u00e9, ce qui le rend id\u00e9al pour une utilisation durable \u00e0 l'int\u00e9rieur comme \u00e0 l'ext\u00e9rieur. Il est \u00e9quip\u00e9 d'\u0153illets m\u00e9talliques qui facilitent son installation et garantissent qu'il reste bien en place, m\u00eame dans des conditions m\u00e9t\u00e9orologiques difficiles. Disponible dans des dimensions de 90 x 150 cm pour une visibilit\u00e9 maximale, notre drapeau r\u00e9pond \u00e0 diff\u00e9rents besoins, que vous souhaitiez l'afficher sur un m\u00e2t ou sur un mur.<\/p>\n<h3><strong>Un symbole national riche en histoire<\/strong><\/h3>\n<p>Le symbole central du drapeau est un labrys noir sur fond violet. Le labrys est un symbole historique de la communaut\u00e9 f\u00e9ministe et lesbienne, \u00e9voquant la force, l'ind\u00e9pendance et la solidarit\u00e9. Le fond violet reprend les couleurs du mouvement f\u00e9ministe, renfor\u00e7ant l'identit\u00e9 et l'unit\u00e9 au sein de la communaut\u00e9.<\/p>\n<h3><strong>Utilisation polyvalente<\/strong><\/h3>\n<p>Que ce soit pour des c\u00e9l\u00e9brations de fiert\u00e9, des rassemblements f\u00e9ministes, des \u00e9v\u00e9nements culturels ou \u00e0 des fins \u00e9ducatives, le drapeau f\u00e9ministe lesbien labrys s'adapte \u00e0 toutes les occasions. Sa conception robuste et ses couleurs r\u00e9sistantes \u00e0 la d\u00e9coloration garantissent que le drapeau conserve sa signification et son impact visuel au fil du temps.<\/p>","protected":false},"excerpt":{"rendered":"<p>Drapeau de 150 x 90 cm avec 2 \u0153illets m\u00e9talliques robustes pour un accrochage s\u00fbr.<\/p>","protected":false},"featured_media":1200,"comment_status":"open","ping_status":"closed","template":"","meta":{"_gspb_post_css":"","iawp_total_views":14},"product_brand":[],"product_cat":[57],"product_tag":[],"class_list":{"0":"post-2332","1":"product","2":"type-product","3":"status-publish","4":"has-post-thumbnail","6":"product_cat-lgbt-flags","8":"first","9":"instock","10":"sale","11":"shipping-taxable","12":"purchasable","13":"product-type-simple"},"_links":{"self":[{"href":"https:\/\/cosmoflag.com\/fr\/wp-json\/wp\/v2\/product\/2332","targetHints":{"allow":["GET"]}}],"collection":[{"href":"https:\/\/cosmoflag.com\/fr\/wp-json\/wp\/v2\/product"}],"about":[{"href":"https:\/\/cosmoflag.com\/fr\/wp-json\/wp\/v2\/types\/product"}],"replies":[{"embeddable":true,"href":"https:\/\/cosmoflag.com\/fr\/wp-json\/wp\/v2\/comments?post=2332"}],"wp:featuredmedia":[{"embeddable":true,"href":"https:\/\/cosmoflag.com\/fr\/wp-json\/wp\/v2\/media\/1200"}],"wp:attachment":[{"href":"https:\/\/cosmoflag.com\/fr\/wp-json\/wp\/v2\/media?parent=2332"}],"wp:term":[{"taxonomy":"product_brand","embeddable":true,"href":"https:\/\/cosmoflag.com\/fr\/wp-json\/wp\/v2\/product_brand?post=2332"},{"taxonomy":"product_cat","embeddable":true,"href":"https:\/\/cosmoflag.com\/fr\/wp-json\/wp\/v2\/product_cat?post=2332"},{"taxonomy":"product_tag","embeddable":true,"href":"https:\/\/cosmoflag.com\/fr\/wp-json\/wp\/v2\/product_tag?post=2332"}],"curies":[{"name":"wp","href":"https:\/\/api.w.org\/{rel}","templated":true}]}}