{"id":2330,"date":"2024-12-12T23:02:00","date_gmt":"2024-12-12T21:02:00","guid":{"rendered":"https:\/\/cosmoflag.com\/?post_type=product&#038;p=2330"},"modified":"2025-08-12T21:23:42","modified_gmt":"2025-08-12T19:23:42","slug":"drapeau-du-polyamour","status":"publish","type":"product","link":"https:\/\/cosmoflag.com\/fr\/produit\/drapeau-du-polyamour\/","title":{"rendered":"Drapeau du polyamour"},"content":{"rendered":"<h3>Caract\u00e9ristiques du drapeau polyamour<\/h3>\n<p>Notre drapeau en polyamide est fabriqu\u00e9 en polyester de haute qualit\u00e9, ce qui le rend id\u00e9al pour une utilisation durable, que ce soit \u00e0 l'int\u00e9rieur ou \u00e0 l'ext\u00e9rieur. Il est dot\u00e9 d'\u0153illets m\u00e9talliques pour une installation facile et une tenue garantie, m\u00eame dans des conditions m\u00e9t\u00e9orologiques d\u00e9favorables. Disponible en 90 x 150 cm pour une visibilit\u00e9 maximale, notre drapeau r\u00e9pond \u00e0 de nombreux besoins, que vous souhaitiez l'accrocher \u00e0 un m\u00e2t ou \u00e0 un mur.<\/p>\n<h3>Un symbole national charg\u00e9 d'histoire<\/h3>\n<p>Ce drapeau comporte trois bandes horizontales bleue, rouge et noire, avec un symbole \u03c0 jaune au centre de la bande rouge. Le bleu repr\u00e9sente l'ouverture et l'honn\u00eatet\u00e9 dans la dynamique des relations polyamoureuses, le rouge symbolise l'amour et la passion, et le noir repr\u00e9sente la solidarit\u00e9 avec ceux qui doivent cacher leurs relations polyamoureuses en raison de pressions sociales. Le symbole \u03c0 est la premi\u00e8re lettre du mot \"polyamour\" et repr\u00e9sente les possibilit\u00e9s infinies des relations amoureuses.<\/p>\n<h3>Polyvalence d'utilisation<\/h3>\n<p>Que ce soit pour des c\u00e9l\u00e9brations de fiert\u00e9, des rassemblements communautaires, des conf\u00e9rences sur la non-monogamie ou comme outil d'\u00e9ducation sur le polyamour, ce drapeau est parfaitement adapt\u00e9. Avec son design robuste et ses couleurs r\u00e9sistantes \u00e0 la d\u00e9coloration, il repr\u00e9sente fi\u00e8rement le mouvement polyamoureux.<\/p>","protected":false},"excerpt":{"rendered":"<p>Drapeau de 150 x 90 cm avec 2 \u0153illets m\u00e9talliques robustes pour un accrochage s\u00fbr.<\/p>","protected":false},"featured_media":1328,"comment_status":"open","ping_status":"closed","template":"","meta":{"_gspb_post_css":"","iawp_total_views":26},"product_brand":[],"product_cat":[57],"product_tag":[],"class_list":{"0":"post-2330","1":"product","2":"type-product","3":"status-publish","4":"has-post-thumbnail","6":"product_cat-lgbt-flags","8":"first","9":"instock","10":"sale","11":"shipping-taxable","12":"purchasable","13":"product-type-simple"},"_links":{"self":[{"href":"https:\/\/cosmoflag.com\/fr\/wp-json\/wp\/v2\/product\/2330","targetHints":{"allow":["GET"]}}],"collection":[{"href":"https:\/\/cosmoflag.com\/fr\/wp-json\/wp\/v2\/product"}],"about":[{"href":"https:\/\/cosmoflag.com\/fr\/wp-json\/wp\/v2\/types\/product"}],"replies":[{"embeddable":true,"href":"https:\/\/cosmoflag.com\/fr\/wp-json\/wp\/v2\/comments?post=2330"}],"wp:featuredmedia":[{"embeddable":true,"href":"https:\/\/cosmoflag.com\/fr\/wp-json\/wp\/v2\/media\/1328"}],"wp:attachment":[{"href":"https:\/\/cosmoflag.com\/fr\/wp-json\/wp\/v2\/media?parent=2330"}],"wp:term":[{"taxonomy":"product_brand","embeddable":true,"href":"https:\/\/cosmoflag.com\/fr\/wp-json\/wp\/v2\/product_brand?post=2330"},{"taxonomy":"product_cat","embeddable":true,"href":"https:\/\/cosmoflag.com\/fr\/wp-json\/wp\/v2\/product_cat?post=2330"},{"taxonomy":"product_tag","embeddable":true,"href":"https:\/\/cosmoflag.com\/fr\/wp-json\/wp\/v2\/product_tag?post=2330"}],"curies":[{"name":"wp","href":"https:\/\/api.w.org\/{rel}","templated":true}]}}