{"id":2327,"date":"2024-12-12T22:50:00","date_gmt":"2024-12-12T20:50:00","guid":{"rendered":"https:\/\/cosmoflag.com\/?post_type=product&#038;p=2327"},"modified":"2025-08-12T21:23:42","modified_gmt":"2025-08-12T19:23:42","slug":"drapeau-gay-du-canada","status":"publish","type":"product","link":"https:\/\/cosmoflag.com\/fr\/produit\/drapeau-gay-du-canada\/","title":{"rendered":"Drapeau gay du Canada"},"content":{"rendered":"<h3>Caract\u00e9ristiques du drapeau du Canada gay<\/h3>\n<p>Notre drapeau canadien de la fiert\u00e9 homosexuelle est fabriqu\u00e9 en polyester de haute qualit\u00e9, ce qui le rend id\u00e9al pour une utilisation durable, \u00e0 l'int\u00e9rieur comme \u00e0 l'ext\u00e9rieur. Il est dot\u00e9 d'\u0153illets m\u00e9talliques pour une installation facile et une tenue garantie, m\u00eame dans des conditions m\u00e9t\u00e9orologiques d\u00e9favorables. Disponible en 90 x 150 cm pour une visibilit\u00e9 maximale, notre drapeau r\u00e9pond \u00e0 de nombreux besoins, que vous souhaitiez l'accrocher \u00e0 un m\u00e2t ou \u00e0 un mur.<\/p>\n<h3>Un symbole charg\u00e9 d'histoire<\/h3>\n<p>Le drapeau associe des \u00e9l\u00e9ments de la fiert\u00e9 homosexuelle \u00e0 des symboles canadiens embl\u00e9matiques. Il reprend les couleurs de l'arc-en-ciel, symbole universel de la communaut\u00e9 LGBTQ+, avec la feuille d'\u00e9rable rouge du Canada au centre, pour c\u00e9l\u00e9brer l'inclusion et la diversit\u00e9 au sein de la culture canadienne.<\/p>\n<h3>Utilisation polyvalente<\/h3>\n<p>Id\u00e9al pour les festivals de la Fiert\u00e9, les d\u00e9fil\u00e9s, les rassemblements communautaires ou comme support, le drapeau de la Fiert\u00e9 gaie canadienne est indispensable pour tous ceux qui c\u00e9l\u00e8brent la diversit\u00e9 sexuelle et la libert\u00e9 d'expression au Canada. Gr\u00e2ce \u00e0 sa construction durable et \u00e0 ses couleurs vives, le drapeau est con\u00e7u pour avoir un impact visuel fort et continu.<\/p>","protected":false},"excerpt":{"rendered":"<p>Drapeau de 150 x 90 cm avec 2 \u0153illets m\u00e9talliques robustes pour un accrochage s\u00fbr.<\/p>","protected":false},"featured_media":1117,"comment_status":"open","ping_status":"closed","template":"","meta":{"_gspb_post_css":"","iawp_total_views":2},"product_brand":[],"product_cat":[57],"product_tag":[],"class_list":{"0":"post-2327","1":"product","2":"type-product","3":"status-publish","4":"has-post-thumbnail","6":"product_cat-lgbt-flags","8":"first","9":"instock","10":"sale","11":"shipping-taxable","12":"purchasable","13":"product-type-simple"},"_links":{"self":[{"href":"https:\/\/cosmoflag.com\/fr\/wp-json\/wp\/v2\/product\/2327","targetHints":{"allow":["GET"]}}],"collection":[{"href":"https:\/\/cosmoflag.com\/fr\/wp-json\/wp\/v2\/product"}],"about":[{"href":"https:\/\/cosmoflag.com\/fr\/wp-json\/wp\/v2\/types\/product"}],"replies":[{"embeddable":true,"href":"https:\/\/cosmoflag.com\/fr\/wp-json\/wp\/v2\/comments?post=2327"}],"wp:featuredmedia":[{"embeddable":true,"href":"https:\/\/cosmoflag.com\/fr\/wp-json\/wp\/v2\/media\/1117"}],"wp:attachment":[{"href":"https:\/\/cosmoflag.com\/fr\/wp-json\/wp\/v2\/media?parent=2327"}],"wp:term":[{"taxonomy":"product_brand","embeddable":true,"href":"https:\/\/cosmoflag.com\/fr\/wp-json\/wp\/v2\/product_brand?post=2327"},{"taxonomy":"product_cat","embeddable":true,"href":"https:\/\/cosmoflag.com\/fr\/wp-json\/wp\/v2\/product_cat?post=2327"},{"taxonomy":"product_tag","embeddable":true,"href":"https:\/\/cosmoflag.com\/fr\/wp-json\/wp\/v2\/product_tag?post=2327"}],"curies":[{"name":"wp","href":"https:\/\/api.w.org\/{rel}","templated":true}]}}