{"id":2322,"date":"2024-12-12T14:27:00","date_gmt":"2024-12-12T12:27:00","guid":{"rendered":"https:\/\/cosmoflag.com\/?post_type=product&#038;p=2322"},"modified":"2025-09-04T10:22:20","modified_gmt":"2025-09-04T08:22:20","slug":"drapeau-lesbien","status":"publish","type":"product","link":"https:\/\/cosmoflag.com\/fr\/produit\/drapeau-lesbien\/","title":{"rendered":"Drapeau lesbien"},"content":{"rendered":"<h3>Caract\u00e9ristiques du drapeau lesbien<\/h3>\n<p>Notre drapeau lesbien est fabriqu\u00e9 en polyester de haute qualit\u00e9, ce qui le rend id\u00e9al pour une utilisation durable, que ce soit \u00e0 l'int\u00e9rieur ou \u00e0 l'ext\u00e9rieur. Il est dot\u00e9 d'\u0153illets m\u00e9talliques pour une installation facile et une tenue garantie, m\u00eame dans des conditions m\u00e9t\u00e9orologiques d\u00e9favorables. Disponible en 90\u00d7150 cm pour une visibilit\u00e9 maximale, notre drapeau r\u00e9pond \u00e0 de nombreux besoins, que vous souhaitiez l'accrocher \u00e0 un poteau ou \u00e0 un mur.<\/p>\n<h3>Un symbole national charg\u00e9 d'histoire<\/h3>\n<p>Le drapeau lesbien comporte des bandes de couleurs allant de l'orange au violet, repr\u00e9sentant la diversit\u00e9 et l'unit\u00e9 de la communaut\u00e9 lesbienne. Chaque couleur porte une signification qui c\u00e9l\u00e8bre l'identit\u00e9 et la solidarit\u00e9 de la communaut\u00e9, refl\u00e9tant la richesse de la diversit\u00e9 lesbienne.<\/p>\n<h3>Utilisation polyvalente<\/h3>\n<p>Ce drapeau est id\u00e9al pour les c\u00e9l\u00e9brations de la fiert\u00e9 lesbienne, les \u00e9v\u00e9nements communautaires, les manifestations culturelles ou en tant qu'outil \u00e9ducatif. Sa conception durable et ses couleurs r\u00e9sistantes \u00e0 la d\u00e9coloration garantissent une repr\u00e9sentation fi\u00e8re et vibrante de la communaut\u00e9 lesbienne.<\/p>","protected":false},"excerpt":{"rendered":"<p>Drapeau de 150 x 90 cm avec 2 \u0153illets m\u00e9talliques robustes pour un accrochage s\u00fbr.<\/p>","protected":false},"featured_media":1204,"comment_status":"open","ping_status":"closed","template":"","meta":{"_gspb_post_css":"","iawp_total_views":29},"product_brand":[],"product_cat":[57],"product_tag":[],"class_list":{"0":"post-2322","1":"product","2":"type-product","3":"status-publish","4":"has-post-thumbnail","6":"product_cat-lgbt-flags","8":"first","9":"instock","10":"sale","11":"shipping-taxable","12":"purchasable","13":"product-type-simple"},"_links":{"self":[{"href":"https:\/\/cosmoflag.com\/fr\/wp-json\/wp\/v2\/product\/2322","targetHints":{"allow":["GET"]}}],"collection":[{"href":"https:\/\/cosmoflag.com\/fr\/wp-json\/wp\/v2\/product"}],"about":[{"href":"https:\/\/cosmoflag.com\/fr\/wp-json\/wp\/v2\/types\/product"}],"replies":[{"embeddable":true,"href":"https:\/\/cosmoflag.com\/fr\/wp-json\/wp\/v2\/comments?post=2322"}],"wp:featuredmedia":[{"embeddable":true,"href":"https:\/\/cosmoflag.com\/fr\/wp-json\/wp\/v2\/media\/1204"}],"wp:attachment":[{"href":"https:\/\/cosmoflag.com\/fr\/wp-json\/wp\/v2\/media?parent=2322"}],"wp:term":[{"taxonomy":"product_brand","embeddable":true,"href":"https:\/\/cosmoflag.com\/fr\/wp-json\/wp\/v2\/product_brand?post=2322"},{"taxonomy":"product_cat","embeddable":true,"href":"https:\/\/cosmoflag.com\/fr\/wp-json\/wp\/v2\/product_cat?post=2322"},{"taxonomy":"product_tag","embeddable":true,"href":"https:\/\/cosmoflag.com\/fr\/wp-json\/wp\/v2\/product_tag?post=2322"}],"curies":[{"name":"wp","href":"https:\/\/api.w.org\/{rel}","templated":true}]}}