{"id":2321,"date":"2024-12-12T14:22:00","date_gmt":"2024-12-12T12:22:00","guid":{"rendered":"https:\/\/cosmoflag.com\/?post_type=product&#038;p=2321"},"modified":"2025-08-12T21:23:44","modified_gmt":"2025-08-12T19:23:44","slug":"drapeau-progressiste-lgbt","status":"publish","type":"product","link":"https:\/\/cosmoflag.com\/fr\/produit\/drapeau-progressiste-lgbt\/","title":{"rendered":"Drapeau progressiste LGBT"},"content":{"rendered":"<h3>Caract\u00e9ristiques du drapeau progressiste LGBT<\/h3>\n<p>Notre drapeau LGBT progressiste est fabriqu\u00e9 en polyester de haute qualit\u00e9, ce qui le rend id\u00e9al pour une utilisation durable, tant \u00e0 l'int\u00e9rieur qu'\u00e0 l'ext\u00e9rieur. Il est dot\u00e9 d'\u0153illets m\u00e9talliques pour une installation facile et une tenue garantie, m\u00eame dans des conditions m\u00e9t\u00e9orologiques d\u00e9favorables. Disponible en 90\u00d7150 cm pour une visibilit\u00e9 maximale, notre drapeau r\u00e9pond \u00e0 de nombreux besoins, que vous souhaitiez l'afficher sur un m\u00e2t ou sur un mur.<\/p>\n<h3>Un symbole national charg\u00e9 d'histoire<\/h3>\n<p>Le drapeau progressiste LGBT s'inspire du drapeau arc-en-ciel traditionnel en incorporant des couleurs suppl\u00e9mentaires telles que le noir, le marron, le bleu, le rose et le blanc. Ces couleurs repr\u00e9sentent sp\u00e9cifiquement les communaut\u00e9s trans, noire et brune, et soulignent l'importance de l'inclusion et de la visibilit\u00e9 de tous les membres de la communaut\u00e9 LGBT. Ce drapeau souligne l'engagement permanent en faveur du progr\u00e8s et de l'\u00e9galit\u00e9.<\/p>\n<h3>Polyvalence d'utilisation<\/h3>\n<p>Id\u00e9al pour les d\u00e9fil\u00e9s des fiert\u00e9s, les manifestations, les \u00e9v\u00e9nements culturels ou pour sensibiliser \u00e0 la diversit\u00e9 et \u00e0 l'inclusion, le drapeau LGBT progressif convient \u00e0 toutes les occasions. Sa conception robuste et ses couleurs r\u00e9sistantes \u00e0 la d\u00e9coloration garantissent que le drapeau conserve sa signification et son impact visuel au fil du temps.<\/p>","protected":false},"excerpt":{"rendered":"<p>Drapeau de 150 x 90 cm avec 2 \u0153illets m\u00e9talliques robustes pour un accrochage s\u00fbr.<\/p>","protected":false},"featured_media":1212,"comment_status":"open","ping_status":"closed","template":"","meta":{"_gspb_post_css":"","iawp_total_views":51},"product_brand":[],"product_cat":[57],"product_tag":[],"class_list":{"0":"post-2321","1":"product","2":"type-product","3":"status-publish","4":"has-post-thumbnail","6":"product_cat-lgbt-flags","8":"first","9":"instock","10":"sale","11":"shipping-taxable","12":"purchasable","13":"product-type-simple"},"_links":{"self":[{"href":"https:\/\/cosmoflag.com\/fr\/wp-json\/wp\/v2\/product\/2321","targetHints":{"allow":["GET"]}}],"collection":[{"href":"https:\/\/cosmoflag.com\/fr\/wp-json\/wp\/v2\/product"}],"about":[{"href":"https:\/\/cosmoflag.com\/fr\/wp-json\/wp\/v2\/types\/product"}],"replies":[{"embeddable":true,"href":"https:\/\/cosmoflag.com\/fr\/wp-json\/wp\/v2\/comments?post=2321"}],"wp:featuredmedia":[{"embeddable":true,"href":"https:\/\/cosmoflag.com\/fr\/wp-json\/wp\/v2\/media\/1212"}],"wp:attachment":[{"href":"https:\/\/cosmoflag.com\/fr\/wp-json\/wp\/v2\/media?parent=2321"}],"wp:term":[{"taxonomy":"product_brand","embeddable":true,"href":"https:\/\/cosmoflag.com\/fr\/wp-json\/wp\/v2\/product_brand?post=2321"},{"taxonomy":"product_cat","embeddable":true,"href":"https:\/\/cosmoflag.com\/fr\/wp-json\/wp\/v2\/product_cat?post=2321"},{"taxonomy":"product_tag","embeddable":true,"href":"https:\/\/cosmoflag.com\/fr\/wp-json\/wp\/v2\/product_tag?post=2321"}],"curies":[{"name":"wp","href":"https:\/\/api.w.org\/{rel}","templated":true}]}}