{"id":2320,"date":"2024-12-12T14:17:00","date_gmt":"2024-12-12T12:17:00","guid":{"rendered":"https:\/\/cosmoflag.com\/?post_type=product&#038;p=2320"},"modified":"2025-08-12T21:23:45","modified_gmt":"2025-08-12T19:23:45","slug":"drapeau-arc-en-ciel-lgbt","status":"publish","type":"product","link":"https:\/\/cosmoflag.com\/fr\/produit\/drapeau-arc-en-ciel-lgbt\/","title":{"rendered":"Drapeau arc-en-ciel LGBT"},"content":{"rendered":"<h3>Caract\u00e9ristiques du drapeau arc-en-ciel LGBT<\/h3>\n<p>Notre drapeau arc-en-ciel LGBT est fabriqu\u00e9 en polyester de haute qualit\u00e9, ce qui le rend id\u00e9al pour une utilisation durable, que ce soit \u00e0 l'int\u00e9rieur ou \u00e0 l'ext\u00e9rieur. Il est dot\u00e9 d'\u0153illets m\u00e9talliques pour une installation facile et une tenue garantie, m\u00eame dans des conditions m\u00e9t\u00e9orologiques d\u00e9favorables. Disponible en 90\u00d7150 cm pour une visibilit\u00e9 maximale, notre drapeau r\u00e9pond \u00e0 de nombreux besoins, que vous souhaitiez l'afficher sur un m\u00e2t ou sur un mur.<\/p>\n<h3>Un symbole charg\u00e9 d'histoire<\/h3>\n<p>Le drapeau arc-en-ciel est le symbole universel de la communaut\u00e9 LGBTQ+. Cr\u00e9\u00e9 par Gilbert Baker en 1978, il comporte plusieurs bandes de couleurs diff\u00e9rentes, chacune ayant sa propre signification : le rouge pour la vie, l'orange pour la gu\u00e9rison, le jaune pour le soleil, le vert pour la nature, le bleu pour l'harmonie et le violet pour l'esprit. Ce drapeau c\u00e9l\u00e8bre la diversit\u00e9 et l'unit\u00e9 au sein de la communaut\u00e9.<\/p>\n<h3>Utilisation polyvalente<\/h3>\n<p>Que ce soit pour les d\u00e9fil\u00e9s de la fiert\u00e9, les \u00e9v\u00e9nements communautaires, les manifestations culturelles ou comme outil \u00e9ducatif sur la diversit\u00e9 et l'inclusion, le drapeau arc-en-ciel LGBT convient \u00e0 toutes les occasions. Sa conception robuste et ses couleurs r\u00e9sistantes \u00e0 la d\u00e9coloration garantissent que le drapeau conserve sa signification et son impact visuel au fil du temps.<\/p>","protected":false},"excerpt":{"rendered":"<p>Drapeau de 150 x 90 cm avec 2 \u0153illets m\u00e9talliques robustes pour un accrochage s\u00fbr.<\/p>","protected":false},"featured_media":1219,"comment_status":"open","ping_status":"closed","template":"","meta":{"_gspb_post_css":"","iawp_total_views":78},"product_brand":[],"product_cat":[57],"product_tag":[],"class_list":{"0":"post-2320","1":"product","2":"type-product","3":"status-publish","4":"has-post-thumbnail","6":"product_cat-lgbt-flags","8":"first","9":"instock","10":"sale","11":"shipping-taxable","12":"purchasable","13":"product-type-simple"},"_links":{"self":[{"href":"https:\/\/cosmoflag.com\/fr\/wp-json\/wp\/v2\/product\/2320","targetHints":{"allow":["GET"]}}],"collection":[{"href":"https:\/\/cosmoflag.com\/fr\/wp-json\/wp\/v2\/product"}],"about":[{"href":"https:\/\/cosmoflag.com\/fr\/wp-json\/wp\/v2\/types\/product"}],"replies":[{"embeddable":true,"href":"https:\/\/cosmoflag.com\/fr\/wp-json\/wp\/v2\/comments?post=2320"}],"wp:featuredmedia":[{"embeddable":true,"href":"https:\/\/cosmoflag.com\/fr\/wp-json\/wp\/v2\/media\/1219"}],"wp:attachment":[{"href":"https:\/\/cosmoflag.com\/fr\/wp-json\/wp\/v2\/media?parent=2320"}],"wp:term":[{"taxonomy":"product_brand","embeddable":true,"href":"https:\/\/cosmoflag.com\/fr\/wp-json\/wp\/v2\/product_brand?post=2320"},{"taxonomy":"product_cat","embeddable":true,"href":"https:\/\/cosmoflag.com\/fr\/wp-json\/wp\/v2\/product_cat?post=2320"},{"taxonomy":"product_tag","embeddable":true,"href":"https:\/\/cosmoflag.com\/fr\/wp-json\/wp\/v2\/product_tag?post=2320"}],"curies":[{"name":"wp","href":"https:\/\/api.w.org\/{rel}","templated":true}]}}