{"id":2318,"date":"2024-12-12T14:12:00","date_gmt":"2024-12-12T12:12:00","guid":{"rendered":"https:\/\/cosmoflag.com\/?post_type=product&#038;p=2318"},"modified":"2025-08-12T21:23:45","modified_gmt":"2025-08-12T19:23:45","slug":"drapeau-de-la-fierte-lgbt-philadelphie","status":"publish","type":"product","link":"https:\/\/cosmoflag.com\/fr\/produit\/drapeau-de-la-fierte-lgbt-philadelphie\/","title":{"rendered":"LGBT Drapeau de la fiert\u00e9 de Philadelphie"},"content":{"rendered":"<h3>Le drapeau de la fiert\u00e9 LGBT de Philadelphie pr\u00e9sente les caract\u00e9ristiques suivantes<\/h3>\n<p>Notre drapeau LGBT Philadelphia Pride est fabriqu\u00e9 en polyester de haute qualit\u00e9, ce qui le rend id\u00e9al pour une utilisation durable, que ce soit \u00e0 l'int\u00e9rieur ou \u00e0 l'ext\u00e9rieur. Il est dot\u00e9 d'\u0153illets m\u00e9talliques pour une installation facile et une tenue garantie, m\u00eame dans des conditions m\u00e9t\u00e9orologiques d\u00e9favorables. Disponible en 90\u00d7150 cm pour une visibilit\u00e9 maximale, notre drapeau r\u00e9pond \u00e0 de nombreux besoins, que vous souhaitiez l'afficher sur un m\u00e2t ou sur un mur.<\/p>\n<p><strong>Un symbole national charg\u00e9 d'histoire<\/strong><\/p>\n<p>Le drapeau LGBT Philadelphia Pride ajoute deux bandes, l'une noire et l'autre marron, aux six couleurs traditionnelles de l'arc-en-ciel du drapeau LGBTQ+ Pride. Ces ajouts ont \u00e9t\u00e9 faits pour souligner la diversit\u00e9 et l'inclusion, en particulier en ce qui concerne les personnes de couleur au sein de la communaut\u00e9 LGBTQ+. Cette version du drapeau a \u00e9t\u00e9 introduite en 2017 pour renforcer la visibilit\u00e9 des personnes LGBTQ+ noires et brunes, affirmant l'engagement de toutes les voix au sein de la communaut\u00e9.<\/p>\n<p><strong>Polyvalence d'utilisation<\/strong><\/p>\n<p>Id\u00e9al pour les d\u00e9fil\u00e9s de la fiert\u00e9, les manifestations, les \u00e9v\u00e9nements culturels ou comme outil \u00e9ducatif, le drapeau de la fiert\u00e9 de Philadelphie est un puissant symbole d'inclusion. Sa conception robuste et ses couleurs r\u00e9sistantes \u00e0 la d\u00e9coloration garantissent que le drapeau conserve son impact visuel et sa signification au fil du temps.<\/p>","protected":false},"excerpt":{"rendered":"<p>Drapeau de 150 x 90 cm avec 2 \u0153illets m\u00e9talliques robustes pour un accrochage s\u00fbr.<\/p>","protected":false},"featured_media":1206,"comment_status":"open","ping_status":"closed","template":"","meta":{"_gspb_post_css":"","iawp_total_views":12},"product_brand":[],"product_cat":[57],"product_tag":[],"class_list":{"0":"post-2318","1":"product","2":"type-product","3":"status-publish","4":"has-post-thumbnail","6":"product_cat-lgbt-flags","8":"first","9":"instock","10":"sale","11":"shipping-taxable","12":"purchasable","13":"product-type-simple"},"_links":{"self":[{"href":"https:\/\/cosmoflag.com\/fr\/wp-json\/wp\/v2\/product\/2318","targetHints":{"allow":["GET"]}}],"collection":[{"href":"https:\/\/cosmoflag.com\/fr\/wp-json\/wp\/v2\/product"}],"about":[{"href":"https:\/\/cosmoflag.com\/fr\/wp-json\/wp\/v2\/types\/product"}],"replies":[{"embeddable":true,"href":"https:\/\/cosmoflag.com\/fr\/wp-json\/wp\/v2\/comments?post=2318"}],"wp:featuredmedia":[{"embeddable":true,"href":"https:\/\/cosmoflag.com\/fr\/wp-json\/wp\/v2\/media\/1206"}],"wp:attachment":[{"href":"https:\/\/cosmoflag.com\/fr\/wp-json\/wp\/v2\/media?parent=2318"}],"wp:term":[{"taxonomy":"product_brand","embeddable":true,"href":"https:\/\/cosmoflag.com\/fr\/wp-json\/wp\/v2\/product_brand?post=2318"},{"taxonomy":"product_cat","embeddable":true,"href":"https:\/\/cosmoflag.com\/fr\/wp-json\/wp\/v2\/product_cat?post=2318"},{"taxonomy":"product_tag","embeddable":true,"href":"https:\/\/cosmoflag.com\/fr\/wp-json\/wp\/v2\/product_tag?post=2318"}],"curies":[{"name":"wp","href":"https:\/\/api.w.org\/{rel}","templated":true}]}}