{"id":2313,"date":"2024-12-12T13:49:00","date_gmt":"2024-12-12T11:49:00","guid":{"rendered":"https:\/\/cosmoflag.com\/?post_type=product&#038;p=2313"},"modified":"2026-01-12T00:18:30","modified_gmt":"2026-01-11T22:18:30","slug":"drapeau-transgenre","status":"publish","type":"product","link":"https:\/\/cosmoflag.com\/fr\/produit\/drapeau-transgenre\/","title":{"rendered":"Drapeau transgenre"},"content":{"rendered":"<h3>Caract\u00e9ristiques du drapeau transgenre<\/h3>\n<p>Notre drapeau transgenre est fabriqu\u00e9 en polyester de haute qualit\u00e9, ce qui le rend id\u00e9al pour une utilisation durable, que ce soit \u00e0 l'int\u00e9rieur ou \u00e0 l'ext\u00e9rieur. Il est dot\u00e9 d'\u0153illets m\u00e9talliques pour une installation facile et une tenue garantie, m\u00eame dans des conditions m\u00e9t\u00e9orologiques d\u00e9favorables. Disponible en 90\u00d7150 cm pour une visibilit\u00e9 maximale, notre drapeau r\u00e9pond \u00e0 de nombreux besoins, que vous souhaitiez l'accrocher \u00e0 un poteau ou \u00e0 un mur.<\/p>\n<h3>Un symbole national charg\u00e9 d'histoire<\/h3>\n<p>Le drapeau transgenre, con\u00e7u par Monica Helms en 1999, se compose de cinq bandes horizontales : deux bleues, deux roses et une blanche au centre. Les couleurs bleue et rose repr\u00e9sentent traditionnellement les gar\u00e7ons et les filles, tandis que le blanc symbolise les personnes non binaires, refl\u00e9tant ainsi la diversit\u00e9 des identit\u00e9s transgenres.<\/p>\n<h3>Polyvalence d'utilisation<\/h3>\n<p>Que ce soit pour les d\u00e9fil\u00e9s de la fiert\u00e9, les \u00e9v\u00e9nements communautaires, les manifestations culturelles ou comme outil \u00e9ducatif, le drapeau transgenre est un puissant symbole de visibilit\u00e9 et de fiert\u00e9. Sa conception robuste et ses couleurs r\u00e9sistantes \u00e0 la d\u00e9coloration garantissent que le drapeau conserve sa signification et son impact visuel au fil du temps.<\/p>","protected":false},"excerpt":{"rendered":"<p>Drapeau de 150 x 90 cm avec 2 \u0153illets m\u00e9talliques robustes pour un accrochage s\u00fbr.<\/p>","protected":false},"featured_media":1430,"comment_status":"open","ping_status":"closed","template":"","meta":{"_gspb_post_css":"","iawp_total_views":41},"product_brand":[],"product_cat":[57],"product_tag":[],"class_list":{"0":"post-2313","1":"product","2":"type-product","3":"status-publish","4":"has-post-thumbnail","6":"product_cat-lgbt-flags","8":"first","9":"instock","10":"sale","11":"shipping-taxable","12":"purchasable","13":"product-type-simple"},"_links":{"self":[{"href":"https:\/\/cosmoflag.com\/fr\/wp-json\/wp\/v2\/product\/2313","targetHints":{"allow":["GET"]}}],"collection":[{"href":"https:\/\/cosmoflag.com\/fr\/wp-json\/wp\/v2\/product"}],"about":[{"href":"https:\/\/cosmoflag.com\/fr\/wp-json\/wp\/v2\/types\/product"}],"replies":[{"embeddable":true,"href":"https:\/\/cosmoflag.com\/fr\/wp-json\/wp\/v2\/comments?post=2313"}],"wp:featuredmedia":[{"embeddable":true,"href":"https:\/\/cosmoflag.com\/fr\/wp-json\/wp\/v2\/media\/1430"}],"wp:attachment":[{"href":"https:\/\/cosmoflag.com\/fr\/wp-json\/wp\/v2\/media?parent=2313"}],"wp:term":[{"taxonomy":"product_brand","embeddable":true,"href":"https:\/\/cosmoflag.com\/fr\/wp-json\/wp\/v2\/product_brand?post=2313"},{"taxonomy":"product_cat","embeddable":true,"href":"https:\/\/cosmoflag.com\/fr\/wp-json\/wp\/v2\/product_cat?post=2313"},{"taxonomy":"product_tag","embeddable":true,"href":"https:\/\/cosmoflag.com\/fr\/wp-json\/wp\/v2\/product_tag?post=2313"}],"curies":[{"name":"wp","href":"https:\/\/api.w.org\/{rel}","templated":true}]}}