{"id":2312,"date":"2024-12-12T13:43:00","date_gmt":"2024-12-12T11:43:00","guid":{"rendered":"https:\/\/cosmoflag.com\/?post_type=product&#038;p=2312"},"modified":"2026-04-04T13:27:14","modified_gmt":"2026-04-04T11:27:14","slug":"drapeau-de-la-fierte-intersexe","status":"publish","type":"product","link":"https:\/\/cosmoflag.com\/fr\/produit\/drapeau-de-la-fierte-intersexe\/","title":{"rendered":"Drapeau de la fiert\u00e9 du progr\u00e8s intersexe"},"content":{"rendered":"<h3>Caract\u00e9ristiques du drapeau de la fiert\u00e9 du progr\u00e8s intersexe<\/h3>\n<p>Notre drapeau Intersex Progress Pride est fabriqu\u00e9 en polyester de haute qualit\u00e9, ce qui le rend id\u00e9al pour une utilisation durable, que ce soit \u00e0 l'int\u00e9rieur ou \u00e0 l'ext\u00e9rieur. Il est dot\u00e9 d'\u0153illets m\u00e9talliques pour une installation facile et une tenue garantie, m\u00eame dans des conditions m\u00e9t\u00e9orologiques d\u00e9favorables. Disponible en 90 x 150 cm pour une visibilit\u00e9 maximale, notre drapeau r\u00e9pond \u00e0 de nombreux besoins, que vous souhaitiez l'afficher sur un m\u00e2t ou sur un mur.<\/p>\n<h3>Un symbole national charg\u00e9 d'histoire<\/h3>\n<p>Le drapeau Intersex Progress Pride reprend le design du drapeau Progress Pride traditionnel en y ajoutant un cercle violet sur fond jaune dans la bande de la fl\u00e8che pointant vers la droite, symbolisant la communaut\u00e9 intersexe. Cette conception innovante souligne l'importance de l'inclusion et de la visibilit\u00e9 des personnes intersexu\u00e9es au sein de la communaut\u00e9 LGBTQ+. Le drapeau c\u00e9l\u00e8bre \u00e9galement les contributions et la r\u00e9silience des personnes transgenres, des personnes de couleur et des personnes intersexu\u00e9es.<\/p>\n<h3>Polyvalence d'utilisation<\/h3>\n<p>Parfait pour les d\u00e9fil\u00e9s de la fiert\u00e9, les \u00e9v\u00e9nements communautaires, les manifestations culturelles ou comme outil p\u00e9dagogique, ce drapeau est un puissant symbole d'inclusion. Sa conception robuste et ses couleurs r\u00e9sistantes \u00e0 la d\u00e9coloration garantissent que le drapeau conserve son impact visuel et sa signification au fil du temps.<\/p>","protected":false},"excerpt":{"rendered":"<p>Drapeau de 150 x 90 cm avec 2 \u0153illets m\u00e9talliques robustes pour un accrochage s\u00fbr.<\/p>","protected":false},"featured_media":1151,"comment_status":"open","ping_status":"closed","template":"","meta":{"_gspb_post_css":"","iawp_total_views":42},"product_brand":[],"product_cat":[57],"product_tag":[],"class_list":{"0":"post-2312","1":"product","2":"type-product","3":"status-publish","4":"has-post-thumbnail","6":"product_cat-lgbt-flags","8":"first","9":"instock","10":"sale","11":"shipping-taxable","12":"purchasable","13":"product-type-simple"},"_links":{"self":[{"href":"https:\/\/cosmoflag.com\/fr\/wp-json\/wp\/v2\/product\/2312","targetHints":{"allow":["GET"]}}],"collection":[{"href":"https:\/\/cosmoflag.com\/fr\/wp-json\/wp\/v2\/product"}],"about":[{"href":"https:\/\/cosmoflag.com\/fr\/wp-json\/wp\/v2\/types\/product"}],"replies":[{"embeddable":true,"href":"https:\/\/cosmoflag.com\/fr\/wp-json\/wp\/v2\/comments?post=2312"}],"wp:featuredmedia":[{"embeddable":true,"href":"https:\/\/cosmoflag.com\/fr\/wp-json\/wp\/v2\/media\/1151"}],"wp:attachment":[{"href":"https:\/\/cosmoflag.com\/fr\/wp-json\/wp\/v2\/media?parent=2312"}],"wp:term":[{"taxonomy":"product_brand","embeddable":true,"href":"https:\/\/cosmoflag.com\/fr\/wp-json\/wp\/v2\/product_brand?post=2312"},{"taxonomy":"product_cat","embeddable":true,"href":"https:\/\/cosmoflag.com\/fr\/wp-json\/wp\/v2\/product_cat?post=2312"},{"taxonomy":"product_tag","embeddable":true,"href":"https:\/\/cosmoflag.com\/fr\/wp-json\/wp\/v2\/product_tag?post=2312"}],"curies":[{"name":"wp","href":"https:\/\/api.w.org\/{rel}","templated":true}]}}