{"id":2311,"date":"2024-12-12T13:37:00","date_gmt":"2024-12-12T11:37:00","guid":{"rendered":"https:\/\/cosmoflag.com\/?post_type=product&#038;p=2311"},"modified":"2025-08-12T21:23:47","modified_gmt":"2025-08-12T19:23:47","slug":"drapeau-pansexuel","status":"publish","type":"product","link":"https:\/\/cosmoflag.com\/fr\/produit\/drapeau-pansexuel\/","title":{"rendered":"Drapeau pansexuel"},"content":{"rendered":"<h3>Caract\u00e9ristiques du drapeau pansexuel<\/h3>\n<p>Notre drapeau pansexuel est fabriqu\u00e9 en polyester de haute qualit\u00e9, ce qui le rend id\u00e9al pour une utilisation durable, que ce soit \u00e0 l'int\u00e9rieur ou \u00e0 l'ext\u00e9rieur. Il est dot\u00e9 d'\u0153illets m\u00e9talliques pour une installation facile et une tenue garantie, m\u00eame dans des conditions m\u00e9t\u00e9orologiques d\u00e9favorables. Disponible en 90 x 150 cm pour une visibilit\u00e9 maximale, notre drapeau r\u00e9pond \u00e0 de nombreux besoins, que vous souhaitiez l'afficher sur un m\u00e2t ou sur un mur.<\/p>\n<h3>Un symbole national charg\u00e9 d'histoire<\/h3>\n<p>Le drapeau pansexuel comporte trois bandes horizontales : rose, jaune et bleue. Le rose repr\u00e9sente l'attirance pour les personnes de sexe f\u00e9minin, le bleu l'attirance pour les personnes de sexe masculin et le jaune l'attirance pour les personnes de tous les sexes, soulignant ainsi la pansexualit\u00e9, c'est-\u00e0-dire l'attirance pour les personnes quel que soit leur sexe.<\/p>\n<h3>Utilisation polyvalente<\/h3>\n<p>Id\u00e9al pour les manifestations de fiert\u00e9, les rassemblements communautaires, les \u00e9v\u00e9nements culturels ou comme outil \u00e9ducatif sur la pansexualit\u00e9, le drapeau pansexuel est parfaitement adapt\u00e9 \u00e0 toutes ces occasions. Sa construction durable et ses couleurs vives en font un symbole de fiert\u00e9 et d'inclusion pour la communaut\u00e9 pansexuelle.<\/p>","protected":false},"excerpt":{"rendered":"<p>Drapeau de 150 x 90 cm avec 2 \u0153illets m\u00e9talliques robustes pour un accrochage s\u00fbr.<\/p>","protected":false},"featured_media":1314,"comment_status":"open","ping_status":"closed","template":"","meta":{"_gspb_post_css":"","iawp_total_views":12},"product_brand":[],"product_cat":[57],"product_tag":[],"class_list":{"0":"post-2311","1":"product","2":"type-product","3":"status-publish","4":"has-post-thumbnail","6":"product_cat-lgbt-flags","8":"first","9":"instock","10":"sale","11":"shipping-taxable","12":"purchasable","13":"product-type-simple"},"_links":{"self":[{"href":"https:\/\/cosmoflag.com\/fr\/wp-json\/wp\/v2\/product\/2311","targetHints":{"allow":["GET"]}}],"collection":[{"href":"https:\/\/cosmoflag.com\/fr\/wp-json\/wp\/v2\/product"}],"about":[{"href":"https:\/\/cosmoflag.com\/fr\/wp-json\/wp\/v2\/types\/product"}],"replies":[{"embeddable":true,"href":"https:\/\/cosmoflag.com\/fr\/wp-json\/wp\/v2\/comments?post=2311"}],"wp:featuredmedia":[{"embeddable":true,"href":"https:\/\/cosmoflag.com\/fr\/wp-json\/wp\/v2\/media\/1314"}],"wp:attachment":[{"href":"https:\/\/cosmoflag.com\/fr\/wp-json\/wp\/v2\/media?parent=2311"}],"wp:term":[{"taxonomy":"product_brand","embeddable":true,"href":"https:\/\/cosmoflag.com\/fr\/wp-json\/wp\/v2\/product_brand?post=2311"},{"taxonomy":"product_cat","embeddable":true,"href":"https:\/\/cosmoflag.com\/fr\/wp-json\/wp\/v2\/product_cat?post=2311"},{"taxonomy":"product_tag","embeddable":true,"href":"https:\/\/cosmoflag.com\/fr\/wp-json\/wp\/v2\/product_tag?post=2311"}],"curies":[{"name":"wp","href":"https:\/\/api.w.org\/{rel}","templated":true}]}}