{"id":2543,"date":"2024-12-20T14:06:00","date_gmt":"2024-12-20T12:06:00","guid":{"rendered":"https:\/\/cosmoflag.com\/?post_type=product&#038;p=2543"},"modified":"2025-08-12T21:18:42","modified_gmt":"2025-08-12T19:18:42","slug":"vihrea-lippu","status":"publish","type":"product","link":"https:\/\/cosmoflag.com\/fi\/tuote\/vihrea-lippu\/","title":{"rendered":"Vihre\u00e4 lippu"},"content":{"rendered":"<h3><strong>Vihre\u00e4n lipun ominaisuudet<\/strong><\/h3>\n<p>Vihre\u00e4 lippumme on valmistettu ensiluokkaisesta polyesterist\u00e4, joka takaa erinomaisen kest\u00e4vyyden pitk\u00e4aikaiseen k\u00e4ytt\u00f6\u00f6n sis\u00e4ll\u00e4 ja ulkona. Siin\u00e4 on metalliset l\u00e4piviennit helppoa asennusta ja turvallista pitoa varten my\u00f6s haastavissa s\u00e4\u00e4olosuhteissa. Mitoiltaan 90 x 150 cm\/35 x 59 tuumaa, t\u00e4m\u00e4 lippu takaa erinomaisen n\u00e4kyvyyden pylv\u00e4isiin, seinille tai tapahtumien ja juhlien aikana.<\/p>\n<h3><strong>Kasvun ja turvallisuuden symboli<\/strong><\/h3>\n<p>Vihre\u00e4 lippu yhdistet\u00e4\u00e4n usein kasvuun, harmoniaan ja uudistumiseen, mink\u00e4 vuoksi se on suosittu valinta ymp\u00e4rist\u00f6liikkeille ja kest\u00e4v\u00e4n kehityksen tapahtumille. Tietyiss\u00e4 yhteyksiss\u00e4 se symboloi my\u00f6s turvallisuutta, rauhaa ja lupaa. K\u00e4ytettiinp\u00e4 sit\u00e4 sitten tapahtumissa, merkinantotarkoituksessa tai koristeena, vihre\u00e4 lippu viestii yleismaailmallisesti positiivisuudesta ja huolenpidosta.<\/p>\n<h3><strong>Monipuolinen k\u00e4ytt\u00f6<\/strong><\/h3>\n<p>Vihre\u00e4 lippu sopii erinomaisesti ymp\u00e4rist\u00f6kampanjoihin, kulttuuritapahtumiin, opetusn\u00e4yt\u00f6ksiin tai henkil\u00f6kohtaisiin kokoelmiin, sill\u00e4 se edustaa mielekk\u00e4\u00e4sti luontoa ja hyvinvointia. Sen haalistumaton v\u00e4ri ja kest\u00e4v\u00e4 muotoilu takaavat, ett\u00e4 se s\u00e4ilyy elinvoimaisena ja vaikuttavana ajan my\u00f6t\u00e4.<\/p>","protected":false},"excerpt":{"rendered":"<p>150 x 90 cm:n kokoinen lippu, jossa on 2 tukevaa metallista l\u00e4pivienti\u00e4 turvallista ripustusta varten.<\/p>","protected":false},"featured_media":1580,"comment_status":"open","ping_status":"closed","template":"","meta":{"_gspb_post_css":"","iawp_total_views":35},"product_brand":[],"product_cat":[59],"product_tag":[],"class_list":{"0":"post-2543","1":"product","2":"type-product","3":"status-publish","4":"has-post-thumbnail","6":"product_cat-color-flags","8":"first","9":"instock","10":"sale","11":"shipping-taxable","12":"purchasable","13":"product-type-simple"},"_links":{"self":[{"href":"https:\/\/cosmoflag.com\/fi\/wp-json\/wp\/v2\/product\/2543","targetHints":{"allow":["GET"]}}],"collection":[{"href":"https:\/\/cosmoflag.com\/fi\/wp-json\/wp\/v2\/product"}],"about":[{"href":"https:\/\/cosmoflag.com\/fi\/wp-json\/wp\/v2\/types\/product"}],"replies":[{"embeddable":true,"href":"https:\/\/cosmoflag.com\/fi\/wp-json\/wp\/v2\/comments?post=2543"}],"wp:featuredmedia":[{"embeddable":true,"href":"https:\/\/cosmoflag.com\/fi\/wp-json\/wp\/v2\/media\/1580"}],"wp:attachment":[{"href":"https:\/\/cosmoflag.com\/fi\/wp-json\/wp\/v2\/media?parent=2543"}],"wp:term":[{"taxonomy":"product_brand","embeddable":true,"href":"https:\/\/cosmoflag.com\/fi\/wp-json\/wp\/v2\/product_brand?post=2543"},{"taxonomy":"product_cat","embeddable":true,"href":"https:\/\/cosmoflag.com\/fi\/wp-json\/wp\/v2\/product_cat?post=2543"},{"taxonomy":"product_tag","embeddable":true,"href":"https:\/\/cosmoflag.com\/fi\/wp-json\/wp\/v2\/product_tag?post=2543"}],"curies":[{"name":"wp","href":"https:\/\/api.w.org\/{rel}","templated":true}]}}