{"id":2541,"date":"2024-12-20T14:00:00","date_gmt":"2024-12-20T12:00:00","guid":{"rendered":"https:\/\/cosmoflag.com\/?post_type=product&#038;p=2541"},"modified":"2025-08-12T21:18:42","modified_gmt":"2025-08-12T19:18:42","slug":"oranssi-lippu","status":"publish","type":"product","link":"https:\/\/cosmoflag.com\/fi\/tuote\/oranssi-lippu\/","title":{"rendered":"Oranssi lippu"},"content":{"rendered":"<h3><strong>Oranssi lippu ominaisuudet<\/strong><\/h3>\n<p>Oranssi lippumme on valmistettu ensiluokkaisesta polyesterist\u00e4, joka takaa erinomaisen kest\u00e4vyyden pitk\u00e4aikaiseen k\u00e4ytt\u00f6\u00f6n sis\u00e4ll\u00e4 ja ulkona. Siin\u00e4 on metalliset l\u00e4piviennit, jotka helpottavat asennusta ja takaavat turvallisen pidon my\u00f6s haastavissa s\u00e4\u00e4olosuhteissa. Mitoiltaan 90 x 150 cm\/35 x 59 tuumaa, t\u00e4m\u00e4 lippu tarjoaa erinomaisen n\u00e4kyvyyden pylv\u00e4isiin, seinille tai tapahtumien ja juhlien aikana.<\/p>\n<h3><strong>Energian ja huomion symboli<\/strong><\/h3>\n<p>Oranssia lippua k\u00e4ytet\u00e4\u00e4n usein edustamaan innostusta, luovuutta ja l\u00e4mp\u00f6\u00e4. Tietyiss\u00e4 yhteyksiss\u00e4 se toimii merkkin\u00e4 rakennusvy\u00f6hykkeist\u00e4, varoituksista tai tiettyjen ryhmien tunnuksista. Sen elinvoimainen v\u00e4ri tekee siit\u00e4 silmiinpist\u00e4v\u00e4n valinnan sek\u00e4 toiminnallisiin ett\u00e4 koristeellisiin tarkoituksiin, ja se lis\u00e4\u00e4 energiaa ja huomiota mihin tahansa esillepanoon.<\/p>\n<h3><strong>Monipuolinen k\u00e4ytt\u00f6<\/strong><\/h3>\n<p>Oranssi lippu sopii erinomaisesti festivaaleille, varoitusmerkkeihin, kulttuuritapahtumiin tai henkil\u00f6kohtaisiin kokoelmiin, sill\u00e4 se edustaa monipuolisesti energiaa ja elinvoimaa. Sen haalistumaton v\u00e4ri ja vankka muotoilu takaavat, ett\u00e4 se pysyy vaikuttavana ja luotettavana ajan my\u00f6t\u00e4.<\/p>","protected":false},"excerpt":{"rendered":"<p>150 x 90 cm:n kokoinen lippu, jossa on 2 tukevaa metallista l\u00e4pivienti\u00e4 turvallista ripustusta varten.<\/p>","protected":false},"featured_media":1625,"comment_status":"open","ping_status":"closed","template":"","meta":{"_gspb_post_css":"","iawp_total_views":40},"product_brand":[],"product_cat":[59],"product_tag":[],"class_list":{"0":"post-2541","1":"product","2":"type-product","3":"status-publish","4":"has-post-thumbnail","6":"product_cat-color-flags","8":"first","9":"instock","10":"sale","11":"shipping-taxable","12":"purchasable","13":"product-type-simple"},"_links":{"self":[{"href":"https:\/\/cosmoflag.com\/fi\/wp-json\/wp\/v2\/product\/2541","targetHints":{"allow":["GET"]}}],"collection":[{"href":"https:\/\/cosmoflag.com\/fi\/wp-json\/wp\/v2\/product"}],"about":[{"href":"https:\/\/cosmoflag.com\/fi\/wp-json\/wp\/v2\/types\/product"}],"replies":[{"embeddable":true,"href":"https:\/\/cosmoflag.com\/fi\/wp-json\/wp\/v2\/comments?post=2541"}],"wp:featuredmedia":[{"embeddable":true,"href":"https:\/\/cosmoflag.com\/fi\/wp-json\/wp\/v2\/media\/1625"}],"wp:attachment":[{"href":"https:\/\/cosmoflag.com\/fi\/wp-json\/wp\/v2\/media?parent=2541"}],"wp:term":[{"taxonomy":"product_brand","embeddable":true,"href":"https:\/\/cosmoflag.com\/fi\/wp-json\/wp\/v2\/product_brand?post=2541"},{"taxonomy":"product_cat","embeddable":true,"href":"https:\/\/cosmoflag.com\/fi\/wp-json\/wp\/v2\/product_cat?post=2541"},{"taxonomy":"product_tag","embeddable":true,"href":"https:\/\/cosmoflag.com\/fi\/wp-json\/wp\/v2\/product_tag?post=2541"}],"curies":[{"name":"wp","href":"https:\/\/api.w.org\/{rel}","templated":true}]}}