{"id":2540,"date":"2024-12-20T13:57:00","date_gmt":"2024-12-20T11:57:00","guid":{"rendered":"https:\/\/cosmoflag.com\/?post_type=product&#038;p=2540"},"modified":"2025-08-12T21:18:43","modified_gmt":"2025-08-12T19:18:43","slug":"violetti-lippu","status":"publish","type":"product","link":"https:\/\/cosmoflag.com\/fi\/tuote\/violetti-lippu\/","title":{"rendered":"Violetti lippu"},"content":{"rendered":"<h3><strong>Purppuralippu ominaisuudet<\/strong><\/h3>\n<p>Violetti lippumme on valmistettu korkealaatuisesta polyesterist\u00e4, joka takaa erinomaisen kest\u00e4vyyden pitk\u00e4aikaiseen k\u00e4ytt\u00f6\u00f6n sis\u00e4ll\u00e4 ja ulkona. Siin\u00e4 on metalliset l\u00e4piviennit helppoa asennusta ja turvallista pitoa varten my\u00f6s haastavissa s\u00e4\u00e4olosuhteissa. Mitoiltaan 90 x 150 cm\/35 x 59 tuumaa, t\u00e4m\u00e4 lippu takaa erinomaisen n\u00e4kyvyyden pylv\u00e4isiin, seinille tai tapahtumien ja juhlien aikana.<\/p>\n<h3><strong>Kuninkaallisuuden ja yksil\u00f6llisyyden symboli<\/strong><\/h3>\n<p>Purppuranpunainen lippu yhdistet\u00e4\u00e4n usein kuninkaallisuuteen, ylellisyyteen ja kunnianhimoon, koska se on historiallisesti ollut aateliston v\u00e4ri. Se voi my\u00f6s symboloida luovuutta, yksil\u00f6llisyytt\u00e4 ja henkisyytt\u00e4. K\u00e4ytettiinp\u00e4 sit\u00e4 sitten henkil\u00f6kohtaisissa tilaisuuksissa, taiteellisissa n\u00e4yt\u00f6ksiss\u00e4 tai koristeellisissa asetelmissa, violetti lippu lis\u00e4\u00e4 ainutlaatuisuutta ja eleganssia.<\/p>\n<h3><strong>Monipuolinen k\u00e4ytt\u00f6<\/strong><\/h3>\n<p>Violetti lippu sopii t\u00e4ydellisesti taidetapahtumiin, kulttuurijuhliin, opetusn\u00e4yt\u00f6ksiin tai henkil\u00f6kohtaisiin kokoelmiin, ja se edustaa luovuutta ja perint\u00f6\u00e4. Sen haalistumaton v\u00e4ri ja kest\u00e4v\u00e4 muotoilu takaavat, ett\u00e4 se pysyy elinvoimaisena ja vaikuttavana ajan my\u00f6t\u00e4.<\/p>","protected":false},"excerpt":{"rendered":"<p>150 x 90 cm:n kokoinen lippu, jossa on 2 tukevaa metallista l\u00e4pivienti\u00e4 turvallista ripustusta varten.<\/p>","protected":false},"featured_media":1631,"comment_status":"open","ping_status":"closed","template":"","meta":{"_gspb_post_css":"","iawp_total_views":38},"product_brand":[],"product_cat":[59],"product_tag":[],"class_list":{"0":"post-2540","1":"product","2":"type-product","3":"status-publish","4":"has-post-thumbnail","6":"product_cat-color-flags","8":"first","9":"instock","10":"sale","11":"shipping-taxable","12":"purchasable","13":"product-type-simple"},"_links":{"self":[{"href":"https:\/\/cosmoflag.com\/fi\/wp-json\/wp\/v2\/product\/2540","targetHints":{"allow":["GET"]}}],"collection":[{"href":"https:\/\/cosmoflag.com\/fi\/wp-json\/wp\/v2\/product"}],"about":[{"href":"https:\/\/cosmoflag.com\/fi\/wp-json\/wp\/v2\/types\/product"}],"replies":[{"embeddable":true,"href":"https:\/\/cosmoflag.com\/fi\/wp-json\/wp\/v2\/comments?post=2540"}],"wp:featuredmedia":[{"embeddable":true,"href":"https:\/\/cosmoflag.com\/fi\/wp-json\/wp\/v2\/media\/1631"}],"wp:attachment":[{"href":"https:\/\/cosmoflag.com\/fi\/wp-json\/wp\/v2\/media?parent=2540"}],"wp:term":[{"taxonomy":"product_brand","embeddable":true,"href":"https:\/\/cosmoflag.com\/fi\/wp-json\/wp\/v2\/product_brand?post=2540"},{"taxonomy":"product_cat","embeddable":true,"href":"https:\/\/cosmoflag.com\/fi\/wp-json\/wp\/v2\/product_cat?post=2540"},{"taxonomy":"product_tag","embeddable":true,"href":"https:\/\/cosmoflag.com\/fi\/wp-json\/wp\/v2\/product_tag?post=2540"}],"curies":[{"name":"wp","href":"https:\/\/api.w.org\/{rel}","templated":true}]}}