{"id":2538,"date":"2024-12-20T13:54:00","date_gmt":"2024-12-20T11:54:00","guid":{"rendered":"https:\/\/cosmoflag.com\/?post_type=product&#038;p=2538"},"modified":"2025-08-12T21:18:43","modified_gmt":"2025-08-12T19:18:43","slug":"punainen-lippu","status":"publish","type":"product","link":"https:\/\/cosmoflag.com\/fi\/tuote\/punainen-lippu\/","title":{"rendered":"Punainen lippu"},"content":{"rendered":"<h3><strong>Punaisen lipun ominaisuudet<\/strong><\/h3>\n<p>Punainen lippumme on valmistettu ensiluokkaisesta polyesterist\u00e4, joka takaa erinomaisen kest\u00e4vyyden pitk\u00e4aikaiseen k\u00e4ytt\u00f6\u00f6n sis\u00e4ll\u00e4 ja ulkona. Siin\u00e4 on metalliset l\u00e4piviennit, jotka helpottavat asennusta ja takaavat turvallisen pidon my\u00f6s haastavissa s\u00e4\u00e4olosuhteissa. Mitoiltaan 90 x 150 cm\/35 x 59 tuumaa, t\u00e4m\u00e4 lippu tarjoaa erinomaisen n\u00e4kyvyyden pylv\u00e4isiin, seinille tai tapahtumien ja mielenosoitusten aikana.<\/p>\n<h3><strong>Rohkeuden ja varoituksen symboli<\/strong><\/h3>\n<p>Punaisella lipulla on useita historiallisia ja nykyaikaisia merkityksi\u00e4. Perinteisesti sit\u00e4 on k\u00e4ytetty vallankumouksen, uhman tai protestin symbolina, mutta se toimii my\u00f6s vaaran, varoituksen tai kiellon merkkin\u00e4 merenkulussa ja muissa yhteyksiss\u00e4. Olipa kyseess\u00e4 rohkea kannanotto tai toiminnallinen merkki, punaisella lipulla on vahva visuaalinen vaikutus ja merkitys.<\/p>\n<h3><strong>Monipuolinen k\u00e4ytt\u00f6<\/strong><\/h3>\n<p>Punainen lippu sopii erinomaisesti mielenosoituksiin, vallankumouksellisiin tapahtumiin, urheilusignaaleihin tai osana kokoelmaa, sill\u00e4 se edustaa rohkeutta, valppautta tai kehotusta toimintaan. Sen haalistumaton v\u00e4ri ja kest\u00e4v\u00e4 muotoilu takaavat, ett\u00e4 se pysyy elinvoimaisena ja vaikuttavana ajan my\u00f6t\u00e4.<\/p>","protected":false},"excerpt":{"rendered":"<p>150 x 90 cm:n kokoinen lippu, jossa on 2 tukevaa metallista l\u00e4pivienti\u00e4 turvallista ripustusta varten.<\/p>","protected":false},"featured_media":1645,"comment_status":"open","ping_status":"closed","template":"","meta":{"_gspb_post_css":"","iawp_total_views":50},"product_brand":[],"product_cat":[59],"product_tag":[],"class_list":{"0":"post-2538","1":"product","2":"type-product","3":"status-publish","4":"has-post-thumbnail","6":"product_cat-color-flags","8":"first","9":"instock","10":"sale","11":"shipping-taxable","12":"purchasable","13":"product-type-simple"},"_links":{"self":[{"href":"https:\/\/cosmoflag.com\/fi\/wp-json\/wp\/v2\/product\/2538","targetHints":{"allow":["GET"]}}],"collection":[{"href":"https:\/\/cosmoflag.com\/fi\/wp-json\/wp\/v2\/product"}],"about":[{"href":"https:\/\/cosmoflag.com\/fi\/wp-json\/wp\/v2\/types\/product"}],"replies":[{"embeddable":true,"href":"https:\/\/cosmoflag.com\/fi\/wp-json\/wp\/v2\/comments?post=2538"}],"wp:featuredmedia":[{"embeddable":true,"href":"https:\/\/cosmoflag.com\/fi\/wp-json\/wp\/v2\/media\/1645"}],"wp:attachment":[{"href":"https:\/\/cosmoflag.com\/fi\/wp-json\/wp\/v2\/media?parent=2538"}],"wp:term":[{"taxonomy":"product_brand","embeddable":true,"href":"https:\/\/cosmoflag.com\/fi\/wp-json\/wp\/v2\/product_brand?post=2538"},{"taxonomy":"product_cat","embeddable":true,"href":"https:\/\/cosmoflag.com\/fi\/wp-json\/wp\/v2\/product_cat?post=2538"},{"taxonomy":"product_tag","embeddable":true,"href":"https:\/\/cosmoflag.com\/fi\/wp-json\/wp\/v2\/product_tag?post=2538"}],"curies":[{"name":"wp","href":"https:\/\/api.w.org\/{rel}","templated":true}]}}