{"id":2537,"date":"2024-12-20T13:52:00","date_gmt":"2024-12-20T11:52:00","guid":{"rendered":"https:\/\/cosmoflag.com\/?post_type=product&#038;p=2537"},"modified":"2026-05-03T15:37:13","modified_gmt":"2026-05-03T13:37:13","slug":"valkoinen-lippu","status":"publish","type":"product","link":"https:\/\/cosmoflag.com\/fi\/tuote\/valkoinen-lippu\/","title":{"rendered":"Valkoinen lippu"},"content":{"rendered":"<h3><strong>Valkoisen lipun ominaisuudet<\/strong><\/h3>\n<p>Valkoinen lippumme on valmistettu ensiluokkaisesta polyesterist\u00e4, joka takaa erinomaisen kest\u00e4vyyden pitk\u00e4aikaiseen k\u00e4ytt\u00f6\u00f6n sis\u00e4ll\u00e4 ja ulkona. Siin\u00e4 on metalliset l\u00e4piviennit, jotka helpottavat asennusta ja takaavat turvallisen pidon my\u00f6s haastavissa s\u00e4\u00e4olosuhteissa. Mitoiltaan 90 x 150 cm\/35 x 59 tuumaa, t\u00e4m\u00e4 lippu takaa erinomaisen n\u00e4kyvyyden pylv\u00e4isiin, seinille tai tapahtumien ja esittelyjen aikana.<\/p>\n<h3><strong>Universaali rauhan ja antautumisen symboli<\/strong><\/h3>\n<p>Valkoinen lippu on maailmanlaajuisesti tunnustettu rauhan, aselevon tai antautumisen symboli. Historiallisesti sit\u00e4 on k\u00e4ytetty taistelussa merkiksi konfliktin p\u00e4\u00e4ttymisest\u00e4 tai neuvottelupyynn\u00f6st\u00e4, ja se on voimakas v\u00e4kivallattomuuden ja keskin\u00e4isen ymm\u00e4rryksen symboli. Nyky\u00e4\u00e4n se edustaa my\u00f6s puolueettomuutta tai pyrkimyst\u00e4 sopusointuun monissa eri tilanteissa.<\/p>\n<h3><strong>Monipuolinen k\u00e4ytt\u00f6<\/strong><\/h3>\n<p>Valkoinen lippu sopii erinomaisesti historiallisiin n\u00e4yt\u00f6ksiin, rauhanmielenosoituksiin, opetusn\u00e4yt\u00f6ksiin tai henkil\u00f6kohtaisiin kokoelmiin, sill\u00e4 se edustaa mielekk\u00e4\u00e4sti yhten\u00e4isyytt\u00e4 ja ymm\u00e4rryst\u00e4. Sen haalistumaton v\u00e4ri ja vankka muotoilu takaavat, ett\u00e4 se pysyy puhtaana ja vaikuttavana ajan my\u00f6t\u00e4.<\/p>","protected":false},"excerpt":{"rendered":"<p>150 x 90 cm:n kokoinen lippu, jossa on 2 tukevaa metallista l\u00e4pivienti\u00e4 turvallista ripustusta varten.<\/p>","protected":false},"featured_media":1768,"comment_status":"open","ping_status":"closed","template":"","meta":{"_gspb_post_css":"","iawp_total_views":106},"product_brand":[],"product_cat":[59],"product_tag":[],"class_list":{"0":"post-2537","1":"product","2":"type-product","3":"status-publish","4":"has-post-thumbnail","6":"product_cat-color-flags","8":"first","9":"instock","10":"sale","11":"shipping-taxable","12":"purchasable","13":"product-type-simple"},"_links":{"self":[{"href":"https:\/\/cosmoflag.com\/fi\/wp-json\/wp\/v2\/product\/2537","targetHints":{"allow":["GET"]}}],"collection":[{"href":"https:\/\/cosmoflag.com\/fi\/wp-json\/wp\/v2\/product"}],"about":[{"href":"https:\/\/cosmoflag.com\/fi\/wp-json\/wp\/v2\/types\/product"}],"replies":[{"embeddable":true,"href":"https:\/\/cosmoflag.com\/fi\/wp-json\/wp\/v2\/comments?post=2537"}],"wp:featuredmedia":[{"embeddable":true,"href":"https:\/\/cosmoflag.com\/fi\/wp-json\/wp\/v2\/media\/1768"}],"wp:attachment":[{"href":"https:\/\/cosmoflag.com\/fi\/wp-json\/wp\/v2\/media?parent=2537"}],"wp:term":[{"taxonomy":"product_brand","embeddable":true,"href":"https:\/\/cosmoflag.com\/fi\/wp-json\/wp\/v2\/product_brand?post=2537"},{"taxonomy":"product_cat","embeddable":true,"href":"https:\/\/cosmoflag.com\/fi\/wp-json\/wp\/v2\/product_cat?post=2537"},{"taxonomy":"product_tag","embeddable":true,"href":"https:\/\/cosmoflag.com\/fi\/wp-json\/wp\/v2\/product_tag?post=2537"}],"curies":[{"name":"wp","href":"https:\/\/api.w.org\/{rel}","templated":true}]}}