{"id":2536,"date":"2024-12-20T13:47:00","date_gmt":"2024-12-20T11:47:00","guid":{"rendered":"https:\/\/cosmoflag.com\/?post_type=product&#038;p=2536"},"modified":"2025-08-12T21:18:44","modified_gmt":"2025-08-12T19:18:44","slug":"keltainen-lippu","status":"publish","type":"product","link":"https:\/\/cosmoflag.com\/fi\/tuote\/keltainen-lippu\/","title":{"rendered":"Keltainen lippu"},"content":{"rendered":"<h3><strong>Keltaisen lipun ominaisuudet<\/strong><\/h3>\n<p>Keltainen lippumme on valmistettu ensiluokkaisesta polyesterist\u00e4, joka takaa erinomaisen kest\u00e4vyyden ja pitk\u00e4aikaisen k\u00e4yt\u00f6n sek\u00e4 sis\u00e4ll\u00e4 ett\u00e4 ulkona. Siin\u00e4 on metalliset l\u00e4piviennit, jotka helpottavat asennusta ja takaavat turvallisen pidon my\u00f6s haastavissa s\u00e4\u00e4olosuhteissa. Mitoiltaan 90 x 150 cm\/35 x 59 tuumaa, t\u00e4m\u00e4 lippu tarjoaa erinomaisen n\u00e4kyvyyden monenlaiseen k\u00e4ytt\u00f6\u00f6n.<\/p>\n<h3><strong>Positiivisuuden ja viestinn\u00e4n symboli<\/strong><\/h3>\n<p>Keltaisella lipulla on useita merkityksi\u00e4 asiayhteydest\u00e4 riippuen. Sit\u00e4 k\u00e4ytet\u00e4\u00e4n usein merenkulun viestinn\u00e4ss\u00e4 merkkin\u00e4 \"karanteenista\" tai merkkin\u00e4 Q-kirjaimesta kansainv\u00e4lisess\u00e4 signaalikoodissa. Maalla se voi symboloida varovaisuutta, varoitusta tai jopa positiivisuutta ja optimismia juhlissa. T\u00e4m\u00e4 monipuolinen lippu sopii monenlaisiin k\u00e4ytt\u00f6tarkoituksiin.<\/p>\n<h3><strong>Monipuolinen k\u00e4ytt\u00f6<\/strong><\/h3>\n<p>Keltainen lippu sopii erinomaisesti merenkulun merkinantoon, urheilutapahtumiin, juhliin tai osana kokoelmaa, ja se on k\u00e4yt\u00e4nn\u00f6llinen ja merkityksellinen v\u00e4line viestint\u00e4\u00e4n tai koristeluun. Sen haalistumaton v\u00e4ri ja kest\u00e4v\u00e4 muotoilu takaavat, ett\u00e4 se s\u00e4ilyy elinvoimaisena ja vaikuttavana ajan my\u00f6t\u00e4.<\/p>","protected":false},"excerpt":{"rendered":"<p>150 x 90 cm:n kokoinen lippu, jossa on 2 tukevaa metallista l\u00e4pivienti\u00e4 turvallista ripustusta varten.<\/p>","protected":false},"featured_media":1775,"comment_status":"open","ping_status":"closed","template":"","meta":{"_gspb_post_css":"","iawp_total_views":8},"product_brand":[],"product_cat":[59],"product_tag":[],"class_list":{"0":"post-2536","1":"product","2":"type-product","3":"status-publish","4":"has-post-thumbnail","6":"product_cat-color-flags","8":"first","9":"instock","10":"sale","11":"shipping-taxable","12":"purchasable","13":"product-type-simple"},"_links":{"self":[{"href":"https:\/\/cosmoflag.com\/fi\/wp-json\/wp\/v2\/product\/2536","targetHints":{"allow":["GET"]}}],"collection":[{"href":"https:\/\/cosmoflag.com\/fi\/wp-json\/wp\/v2\/product"}],"about":[{"href":"https:\/\/cosmoflag.com\/fi\/wp-json\/wp\/v2\/types\/product"}],"replies":[{"embeddable":true,"href":"https:\/\/cosmoflag.com\/fi\/wp-json\/wp\/v2\/comments?post=2536"}],"wp:featuredmedia":[{"embeddable":true,"href":"https:\/\/cosmoflag.com\/fi\/wp-json\/wp\/v2\/media\/1775"}],"wp:attachment":[{"href":"https:\/\/cosmoflag.com\/fi\/wp-json\/wp\/v2\/media?parent=2536"}],"wp:term":[{"taxonomy":"product_brand","embeddable":true,"href":"https:\/\/cosmoflag.com\/fi\/wp-json\/wp\/v2\/product_brand?post=2536"},{"taxonomy":"product_cat","embeddable":true,"href":"https:\/\/cosmoflag.com\/fi\/wp-json\/wp\/v2\/product_cat?post=2536"},{"taxonomy":"product_tag","embeddable":true,"href":"https:\/\/cosmoflag.com\/fi\/wp-json\/wp\/v2\/product_tag?post=2536"}],"curies":[{"name":"wp","href":"https:\/\/api.w.org\/{rel}","templated":true}]}}