{"id":2533,"date":"2024-12-20T12:42:00","date_gmt":"2024-12-20T10:42:00","guid":{"rendered":"https:\/\/cosmoflag.com\/?post_type=product&#038;p=2533"},"modified":"2025-08-12T21:18:45","modified_gmt":"2025-08-12T19:18:45","slug":"tsekki-lippu","status":"publish","type":"product","link":"https:\/\/cosmoflag.com\/fi\/tuote\/tsekki-lippu\/","title":{"rendered":"T\u0161ekin tasavallan lippu"},"content":{"rendered":"<h3><strong>T\u0161ekin tasavallan lipun ominaisuudet<\/strong><\/h3>\n<p>T\u0161ekki lippumme on valmistettu korkealaatuisesta polyesterist\u00e4, joka takaa erinomaisen kest\u00e4vyyden pitk\u00e4aikaiseen k\u00e4ytt\u00f6\u00f6n sis\u00e4ll\u00e4 ja ulkona. Siin\u00e4 on metalliset l\u00e4piviennit, jotka helpottavat asennusta ja takaavat turvallisen pidon my\u00f6s haastavissa s\u00e4\u00e4olosuhteissa. Mitoiltaan 90 x 150 cm\/35 x 59 tuumaa, t\u00e4m\u00e4 lippu takaa erinomaisen n\u00e4kyvyyden pylv\u00e4isiin, seinille tai kansallisten juhlien ja tapahtumien aikana.<\/p>\n<h3><strong>Itsen\u00e4isyyden ja ylpeyden symboli<\/strong><\/h3>\n<p>T\u0161ekin tasavallan lipussa, joka hyv\u00e4ksyttiin virallisesti vuonna 1920, on kaksi valkoista ja punaista vaakaraitaa, jotka edustavat B\u00f6\u00f6min ja M\u00e4\u00e4riin kuuluvia historiallisia alueita, kun taas nostopuolella oleva sininen kolmio edustaa Slovakiaa ja entisen T\u0161ekkoslovakian yhten\u00e4isyytt\u00e4. T\u00e4m\u00e4 minimalistinen mutta merkityksellinen muotoilu kuvastaa T\u0161ekin tasavallan historiaa ja sen sitkeytt\u00e4 itsen\u00e4isen\u00e4 kansakuntana.<\/p>\n<h3><strong>Monipuolinen k\u00e4ytt\u00f6<\/strong><\/h3>\n<p>T\u0161ekin tasavalta -lippu sopii erinomaisesti kansallisiin juhliin, kulttuuritapahtumiin, opetusn\u00e4yt\u00f6ksiin tai henkil\u00f6kohtaisiin kokoelmiin, sill\u00e4 se edustaa maan identiteetti\u00e4 ja historiaa. Sen haalistumisen kest\u00e4v\u00e4t v\u00e4rit ja vankka muotoilu takaavat, ett\u00e4 se pysyy elinvoimaisena ja vaikuttavana ajan my\u00f6t\u00e4.<\/p>","protected":false},"excerpt":{"rendered":"<p>150 x 90 cm:n kokoinen lippu, jossa on 2 tukevaa metallista l\u00e4pivienti\u00e4 turvallista ripustusta varten.<\/p>","protected":false},"featured_media":1076,"comment_status":"open","ping_status":"closed","template":"","meta":{"_gspb_post_css":"","iawp_total_views":18},"product_brand":[],"product_cat":[65,58],"product_tag":[],"class_list":{"0":"post-2533","1":"product","2":"type-product","3":"status-publish","4":"has-post-thumbnail","6":"product_cat-europe-flags","7":"product_cat-country-flags","9":"first","10":"instock","11":"sale","12":"shipping-taxable","13":"purchasable","14":"product-type-simple"},"_links":{"self":[{"href":"https:\/\/cosmoflag.com\/fi\/wp-json\/wp\/v2\/product\/2533","targetHints":{"allow":["GET"]}}],"collection":[{"href":"https:\/\/cosmoflag.com\/fi\/wp-json\/wp\/v2\/product"}],"about":[{"href":"https:\/\/cosmoflag.com\/fi\/wp-json\/wp\/v2\/types\/product"}],"replies":[{"embeddable":true,"href":"https:\/\/cosmoflag.com\/fi\/wp-json\/wp\/v2\/comments?post=2533"}],"wp:featuredmedia":[{"embeddable":true,"href":"https:\/\/cosmoflag.com\/fi\/wp-json\/wp\/v2\/media\/1076"}],"wp:attachment":[{"href":"https:\/\/cosmoflag.com\/fi\/wp-json\/wp\/v2\/media?parent=2533"}],"wp:term":[{"taxonomy":"product_brand","embeddable":true,"href":"https:\/\/cosmoflag.com\/fi\/wp-json\/wp\/v2\/product_brand?post=2533"},{"taxonomy":"product_cat","embeddable":true,"href":"https:\/\/cosmoflag.com\/fi\/wp-json\/wp\/v2\/product_cat?post=2533"},{"taxonomy":"product_tag","embeddable":true,"href":"https:\/\/cosmoflag.com\/fi\/wp-json\/wp\/v2\/product_tag?post=2533"}],"curies":[{"name":"wp","href":"https:\/\/api.w.org\/{rel}","templated":true}]}}