{"id":2532,"date":"2024-12-20T12:40:00","date_gmt":"2024-12-20T10:40:00","guid":{"rendered":"https:\/\/cosmoflag.com\/?post_type=product&#038;p=2532"},"modified":"2025-08-12T21:18:45","modified_gmt":"2025-08-12T19:18:45","slug":"dominikaaninen-tasavalta-lippu","status":"publish","type":"product","link":"https:\/\/cosmoflag.com\/fi\/tuote\/dominikaaninen-tasavalta-lippu\/","title":{"rendered":"Dominikaanisen tasavallan lippu"},"content":{"rendered":"<h3><strong>Dominikaanisen tasavallan lipun ominaisuudet<\/strong><\/h3>\n<p>Dominikaaninen tasavalta lippumme on valmistettu korkealaatuisesta polyesterist\u00e4, joka takaa erinomaisen kest\u00e4vyyden pitk\u00e4aikaiseen k\u00e4ytt\u00f6\u00f6n sis\u00e4ll\u00e4 ja ulkona. Siin\u00e4 on metalliset l\u00e4piviennit helppoa asennusta ja turvallista pitoa varten my\u00f6s haastavissa s\u00e4\u00e4olosuhteissa. Mitoiltaan 90 x 150 cm\/35 x 59 tuumaa, t\u00e4m\u00e4 lippu tarjoaa erinomaisen n\u00e4kyvyyden pylv\u00e4isiin, seinille tai kansallisten juhlien aikana.<\/p>\n<h3><strong>Uskon ja vapauden symboli<\/strong><\/h3>\n<p>Dominikaanisen tasavallan lipussa, joka hyv\u00e4ksyttiin virallisesti vuonna 1844, on rohkea risti, joka jakaa lipun nelj\u00e4\u00e4n suorakulmioon: kaksi sinist\u00e4 vapauden, kaksi punaista kansan uhrausten ja valkoinen risti, joka symboloi pelastusta. Keskell\u00e4 on kansallisvaakuna, johon kuuluu Raamattu ja banderolli, jossa lukee \"Dios, Patria, Libertad\" (Jumala, is\u00e4nmaa, vapaus), joka kiteytt\u00e4\u00e4 Dominikaanisen kansan keskeiset arvot.<\/p>\n<h3><strong>Monipuolinen k\u00e4ytt\u00f6<\/strong><\/h3>\n<p>Dominikaaninen tasavalta -lippu sopii erinomaisesti kansallisiin juhliin, kulttuuritapahtumiin, koulutustarkoituksiin tai henkil\u00f6kohtaisiin kokoelmiin, ja se edustaa mielekk\u00e4\u00e4sti maan historiaa ja identiteetti\u00e4. Sen haalistumisen kest\u00e4v\u00e4t v\u00e4rit ja vankka muotoilu takaavat, ett\u00e4 se pysyy elinvoimaisena ja vaikuttavana ajan my\u00f6t\u00e4.<\/p>","protected":false},"excerpt":{"rendered":"<p>150 x 90 cm:n kokoinen lippu, jossa on 2 tukevaa metallista l\u00e4pivienti\u00e4 turvallista ripustusta varten.<\/p>","protected":false},"featured_media":1096,"comment_status":"open","ping_status":"closed","template":"","meta":{"_gspb_post_css":"","iawp_total_views":19},"product_brand":[],"product_cat":[62,58],"product_tag":[],"class_list":{"0":"post-2532","1":"product","2":"type-product","3":"status-publish","4":"has-post-thumbnail","6":"product_cat-north-america-flags","7":"product_cat-country-flags","9":"first","10":"instock","11":"sale","12":"shipping-taxable","13":"purchasable","14":"product-type-simple"},"_links":{"self":[{"href":"https:\/\/cosmoflag.com\/fi\/wp-json\/wp\/v2\/product\/2532","targetHints":{"allow":["GET"]}}],"collection":[{"href":"https:\/\/cosmoflag.com\/fi\/wp-json\/wp\/v2\/product"}],"about":[{"href":"https:\/\/cosmoflag.com\/fi\/wp-json\/wp\/v2\/types\/product"}],"replies":[{"embeddable":true,"href":"https:\/\/cosmoflag.com\/fi\/wp-json\/wp\/v2\/comments?post=2532"}],"wp:featuredmedia":[{"embeddable":true,"href":"https:\/\/cosmoflag.com\/fi\/wp-json\/wp\/v2\/media\/1096"}],"wp:attachment":[{"href":"https:\/\/cosmoflag.com\/fi\/wp-json\/wp\/v2\/media?parent=2532"}],"wp:term":[{"taxonomy":"product_brand","embeddable":true,"href":"https:\/\/cosmoflag.com\/fi\/wp-json\/wp\/v2\/product_brand?post=2532"},{"taxonomy":"product_cat","embeddable":true,"href":"https:\/\/cosmoflag.com\/fi\/wp-json\/wp\/v2\/product_cat?post=2532"},{"taxonomy":"product_tag","embeddable":true,"href":"https:\/\/cosmoflag.com\/fi\/wp-json\/wp\/v2\/product_tag?post=2532"}],"curies":[{"name":"wp","href":"https:\/\/api.w.org\/{rel}","templated":true}]}}