{"id":2531,"date":"2024-12-20T12:37:00","date_gmt":"2024-12-20T10:37:00","guid":{"rendered":"https:\/\/cosmoflag.com\/?post_type=product&#038;p=2531"},"modified":"2025-08-12T21:18:45","modified_gmt":"2025-08-12T19:18:45","slug":"mosambik-lippu","status":"publish","type":"product","link":"https:\/\/cosmoflag.com\/fi\/tuote\/mosambik-lippu\/","title":{"rendered":"Mosambikin lippu"},"content":{"rendered":"<h3><strong>Mosambikin lipun ominaisuudet<\/strong><\/h3>\n<p>Mosambik lippumme on valmistettu korkealaatuisesta polyesterist\u00e4, joka takaa erinomaisen kest\u00e4vyyden ja pitk\u00e4aikaisen k\u00e4yt\u00f6n sis\u00e4ll\u00e4 ja ulkona. Siin\u00e4 on metalliset l\u00e4piviennit, jotka helpottavat asennusta ja takaavat turvallisen pidon my\u00f6s haastavissa s\u00e4\u00e4olosuhteissa. Mitoiltaan 90 x 150 cm\/35 x 59 tuumaa, t\u00e4m\u00e4 lippu takaa erinomaisen n\u00e4kyvyyden pylv\u00e4isiin, seinille tai kansallisten juhlien ja tapahtumien aikana.<\/p>\n<h3><strong>Yhten\u00e4isyyden ja kest\u00e4vyyden symboli<\/strong><\/h3>\n<p>Mosambikin lipussa, joka hyv\u00e4ksyttiin virallisesti vuonna 1983, on vihre\u00e4n, mustan ja keltaisen v\u00e4risi\u00e4 vaakaraitoja, jotka on erotettu toisistaan ohuilla valkoisilla viivoilla. Lipun nostopuolella oleva punainen kolmio edustaa maan itsen\u00e4isyystaistelua. Kolmion sis\u00e4ll\u00e4 on keltainen t\u00e4hti, jonka p\u00e4\u00e4ll\u00e4 on kirja, kaivuri ja AK-47. N\u00e4m\u00e4 symboloivat koulutusta, maataloutta ja puolustusta. T\u00e4m\u00e4 ainutlaatuinen muotoilu ilment\u00e4\u00e4 Mosambikin sitoutumista edistykseen ja yhten\u00e4isyyteen.<\/p>\n<h3><strong>Monipuolinen k\u00e4ytt\u00f6<\/strong><\/h3>\n<p>Mosambik-lippu sopii erinomaisesti kansallisiin juhliin, kulttuuritapahtumiin, opetusn\u00e4yt\u00f6ksiin tai henkil\u00f6kohtaisiin kokoelmiin, sill\u00e4 se edustaa maan identiteetti\u00e4 ja arvoja. Sen haalistumisen kest\u00e4v\u00e4t v\u00e4rit ja vankka muotoilu takaavat, ett\u00e4 se pysyy elinvoimaisena ja vaikuttavana ajan my\u00f6t\u00e4.<\/p>","protected":false},"excerpt":{"rendered":"<p>150 x 90 cm:n kokoinen lippu, jossa on 2 tukevaa metallista l\u00e4pivienti\u00e4 turvallista ripustusta varten.<\/p>","protected":false},"featured_media":1255,"comment_status":"open","ping_status":"closed","template":"","meta":{"_gspb_post_css":"","iawp_total_views":11},"product_brand":[],"product_cat":[60,58],"product_tag":[],"class_list":{"0":"post-2531","1":"product","2":"type-product","3":"status-publish","4":"has-post-thumbnail","6":"product_cat-africa-flags","7":"product_cat-country-flags","9":"first","10":"instock","11":"sale","12":"shipping-taxable","13":"purchasable","14":"product-type-simple"},"_links":{"self":[{"href":"https:\/\/cosmoflag.com\/fi\/wp-json\/wp\/v2\/product\/2531","targetHints":{"allow":["GET"]}}],"collection":[{"href":"https:\/\/cosmoflag.com\/fi\/wp-json\/wp\/v2\/product"}],"about":[{"href":"https:\/\/cosmoflag.com\/fi\/wp-json\/wp\/v2\/types\/product"}],"replies":[{"embeddable":true,"href":"https:\/\/cosmoflag.com\/fi\/wp-json\/wp\/v2\/comments?post=2531"}],"wp:featuredmedia":[{"embeddable":true,"href":"https:\/\/cosmoflag.com\/fi\/wp-json\/wp\/v2\/media\/1255"}],"wp:attachment":[{"href":"https:\/\/cosmoflag.com\/fi\/wp-json\/wp\/v2\/media?parent=2531"}],"wp:term":[{"taxonomy":"product_brand","embeddable":true,"href":"https:\/\/cosmoflag.com\/fi\/wp-json\/wp\/v2\/product_brand?post=2531"},{"taxonomy":"product_cat","embeddable":true,"href":"https:\/\/cosmoflag.com\/fi\/wp-json\/wp\/v2\/product_cat?post=2531"},{"taxonomy":"product_tag","embeddable":true,"href":"https:\/\/cosmoflag.com\/fi\/wp-json\/wp\/v2\/product_tag?post=2531"}],"curies":[{"name":"wp","href":"https:\/\/api.w.org\/{rel}","templated":true}]}}