{"id":2530,"date":"2024-12-20T11:36:00","date_gmt":"2024-12-20T09:36:00","guid":{"rendered":"https:\/\/cosmoflag.com\/?post_type=product&#038;p=2530"},"modified":"2025-08-12T21:18:46","modified_gmt":"2025-08-12T19:18:46","slug":"namibia-lippu","status":"publish","type":"product","link":"https:\/\/cosmoflag.com\/fi\/tuote\/namibia-lippu\/","title":{"rendered":"Namibian lippu"},"content":{"rendered":"<h3><strong>Namibian lipun ominaisuudet<\/strong><\/h3>\n<p>Namibia lippumme on valmistettu korkealaatuisesta polyesterist\u00e4, joka takaa erinomaisen kest\u00e4vyyden ja pitk\u00e4aikaisen k\u00e4yt\u00f6n sis\u00e4ll\u00e4 ja ulkona. Siin\u00e4 on metalliset l\u00e4piviennit helppoa asennusta ja turvallista pitoa varten my\u00f6s haastavissa s\u00e4\u00e4olosuhteissa. Mitoiltaan 90 x 150 cm\/35 x 59 tuumaa, t\u00e4m\u00e4 lippu takaa erinomaisen n\u00e4kyvyyden pylv\u00e4isiin, seinille tai kansallisten juhlien aikana.<\/p>\n<h3><strong>Yhten\u00e4isyyden ja edistyksen symboli<\/strong><\/h3>\n<p>Namibian lipussa, joka hyv\u00e4ksyttiin virallisesti vuonna 1990, on vinoviivainen punainen raita, joka symboloi maan kansaa ja sen p\u00e4\u00e4tt\u00e4v\u00e4isyytt\u00e4 saavuttaa tasa-arvo. Sininen kolmio edustaa taivasta ja Atlantin valtamerta, kun taas vihre\u00e4 symboloi maataloutta ja luonnonvaroja. Vasemmassa yl\u00e4kulmassa oleva kultainen aurinko, jossa on 12 s\u00e4dett\u00e4, merkitsee el\u00e4m\u00e4\u00e4 ja energiaa. Yhdess\u00e4 n\u00e4m\u00e4 elementit kuvastavat Namibian pyrkimyksi\u00e4 yhten\u00e4isyyteen, vaurauteen ja valoisaan tulevaisuuteen.<\/p>\n<h3><strong>Monipuolinen k\u00e4ytt\u00f6<\/strong><\/h3>\n<p>Namibia-lippu sopii erinomaisesti kansallisiin juhliin, kulttuuritapahtumiin, opetusn\u00e4yt\u00f6ksiin tai henkil\u00f6kohtaisiin kokoelmiin, sill\u00e4 se edustaa kansakunnan identiteetti\u00e4 ja arvoja. Sen haalistumisen kest\u00e4v\u00e4t v\u00e4rit ja vankka muotoilu takaavat, ett\u00e4 se pysyy elinvoimaisena ja vaikuttavana ajan my\u00f6t\u00e4.<\/p>","protected":false},"excerpt":{"rendered":"<p>150 x 90 cm:n kokoinen lippu, jossa on 2 tukevaa metallista l\u00e4pivienti\u00e4 turvallista ripustusta varten.<\/p>","protected":false},"featured_media":1261,"comment_status":"open","ping_status":"closed","template":"","meta":{"_gspb_post_css":"","iawp_total_views":3},"product_brand":[],"product_cat":[60,58],"product_tag":[],"class_list":{"0":"post-2530","1":"product","2":"type-product","3":"status-publish","4":"has-post-thumbnail","6":"product_cat-africa-flags","7":"product_cat-country-flags","9":"first","10":"instock","11":"sale","12":"shipping-taxable","13":"purchasable","14":"product-type-simple"},"_links":{"self":[{"href":"https:\/\/cosmoflag.com\/fi\/wp-json\/wp\/v2\/product\/2530","targetHints":{"allow":["GET"]}}],"collection":[{"href":"https:\/\/cosmoflag.com\/fi\/wp-json\/wp\/v2\/product"}],"about":[{"href":"https:\/\/cosmoflag.com\/fi\/wp-json\/wp\/v2\/types\/product"}],"replies":[{"embeddable":true,"href":"https:\/\/cosmoflag.com\/fi\/wp-json\/wp\/v2\/comments?post=2530"}],"wp:featuredmedia":[{"embeddable":true,"href":"https:\/\/cosmoflag.com\/fi\/wp-json\/wp\/v2\/media\/1261"}],"wp:attachment":[{"href":"https:\/\/cosmoflag.com\/fi\/wp-json\/wp\/v2\/media?parent=2530"}],"wp:term":[{"taxonomy":"product_brand","embeddable":true,"href":"https:\/\/cosmoflag.com\/fi\/wp-json\/wp\/v2\/product_brand?post=2530"},{"taxonomy":"product_cat","embeddable":true,"href":"https:\/\/cosmoflag.com\/fi\/wp-json\/wp\/v2\/product_cat?post=2530"},{"taxonomy":"product_tag","embeddable":true,"href":"https:\/\/cosmoflag.com\/fi\/wp-json\/wp\/v2\/product_tag?post=2530"}],"curies":[{"name":"wp","href":"https:\/\/api.w.org\/{rel}","templated":true}]}}