{"id":2523,"date":"2024-12-19T23:01:00","date_gmt":"2024-12-19T21:01:00","guid":{"rendered":"https:\/\/cosmoflag.com\/?post_type=product&#038;p=2523"},"modified":"2025-08-12T21:18:48","modified_gmt":"2025-08-12T19:18:48","slug":"berberlippu","status":"publish","type":"product","link":"https:\/\/cosmoflag.com\/fi\/tuote\/berberlippu\/","title":{"rendered":"Berberien lippu"},"content":{"rendered":"<h3><strong>Berberlippujen ominaisuudet<\/strong><\/h3>\n<p>Berberlippumme (Amazigh) on valmistettu korkealaatuisesta polyesterist\u00e4, joka takaa kest\u00e4vyyden pitk\u00e4aikaiseen k\u00e4ytt\u00f6\u00f6n sis\u00e4ll\u00e4 ja ulkona. Siin\u00e4 on metalliset l\u00e4piviennit, jotka helpottavat asennusta ja takaavat turvallisen pidon my\u00f6s haastavissa s\u00e4\u00e4olosuhteissa. Mitoiltaan 90 x 150 cm\/35 x 59 tuumaa, t\u00e4m\u00e4 lippu takaa erinomaisen n\u00e4kyvyyden pylv\u00e4isiin, seinille tai kulttuuritapahtumien ja kokoontumisten aikana.<\/p>\n<h3><strong>Identiteetin ja vapauden symboli<\/strong><\/h3>\n<p>Berberien lippu, joka tunnetaan my\u00f6s nimell\u00e4 Amazigh-lippu, edustaa Pohjois-Afrikan berberikansan yhten\u00e4isyytt\u00e4 ja kulttuurista ylpeytt\u00e4. Sen kolme vaakasuoraa sinist\u00e4, vihre\u00e4\u00e4 ja keltaista raitaa symboloivat V\u00e4limerta, Amazigh-maita ja Saharan autiomaata. Keskell\u00e4 oleva rohkea punainen \"Yaz\"-symboli, joka on kirjoitettu tifinagh-kirjoituksella, edustaa vapautta ja amatsigikansan kest\u00e4v\u00e4\u00e4 henke\u00e4.<\/p>\n<h3><strong>Monipuolinen k\u00e4ytt\u00f6<\/strong><\/h3>\n<p>Berberilippu sopii erinomaisesti kulttuuritapahtumiin, opetusn\u00e4yt\u00f6ksiin, yhteis\u00f6llisiin kokoontumisiin tai henkil\u00f6kohtaisiin kokoelmiin, ja se on Amazigh-perinn\u00f6n ja -identiteetin merkityksellinen esitys. Sen haalistumisen kest\u00e4v\u00e4t v\u00e4rit ja vankka muotoilu takaavat, ett\u00e4 se pysyy elinvoimaisena ja vaikuttavana ajan my\u00f6t\u00e4.<\/p>","protected":false},"excerpt":{"rendered":"<p>150 x 90 cm:n kokoinen lippu, jossa on 2 tukevaa metallista l\u00e4pivienti\u00e4 turvallista ripustusta varten.<\/p>","protected":false},"featured_media":1491,"comment_status":"open","ping_status":"closed","template":"","meta":{"_gspb_post_css":"","iawp_total_views":49},"product_brand":[],"product_cat":[69],"product_tag":[],"class_list":{"0":"post-2523","1":"product","2":"type-product","3":"status-publish","4":"has-post-thumbnail","6":"product_cat-historical-flags","8":"first","9":"instock","10":"sale","11":"shipping-taxable","12":"purchasable","13":"product-type-simple"},"_links":{"self":[{"href":"https:\/\/cosmoflag.com\/fi\/wp-json\/wp\/v2\/product\/2523","targetHints":{"allow":["GET"]}}],"collection":[{"href":"https:\/\/cosmoflag.com\/fi\/wp-json\/wp\/v2\/product"}],"about":[{"href":"https:\/\/cosmoflag.com\/fi\/wp-json\/wp\/v2\/types\/product"}],"replies":[{"embeddable":true,"href":"https:\/\/cosmoflag.com\/fi\/wp-json\/wp\/v2\/comments?post=2523"}],"wp:featuredmedia":[{"embeddable":true,"href":"https:\/\/cosmoflag.com\/fi\/wp-json\/wp\/v2\/media\/1491"}],"wp:attachment":[{"href":"https:\/\/cosmoflag.com\/fi\/wp-json\/wp\/v2\/media?parent=2523"}],"wp:term":[{"taxonomy":"product_brand","embeddable":true,"href":"https:\/\/cosmoflag.com\/fi\/wp-json\/wp\/v2\/product_brand?post=2523"},{"taxonomy":"product_cat","embeddable":true,"href":"https:\/\/cosmoflag.com\/fi\/wp-json\/wp\/v2\/product_cat?post=2523"},{"taxonomy":"product_tag","embeddable":true,"href":"https:\/\/cosmoflag.com\/fi\/wp-json\/wp\/v2\/product_tag?post=2523"}],"curies":[{"name":"wp","href":"https:\/\/api.w.org\/{rel}","templated":true}]}}