{"id":2518,"date":"2024-12-19T21:58:00","date_gmt":"2024-12-19T19:58:00","guid":{"rendered":"https:\/\/cosmoflag.com\/?post_type=product&#038;p=2518"},"modified":"2025-08-12T21:20:26","modified_gmt":"2025-08-12T19:20:26","slug":"eritrea-lippu","status":"publish","type":"product","link":"https:\/\/cosmoflag.com\/fi\/tuote\/eritrea-lippu\/","title":{"rendered":"Eritrean lippu"},"content":{"rendered":"<h3><strong>Eritrean lipun ominaisuudet<\/strong><\/h3>\n<p>Eritrea lippumme on valmistettu ensiluokkaisesta polyesterist\u00e4, joka takaa erinomaisen kest\u00e4vyyden ja pitk\u00e4aikaisen k\u00e4yt\u00f6n sek\u00e4 sis\u00e4ll\u00e4 ett\u00e4 ulkona. Siin\u00e4 on metalliset l\u00e4piviennit, jotka helpottavat asennusta ja takaavat turvallisen pidon my\u00f6s haastavissa s\u00e4\u00e4olosuhteissa. Mitoiltaan 90 x 150 cm\/35 x 59 tuumaa, t\u00e4m\u00e4 lippu tarjoaa erinomaisen n\u00e4kyvyyden pylv\u00e4isiin, seinille tai kansallisten juhlien aikana.<\/p>\n<h3><strong>Yhten\u00e4isyyden ja edistyksen symboli<\/strong><\/h3>\n<p>Eritrean lipussa, joka otettiin virallisesti k\u00e4ytt\u00f6\u00f6n vuonna 1995, on ainutlaatuinen kolmion muotoilu, jossa on vihre\u00e4, punainen ja sininen kentt\u00e4. Vihre\u00e4 edustaa maan maataloutta ja taloutta, sininen symboloi Punaista merta ja punainen uhrauksia itsen\u00e4isyyden puolesta. Punaisessa kolmiossa on seppeleen ymp\u00e4r\u00f6im\u00e4 kultainen oliivin oksa, joka symboloi rauhaa ja maan kest\u00e4v\u00e4\u00e4 voimaa. Yhdess\u00e4 n\u00e4m\u00e4 elementit ilment\u00e4v\u00e4t Eritrean identiteetti\u00e4 ja pyrkimyksi\u00e4.<\/p>\n<h3><strong>Monipuolinen k\u00e4ytt\u00f6<\/strong><\/h3>\n<p>Eritrean lippu sopii erinomaisesti kansallisiin juhliin, kulttuuritapahtumiin, koulutustarkoituksiin tai henkil\u00f6kohtaisiin kokoelmiin, sill\u00e4 se edustaa mielekk\u00e4\u00e4sti maan historiaa ja arvoja. Sen haalistumisen kest\u00e4v\u00e4t v\u00e4rit ja vankka muotoilu takaavat, ett\u00e4 se pysyy elinvoimaisena ja vaikuttavana ajan my\u00f6t\u00e4.<\/p>","protected":false},"excerpt":{"rendered":"<p>150 x 90 cm:n kokoinen lippu, jossa on 2 tukevaa metallista l\u00e4pivienti\u00e4 turvallista ripustusta varten.<\/p>","protected":false},"featured_media":1549,"comment_status":"open","ping_status":"closed","template":"","meta":{"_gspb_post_css":"","iawp_total_views":13},"product_brand":[],"product_cat":[60,58],"product_tag":[],"class_list":{"0":"post-2518","1":"product","2":"type-product","3":"status-publish","4":"has-post-thumbnail","6":"product_cat-africa-flags","7":"product_cat-country-flags","9":"first","10":"instock","11":"sale","12":"shipping-taxable","13":"purchasable","14":"product-type-simple"},"_links":{"self":[{"href":"https:\/\/cosmoflag.com\/fi\/wp-json\/wp\/v2\/product\/2518","targetHints":{"allow":["GET"]}}],"collection":[{"href":"https:\/\/cosmoflag.com\/fi\/wp-json\/wp\/v2\/product"}],"about":[{"href":"https:\/\/cosmoflag.com\/fi\/wp-json\/wp\/v2\/types\/product"}],"replies":[{"embeddable":true,"href":"https:\/\/cosmoflag.com\/fi\/wp-json\/wp\/v2\/comments?post=2518"}],"wp:featuredmedia":[{"embeddable":true,"href":"https:\/\/cosmoflag.com\/fi\/wp-json\/wp\/v2\/media\/1549"}],"wp:attachment":[{"href":"https:\/\/cosmoflag.com\/fi\/wp-json\/wp\/v2\/media?parent=2518"}],"wp:term":[{"taxonomy":"product_brand","embeddable":true,"href":"https:\/\/cosmoflag.com\/fi\/wp-json\/wp\/v2\/product_brand?post=2518"},{"taxonomy":"product_cat","embeddable":true,"href":"https:\/\/cosmoflag.com\/fi\/wp-json\/wp\/v2\/product_cat?post=2518"},{"taxonomy":"product_tag","embeddable":true,"href":"https:\/\/cosmoflag.com\/fi\/wp-json\/wp\/v2\/product_tag?post=2518"}],"curies":[{"name":"wp","href":"https:\/\/api.w.org\/{rel}","templated":true}]}}