{"id":2517,"date":"2024-12-19T21:54:00","date_gmt":"2024-12-19T19:54:00","guid":{"rendered":"https:\/\/cosmoflag.com\/?post_type=product&#038;p=2517"},"modified":"2026-02-17T15:27:05","modified_gmt":"2026-02-17T13:27:05","slug":"euroopan-unionin-lippu","status":"publish","type":"product","link":"https:\/\/cosmoflag.com\/fi\/tuote\/euroopan-unionin-lippu\/","title":{"rendered":"Euroopan unionin lippu"},"content":{"rendered":"<h3><strong>Euroopan unionin lipun ominaisuudet<\/strong><\/h3>\n<p>Euroopan unionin lippumme on valmistettu ensiluokkaisesta polyesterist\u00e4, joka takaa erinomaisen kest\u00e4vyyden ja pitk\u00e4aikaisen k\u00e4yt\u00f6n sek\u00e4 sis\u00e4ll\u00e4 ett\u00e4 ulkona. Siin\u00e4 on metalliset l\u00e4piviennit helppoa asennusta ja turvallista pitoa varten my\u00f6s haastavissa s\u00e4\u00e4olosuhteissa. Mitoiltaan 90 x 150 cm\/35 x 59 tuumaa, t\u00e4m\u00e4 lippu takaa erinomaisen n\u00e4kyvyyden pylv\u00e4isiin, seinille tai virallisten ja kulttuuritapahtumien aikana.<\/p>\n<h3><strong>Yhten\u00e4isyyden ja yhteisty\u00f6n symboli<\/strong><\/h3>\n<p>Vuonna 1986 k\u00e4ytt\u00f6\u00f6n otetussa Euroopan unionin lipussa on syv\u00e4n sininen kentt\u00e4, joka symboloi Euroopan kansojen yhten\u00e4isyytt\u00e4 ja harmoniaa. Sen keskell\u00e4 on kaksitoista ympyr\u00e4\u00e4n sijoitettua kultaista t\u00e4hte\u00e4, jotka edustavat solidaarisuutta, t\u00e4ydellisyytt\u00e4 ja t\u00e4ydellisyytt\u00e4 ja heijastavat EU:n perusperiaatteita. Lippu on pysyv\u00e4 symboli j\u00e4senvaltioiden yhteisty\u00f6st\u00e4, demokratiasta ja yhteisist\u00e4 arvoista.<\/p>\n<h3><strong>Monipuolinen k\u00e4ytt\u00f6<\/strong><\/h3>\n<p>EU:n lippu sopii erinomaisesti virallisiin tapahtumiin, koulutustarkoituksiin, kulttuurin\u00e4yttelyihin tai henkil\u00f6kohtaisiin kokoelmiin, sill\u00e4 se edustaa mielekk\u00e4\u00e4sti Euroopan yhten\u00e4isyytt\u00e4 ja yhteist\u00e4 identiteetti\u00e4. Sen haalistumisen kest\u00e4v\u00e4t v\u00e4rit ja vankka muotoilu takaavat, ett\u00e4 se pysyy elinvoimaisena ja vaikuttavana ajan my\u00f6t\u00e4.<\/p>","protected":false},"excerpt":{"rendered":"<p>150 x 90 cm:n kokoinen lippu, jossa on 2 tukevaa metallista l\u00e4pivienti\u00e4 turvallista ripustusta varten.<\/p>","protected":false},"featured_media":1560,"comment_status":"open","ping_status":"closed","template":"","meta":{"_gspb_post_css":"","iawp_total_views":76},"product_brand":[],"product_cat":[68],"product_tag":[],"class_list":{"0":"post-2517","1":"product","2":"type-product","3":"status-publish","4":"has-post-thumbnail","6":"product_cat-official-flags","8":"first","9":"instock","10":"sale","11":"shipping-taxable","12":"purchasable","13":"product-type-simple"},"_links":{"self":[{"href":"https:\/\/cosmoflag.com\/fi\/wp-json\/wp\/v2\/product\/2517","targetHints":{"allow":["GET"]}}],"collection":[{"href":"https:\/\/cosmoflag.com\/fi\/wp-json\/wp\/v2\/product"}],"about":[{"href":"https:\/\/cosmoflag.com\/fi\/wp-json\/wp\/v2\/types\/product"}],"replies":[{"embeddable":true,"href":"https:\/\/cosmoflag.com\/fi\/wp-json\/wp\/v2\/comments?post=2517"}],"wp:featuredmedia":[{"embeddable":true,"href":"https:\/\/cosmoflag.com\/fi\/wp-json\/wp\/v2\/media\/1560"}],"wp:attachment":[{"href":"https:\/\/cosmoflag.com\/fi\/wp-json\/wp\/v2\/media?parent=2517"}],"wp:term":[{"taxonomy":"product_brand","embeddable":true,"href":"https:\/\/cosmoflag.com\/fi\/wp-json\/wp\/v2\/product_brand?post=2517"},{"taxonomy":"product_cat","embeddable":true,"href":"https:\/\/cosmoflag.com\/fi\/wp-json\/wp\/v2\/product_cat?post=2517"},{"taxonomy":"product_tag","embeddable":true,"href":"https:\/\/cosmoflag.com\/fi\/wp-json\/wp\/v2\/product_tag?post=2517"}],"curies":[{"name":"wp","href":"https:\/\/api.w.org\/{rel}","templated":true}]}}