{"id":2515,"date":"2024-12-19T21:38:00","date_gmt":"2024-12-19T19:38:00","guid":{"rendered":"https:\/\/cosmoflag.com\/?post_type=product&#038;p=2515"},"modified":"2025-08-12T21:20:28","modified_gmt":"2025-08-12T19:20:28","slug":"ita-saksan-lippu-gdr","status":"publish","type":"product","link":"https:\/\/cosmoflag.com\/fi\/tuote\/ita-saksan-lippu-gdr\/","title":{"rendered":"It\u00e4-Saksan lippu DDR"},"content":{"rendered":"<p><strong>It\u00e4-Saksan lipun ominaisuudet<\/strong><\/p>\n<p>It\u00e4-Saksan DDR:n lippumme on valmistettu korkealaatuisesta polyesterist\u00e4, joka takaa erinomaisen kest\u00e4vyyden sek\u00e4 sis\u00e4- ett\u00e4 ulkok\u00e4yt\u00f6ss\u00e4. Siin\u00e4 on metalliset l\u00e4piviennit helppoa asennusta ja turvallista pitoa varten my\u00f6s haastavissa s\u00e4\u00e4olosuhteissa. Mitoiltaan 90 x 150 cm\/35 x 59 tuumaa, t\u00e4m\u00e4 lippu tarjoaa erinomaisen n\u00e4kyvyyden pylv\u00e4isiin, seinille tai historiallisten tapahtumien aikana.<\/p>\n<p><strong>Sosialismin ja historian symboli<\/strong><\/p>\n<p>It\u00e4-Saksan (Saksan demokraattinen tasavalta) lippu otettiin virallisesti k\u00e4ytt\u00f6\u00f6n vuonna 1959. Siin\u00e4 on perinteisten Saksan lippujen musta, punainen ja kultainen trikolori, jonka p\u00e4\u00e4lle on sijoitettu DDR:n tunnus. Tunnuksessa on vasara ja kompassi, joita ymp\u00e4r\u00f6i rukiin rengas, joka symboloi ty\u00f6l\u00e4isten, insin\u00f6\u00f6rien ja maanviljelij\u00f6iden yhten\u00e4isyytt\u00e4 sosialismissa. T\u00e4m\u00e4 lippu edustaa voimakkaasti It\u00e4-Saksan poliittista historiaa ja identiteetti\u00e4 kylm\u00e4n sodan aikana.<\/p>\n<p><strong>Monipuolinen k\u00e4ytt\u00f6<\/strong><\/p>\n<p>DDR:n lippu sopii erinomaisesti historiallisiin n\u00e4yt\u00f6ksiin, opetusn\u00e4yt\u00f6ksiin, kulttuuritapahtumiin tai osaksi henkil\u00f6kohtaista kokoelmaa, sill\u00e4 se edustaa mielekk\u00e4\u00e4sti ainutlaatuista ajanjaksoa Saksan ja koko maailman historiassa. Sen haalistumisen kest\u00e4v\u00e4t v\u00e4rit ja vankka muotoilu takaavat, ett\u00e4 se pysyy elinvoimaisena ja vaikuttavana ajan my\u00f6t\u00e4.<\/p>","protected":false},"excerpt":{"rendered":"<p>150 x 90 cm:n kokoinen lippu, jossa on 2 tukevaa metallista l\u00e4pivienti\u00e4 turvallista ripustusta varten.<\/p>","protected":false},"featured_media":1574,"comment_status":"open","ping_status":"closed","template":"","meta":{"_gspb_post_css":"","iawp_total_views":43},"product_brand":[],"product_cat":[69],"product_tag":[],"class_list":{"0":"post-2515","1":"product","2":"type-product","3":"status-publish","4":"has-post-thumbnail","6":"product_cat-historical-flags","8":"first","9":"instock","10":"sale","11":"shipping-taxable","12":"purchasable","13":"product-type-simple"},"_links":{"self":[{"href":"https:\/\/cosmoflag.com\/fi\/wp-json\/wp\/v2\/product\/2515","targetHints":{"allow":["GET"]}}],"collection":[{"href":"https:\/\/cosmoflag.com\/fi\/wp-json\/wp\/v2\/product"}],"about":[{"href":"https:\/\/cosmoflag.com\/fi\/wp-json\/wp\/v2\/types\/product"}],"replies":[{"embeddable":true,"href":"https:\/\/cosmoflag.com\/fi\/wp-json\/wp\/v2\/comments?post=2515"}],"wp:featuredmedia":[{"embeddable":true,"href":"https:\/\/cosmoflag.com\/fi\/wp-json\/wp\/v2\/media\/1574"}],"wp:attachment":[{"href":"https:\/\/cosmoflag.com\/fi\/wp-json\/wp\/v2\/media?parent=2515"}],"wp:term":[{"taxonomy":"product_brand","embeddable":true,"href":"https:\/\/cosmoflag.com\/fi\/wp-json\/wp\/v2\/product_brand?post=2515"},{"taxonomy":"product_cat","embeddable":true,"href":"https:\/\/cosmoflag.com\/fi\/wp-json\/wp\/v2\/product_cat?post=2515"},{"taxonomy":"product_tag","embeddable":true,"href":"https:\/\/cosmoflag.com\/fi\/wp-json\/wp\/v2\/product_tag?post=2515"}],"curies":[{"name":"wp","href":"https:\/\/api.w.org\/{rel}","templated":true}]}}