{"id":2513,"date":"2024-12-19T21:01:00","date_gmt":"2024-12-19T19:01:00","guid":{"rendered":"https:\/\/cosmoflag.com\/?post_type=product&#038;p=2513"},"modified":"2026-01-19T19:08:33","modified_gmt":"2026-01-19T17:08:33","slug":"saksan-keisarillinen-sotalippu-reichskriegsflagge-lippu","status":"publish","type":"product","link":"https:\/\/cosmoflag.com\/fi\/tuote\/saksan-keisarillinen-sotalippu-reichskriegsflagge-lippu\/","title":{"rendered":"Keisarillisen Saksan sodan lippu Reichskriegsflagge"},"content":{"rendered":"<h3><strong>Keisarillisen Saksan sodan lippu Ominaisuudet<\/strong><\/h3>\n<p>Keisarillinen Saksan sotalippumme Reichskriegsflagge on valmistettu ensiluokkaisesta polyesterist\u00e4, joka takaa poikkeuksellisen kest\u00e4vyyden pitk\u00e4aikaiseen k\u00e4ytt\u00f6\u00f6n sis\u00e4ll\u00e4 ja ulkona. Siin\u00e4 on metalliset l\u00e4piviennit, jotka helpottavat asennusta ja takaavat turvallisen kiinnityksen my\u00f6s haastavissa s\u00e4\u00e4olosuhteissa. Mitoiltaan 90 x 150 cm\/35 x 59 tuumaa, t\u00e4m\u00e4 lippu takaa erinomaisen n\u00e4kyvyyden pylv\u00e4iss\u00e4, seinill\u00e4 tai historiallisissa n\u00e4ytelmiss\u00e4.<\/p>\n<h3><strong>Sotilaallisen perinn\u00f6n symboli<\/strong><\/h3>\n<p>Keisarillinen Saksan sotalippu, joka tunnetaan my\u00f6s nimell\u00e4 Reichskriegsflagge, oli Saksan keisarikunnan keskeinen tunnus 1800-luvun lopulla ja 1900-luvun alussa. Valkoisessa kent\u00e4ss\u00e4 on musta risti ja sen keskell\u00e4 ikoninen kotka, ja se kuvastaa sotilaallista perinnett\u00e4 ja kansallista ylpeytt\u00e4. Punaiset korostukset symboloivat rohkeutta ja Saksan valtioiden yhten\u00e4isyytt\u00e4. T\u00e4m\u00e4 lippu on muistutus Euroopan historian t\u00e4rke\u00e4st\u00e4 ajanjaksosta.<\/p>\n<h3><strong>Monipuolinen k\u00e4ytt\u00f6<\/strong><\/h3>\n<p>Keisarillinen Saksan sotalippu Reichskriegsflagge sopii erinomaisesti historiallisiin n\u00e4yt\u00f6ksiin, opetusn\u00e4yt\u00f6ksiin, kulttuuritapahtumiin tai osaksi henkil\u00f6kohtaista kokoelmaa, sill\u00e4 se edustaa Saksan sotilaallista ja kulttuurista perint\u00f6\u00e4. Sen haalistumisen kest\u00e4v\u00e4t v\u00e4rit ja vankka muotoilu takaavat, ett\u00e4 se pysyy elinvoimaisena ja vaikuttavana ajan my\u00f6t\u00e4.<\/p>","protected":false},"excerpt":{"rendered":"<p>150 x 90 cm:n kokoinen lippu, jossa on 2 tukevaa metallista l\u00e4pivienti\u00e4 turvallista ripustusta varten.<\/p>","protected":false},"featured_media":1593,"comment_status":"open","ping_status":"closed","template":"","meta":{"_gspb_post_css":"","iawp_total_views":113},"product_brand":[],"product_cat":[69],"product_tag":[],"class_list":{"0":"post-2513","1":"product","2":"type-product","3":"status-publish","4":"has-post-thumbnail","6":"product_cat-historical-flags","8":"first","9":"instock","10":"sale","11":"shipping-taxable","12":"purchasable","13":"product-type-simple"},"_links":{"self":[{"href":"https:\/\/cosmoflag.com\/fi\/wp-json\/wp\/v2\/product\/2513","targetHints":{"allow":["GET"]}}],"collection":[{"href":"https:\/\/cosmoflag.com\/fi\/wp-json\/wp\/v2\/product"}],"about":[{"href":"https:\/\/cosmoflag.com\/fi\/wp-json\/wp\/v2\/types\/product"}],"replies":[{"embeddable":true,"href":"https:\/\/cosmoflag.com\/fi\/wp-json\/wp\/v2\/comments?post=2513"}],"wp:featuredmedia":[{"embeddable":true,"href":"https:\/\/cosmoflag.com\/fi\/wp-json\/wp\/v2\/media\/1593"}],"wp:attachment":[{"href":"https:\/\/cosmoflag.com\/fi\/wp-json\/wp\/v2\/media?parent=2513"}],"wp:term":[{"taxonomy":"product_brand","embeddable":true,"href":"https:\/\/cosmoflag.com\/fi\/wp-json\/wp\/v2\/product_brand?post=2513"},{"taxonomy":"product_cat","embeddable":true,"href":"https:\/\/cosmoflag.com\/fi\/wp-json\/wp\/v2\/product_cat?post=2513"},{"taxonomy":"product_tag","embeddable":true,"href":"https:\/\/cosmoflag.com\/fi\/wp-json\/wp\/v2\/product_tag?post=2513"}],"curies":[{"name":"wp","href":"https:\/\/api.w.org\/{rel}","templated":true}]}}