{"id":2508,"date":"2024-12-19T17:22:00","date_gmt":"2024-12-19T15:22:00","guid":{"rendered":"https:\/\/cosmoflag.com\/?post_type=product&#038;p=2508"},"modified":"2025-08-12T21:20:29","modified_gmt":"2025-08-12T19:20:29","slug":"saudiarabia-lippu","status":"publish","type":"product","link":"https:\/\/cosmoflag.com\/fi\/tuote\/saudiarabia-lippu\/","title":{"rendered":"Saudi-Arabian lippu"},"content":{"rendered":"<h3><strong>Saudi-Arabian lipun ominaisuudet<\/strong><\/h3>\n<p>Saudi-Arabia lippumme on valmistettu korkealaatuisesta polyesterist\u00e4, joka takaa kest\u00e4vyyden sek\u00e4 sis\u00e4- ett\u00e4 ulkok\u00e4yt\u00f6ss\u00e4. Siin\u00e4 on metalliset l\u00e4piviennit, jotka helpottavat asennusta ja takaavat turvallisen pidon my\u00f6s haastavissa s\u00e4\u00e4olosuhteissa. Mitoiltaan 90 x 150 cm\/35 x 59 tuumaa, t\u00e4m\u00e4 lippu takaa erinomaisen n\u00e4kyvyyden pylv\u00e4isiin, seinille tai kulttuuritapahtumien aikana.<\/p>\n<h3><strong>Uskon ja identiteetin symboli<\/strong><\/h3>\n<p>Saudi-Arabian lipussa, joka otettiin virallisesti k\u00e4ytt\u00f6\u00f6n vuonna 1973, on islamia symboloiva vihre\u00e4 kentt\u00e4, johon on kirjoitettu islamilainen uskonjulistus (shahada) valkoisella arabialaisella kirjoituksella. Sen alla on valkoinen miekka, joka symboloi oikeutta ja kansakunnan voimaa. Yhdess\u00e4 n\u00e4m\u00e4 elementit kuvastavat Saudi-Arabian syv\u00e4\u00e4 uskonnollista perint\u00f6\u00e4 ja sen sitoutumista yhten\u00e4isyyteen ja oikeudenmukaisuuteen islamilaisten periaatteiden mukaisesti.<\/p>\n<h3><strong>Monipuolinen k\u00e4ytt\u00f6<\/strong><\/h3>\n<p>Saudi-Arabia-lippu sopii erinomaisesti kansallisiin juhliin, uskonnollisiin tapahtumiin, koulutustarkoituksiin tai osaksi henkil\u00f6kohtaista kokoelmaa, sill\u00e4 se edustaa mielekk\u00e4\u00e4sti maan identiteetti\u00e4 ja arvoja. Sen haalistumisen kest\u00e4v\u00e4t v\u00e4rit ja vankka muotoilu takaavat, ett\u00e4 se pysyy elinvoimaisena ja vaikuttavana ajan my\u00f6t\u00e4.<\/p>","protected":false},"excerpt":{"rendered":"<p>150 x 90 cm:n kokoinen lippu, jossa on 2 tukevaa metallista l\u00e4pivienti\u00e4 turvallista ripustusta varten.<\/p>","protected":false},"featured_media":1652,"comment_status":"open","ping_status":"closed","template":"","meta":{"_gspb_post_css":"","iawp_total_views":6},"product_brand":[],"product_cat":[66,58],"product_tag":[],"class_list":{"0":"post-2508","1":"product","2":"type-product","3":"status-publish","4":"has-post-thumbnail","6":"product_cat-middle-east-flags","7":"product_cat-country-flags","9":"first","10":"instock","11":"sale","12":"shipping-taxable","13":"purchasable","14":"product-type-simple"},"_links":{"self":[{"href":"https:\/\/cosmoflag.com\/fi\/wp-json\/wp\/v2\/product\/2508","targetHints":{"allow":["GET"]}}],"collection":[{"href":"https:\/\/cosmoflag.com\/fi\/wp-json\/wp\/v2\/product"}],"about":[{"href":"https:\/\/cosmoflag.com\/fi\/wp-json\/wp\/v2\/types\/product"}],"replies":[{"embeddable":true,"href":"https:\/\/cosmoflag.com\/fi\/wp-json\/wp\/v2\/comments?post=2508"}],"wp:featuredmedia":[{"embeddable":true,"href":"https:\/\/cosmoflag.com\/fi\/wp-json\/wp\/v2\/media\/1652"}],"wp:attachment":[{"href":"https:\/\/cosmoflag.com\/fi\/wp-json\/wp\/v2\/media?parent=2508"}],"wp:term":[{"taxonomy":"product_brand","embeddable":true,"href":"https:\/\/cosmoflag.com\/fi\/wp-json\/wp\/v2\/product_brand?post=2508"},{"taxonomy":"product_cat","embeddable":true,"href":"https:\/\/cosmoflag.com\/fi\/wp-json\/wp\/v2\/product_cat?post=2508"},{"taxonomy":"product_tag","embeddable":true,"href":"https:\/\/cosmoflag.com\/fi\/wp-json\/wp\/v2\/product_tag?post=2508"}],"curies":[{"name":"wp","href":"https:\/\/api.w.org\/{rel}","templated":true}]}}