{"id":2507,"date":"2024-12-19T17:20:00","date_gmt":"2024-12-19T15:20:00","guid":{"rendered":"https:\/\/cosmoflag.com\/?post_type=product&#038;p=2507"},"modified":"2025-08-12T21:20:30","modified_gmt":"2025-08-12T19:20:30","slug":"singapore-lippu","status":"publish","type":"product","link":"https:\/\/cosmoflag.com\/fi\/tuote\/singapore-lippu\/","title":{"rendered":"Singaporen lippu"},"content":{"rendered":"<h3><strong>Singaporen lipun ominaisuudet<\/strong><\/h3>\n<p>Singapore lippumme on valmistettu korkealaatuisesta polyesterist\u00e4, joka takaa kest\u00e4vyyden sek\u00e4 sis\u00e4- ett\u00e4 ulkok\u00e4yt\u00f6ss\u00e4. Siin\u00e4 on metalliset l\u00e4piviennit helppoa asennusta ja turvallista pitoa varten my\u00f6s ep\u00e4suotuisissa s\u00e4\u00e4olosuhteissa. Mitoiltaan 90 x 150 cm\/35 x 59 tuumaa, t\u00e4m\u00e4 lippu takaa erinomaisen n\u00e4kyvyyden pylv\u00e4isiin, seinille tai kansallisten juhlien aikana.<\/p>\n<h3><strong>Edistyksen ja harmonian symboli<\/strong><\/h3>\n<p>Singaporen lipussa, joka hyv\u00e4ksyttiin virallisesti vuonna 1959, on kaksi vaakasuoraa kaistaa: punainen symboloi yleist\u00e4 veljeytt\u00e4 ja tasa-arvoa, kun taas valkoinen edustaa puhtautta ja hyveellisyytt\u00e4. Vasemmassa yl\u00e4kulmassa on kuunsirppi, joka symboloi nousevaa nuorta kansakuntaa, sek\u00e4 viisi ympyr\u00e4\u00e4n sijoitettua t\u00e4hte\u00e4, jotka edustavat demokratiaa, rauhaa, edistyst\u00e4, oikeudenmukaisuutta ja tasa-arvoa. Yhdess\u00e4 n\u00e4m\u00e4 elementit kuvastavat Singaporen pyrkimyksi\u00e4 ja arvoja.<\/p>\n<h3><strong>Monipuolinen k\u00e4ytt\u00f6<\/strong><\/h3>\n<p>Singapore-lippu sopii erinomaisesti kansallisiin juhliin, kulttuuritapahtumiin, koulutustarkoituksiin tai osaksi henkil\u00f6kohtaista kokoelmaa, sill\u00e4 se edustaa mielekk\u00e4\u00e4sti maan identiteetti\u00e4 ja saavutuksia. Sen haalistumisen kest\u00e4v\u00e4t v\u00e4rit ja kest\u00e4v\u00e4 muotoilu takaavat, ett\u00e4 se pysyy elinvoimaisena ja vaikuttavana ajan my\u00f6t\u00e4.<\/p>","protected":false},"excerpt":{"rendered":"<p>150 x 90 cm:n kokoinen lippu, jossa on 2 tukevaa metallista l\u00e4pivienti\u00e4 turvallista ripustusta varten.<\/p>","protected":false},"featured_media":1671,"comment_status":"open","ping_status":"closed","template":"","meta":{"_gspb_post_css":"","iawp_total_views":3},"product_brand":[],"product_cat":[64,58],"product_tag":[],"class_list":{"0":"post-2507","1":"product","2":"type-product","3":"status-publish","4":"has-post-thumbnail","6":"product_cat-asia-flags","7":"product_cat-country-flags","9":"first","10":"instock","11":"sale","12":"shipping-taxable","13":"purchasable","14":"product-type-simple"},"_links":{"self":[{"href":"https:\/\/cosmoflag.com\/fi\/wp-json\/wp\/v2\/product\/2507","targetHints":{"allow":["GET"]}}],"collection":[{"href":"https:\/\/cosmoflag.com\/fi\/wp-json\/wp\/v2\/product"}],"about":[{"href":"https:\/\/cosmoflag.com\/fi\/wp-json\/wp\/v2\/types\/product"}],"replies":[{"embeddable":true,"href":"https:\/\/cosmoflag.com\/fi\/wp-json\/wp\/v2\/comments?post=2507"}],"wp:featuredmedia":[{"embeddable":true,"href":"https:\/\/cosmoflag.com\/fi\/wp-json\/wp\/v2\/media\/1671"}],"wp:attachment":[{"href":"https:\/\/cosmoflag.com\/fi\/wp-json\/wp\/v2\/media?parent=2507"}],"wp:term":[{"taxonomy":"product_brand","embeddable":true,"href":"https:\/\/cosmoflag.com\/fi\/wp-json\/wp\/v2\/product_brand?post=2507"},{"taxonomy":"product_cat","embeddable":true,"href":"https:\/\/cosmoflag.com\/fi\/wp-json\/wp\/v2\/product_cat?post=2507"},{"taxonomy":"product_tag","embeddable":true,"href":"https:\/\/cosmoflag.com\/fi\/wp-json\/wp\/v2\/product_tag?post=2507"}],"curies":[{"name":"wp","href":"https:\/\/api.w.org\/{rel}","templated":true}]}}