{"id":2505,"date":"2024-12-19T16:07:00","date_gmt":"2024-12-19T14:07:00","guid":{"rendered":"https:\/\/cosmoflag.com\/?post_type=product&#038;p=2505"},"modified":"2025-08-12T21:20:31","modified_gmt":"2025-08-12T19:20:31","slug":"syyrian-itsenaisyyslippu","status":"publish","type":"product","link":"https:\/\/cosmoflag.com\/fi\/tuote\/syyrian-itsenaisyyslippu\/","title":{"rendered":"Syyrian itsen\u00e4isyyslippu"},"content":{"rendered":"<h3><strong>Syyrian itsen\u00e4isyyslippu Ominaisuudet<\/strong><\/h3>\n<p>Syyrian itsen\u00e4isyyslippumme on valmistettu ensiluokkaisesta polyesterist\u00e4, joka takaa kest\u00e4vyyden pitk\u00e4aikaiseen k\u00e4ytt\u00f6\u00f6n sek\u00e4 sis\u00e4ll\u00e4 ett\u00e4 ulkona. Siin\u00e4 on metalliset l\u00e4piviennit, jotka helpottavat asennusta ja takaavat turvallisen pidon my\u00f6s ep\u00e4suotuisissa s\u00e4\u00e4olosuhteissa. Mitoiltaan 90 x 150 cm\/35 x 59 tuumaa, t\u00e4m\u00e4 lippu takaa erinomaisen n\u00e4kyvyyden, olipa se esill\u00e4 pylv\u00e4iss\u00e4, seinill\u00e4 tai julkisissa kokoontumisissa.<\/p>\n<h3><strong>Vapauden ja vastarinnan symboli<\/strong><\/h3>\n<p>Syyrian itsen\u00e4isyyslipussa, joka tunnetaan my\u00f6s nimell\u00e4 \"Vapaan Syyrian lippu\", on kolme vihre\u00e4\u00e4, valkoista ja mustaa vaakasuoraa raitaa, joiden keskell\u00e4 on kolme punaista t\u00e4hte\u00e4. Alun perin Syyrian itsen\u00e4istymisen aikana vuonna 1932 k\u00e4ytetty\u00e4 lippua on alettu k\u00e4ytt\u00e4\u00e4 Syyrian opposition ja vapaustaistelun symbolina. Vihre\u00e4 raita edustaa maata, valkoinen symboloi rauhaa ja musta heijastaa menneit\u00e4 taisteluita, kun taas punaiset t\u00e4hdet merkitsev\u00e4t uhrauksia ja toivoa vapaasta Syyriasta.<\/p>\n<h3><strong>Monipuolinen k\u00e4ytt\u00f6<\/strong><\/h3>\n<p>Syyrian itsen\u00e4isyyslippu sopii erinomaisesti mielenosoituksiin, kulttuuritapahtumiin, opetusn\u00e4yt\u00f6ksiin tai henkil\u00f6kohtaisiin kokoelmiin, ja se edustaa mielekk\u00e4\u00e4sti meneill\u00e4\u00e4n olevaa taistelua vapauden ja yhten\u00e4isyyden puolesta. Sen haalistumisen kest\u00e4v\u00e4t v\u00e4rit ja vankka muotoilu takaavat, ett\u00e4 se pysyy elinvoimaisena ja vaikuttavana ajan my\u00f6t\u00e4.<\/p>","protected":false},"excerpt":{"rendered":"<p>150 x 90 cm:n kokoinen lippu, jossa on 2 tukevaa metallista l\u00e4pivienti\u00e4 turvallista ripustusta varten.<\/p>","protected":false},"featured_media":1696,"comment_status":"open","ping_status":"closed","template":"","meta":{"_gspb_post_css":"","iawp_total_views":7},"product_brand":[],"product_cat":[60,58],"product_tag":[],"class_list":{"0":"post-2505","1":"product","2":"type-product","3":"status-publish","4":"has-post-thumbnail","6":"product_cat-africa-flags","7":"product_cat-country-flags","9":"first","10":"instock","11":"sale","12":"shipping-taxable","13":"purchasable","14":"product-type-simple"},"_links":{"self":[{"href":"https:\/\/cosmoflag.com\/fi\/wp-json\/wp\/v2\/product\/2505","targetHints":{"allow":["GET"]}}],"collection":[{"href":"https:\/\/cosmoflag.com\/fi\/wp-json\/wp\/v2\/product"}],"about":[{"href":"https:\/\/cosmoflag.com\/fi\/wp-json\/wp\/v2\/types\/product"}],"replies":[{"embeddable":true,"href":"https:\/\/cosmoflag.com\/fi\/wp-json\/wp\/v2\/comments?post=2505"}],"wp:featuredmedia":[{"embeddable":true,"href":"https:\/\/cosmoflag.com\/fi\/wp-json\/wp\/v2\/media\/1696"}],"wp:attachment":[{"href":"https:\/\/cosmoflag.com\/fi\/wp-json\/wp\/v2\/media?parent=2505"}],"wp:term":[{"taxonomy":"product_brand","embeddable":true,"href":"https:\/\/cosmoflag.com\/fi\/wp-json\/wp\/v2\/product_brand?post=2505"},{"taxonomy":"product_cat","embeddable":true,"href":"https:\/\/cosmoflag.com\/fi\/wp-json\/wp\/v2\/product_cat?post=2505"},{"taxonomy":"product_tag","embeddable":true,"href":"https:\/\/cosmoflag.com\/fi\/wp-json\/wp\/v2\/product_tag?post=2505"}],"curies":[{"name":"wp","href":"https:\/\/api.w.org\/{rel}","templated":true}]}}