{"id":2503,"date":"2024-12-19T15:35:00","date_gmt":"2024-12-19T13:35:00","guid":{"rendered":"https:\/\/cosmoflag.com\/?post_type=product&#038;p=2503"},"modified":"2025-11-27T20:53:32","modified_gmt":"2025-11-27T18:53:32","slug":"temppeliherrain-lippu","status":"publish","type":"product","link":"https:\/\/cosmoflag.com\/fi\/tuote\/temppeliherrain-lippu\/","title":{"rendered":"Temppeliherrain lippu"},"content":{"rendered":"<h3><strong>Temppeliherrain lipun ominaisuudet<\/strong><\/h3>\n<p>Temppeliherra-lippumme on valmistettu korkealaatuisesta polyesterist\u00e4, joka takaa erinomaisen kest\u00e4vyyden sek\u00e4 sis\u00e4- ett\u00e4 ulkotiloissa. Siin\u00e4 on metalliset l\u00e4piviennit helppoa asennusta ja turvallista pitoa varten my\u00f6s haastavissa s\u00e4\u00e4olosuhteissa. Mitoiltaan 90 x 150 cm\/35 x 59 tuumaa, t\u00e4m\u00e4 lippu takaa erinomaisen n\u00e4kyvyyden, olipa se esill\u00e4 pylv\u00e4iss\u00e4, seinill\u00e4 tai historiallisten reenactmenttien aikana.<\/p>\n<h3><strong>Uskon ja urheuden symboli<\/strong><\/h3>\n<p>Temppeliherrojen lippu, jossa on mustavalkoinen tausta ja ikoninen punainen risti, edustaa keskiaikaista kristillist\u00e4 sotilasj\u00e4rjest\u00f6\u00e4, temppeliherroja. Valkoinen v\u00e4ri symboloi puhtautta, musta v\u00e4ri n\u00f6yryytt\u00e4 ja punainen risti marttyyriutta ja uhrautumista. T\u00e4m\u00e4 lippu on voimakas tunnus heid\u00e4n horjumattomasta uskostaan ja omistautumisestaan ristiretkien aikana.<\/p>\n<h3><strong>Monipuolinen k\u00e4ytt\u00f6<\/strong><\/h3>\n<p>Temppeliritarilippu sopii erinomaisesti historiallisiin tapahtumiin, keskiaikaisten tapahtumien rekonstruktioihin, opetustarkoituksiin tai osaksi henkil\u00f6kohtaista kokoelmaa, sill\u00e4 se on mielek\u00e4s historian ja urheuden esitys. Sen vankka muotoilu ja haalistumisen kest\u00e4v\u00e4t v\u00e4rit takaavat, ett\u00e4 se pysyy elinvoimaisena ja vaikuttavana ajan my\u00f6t\u00e4.<\/p>","protected":false},"excerpt":{"rendered":"<p>150 x 90 cm:n kokoinen lippu, jossa on 2 tukevaa metallista l\u00e4pivienti\u00e4 turvallista ripustusta varten.<\/p>","protected":false},"featured_media":1703,"comment_status":"open","ping_status":"closed","template":"","meta":{"_gspb_post_css":"","iawp_total_views":22},"product_brand":[],"product_cat":[69],"product_tag":[],"class_list":{"0":"post-2503","1":"product","2":"type-product","3":"status-publish","4":"has-post-thumbnail","6":"product_cat-historical-flags","8":"first","9":"instock","10":"sale","11":"shipping-taxable","12":"purchasable","13":"product-type-simple"},"_links":{"self":[{"href":"https:\/\/cosmoflag.com\/fi\/wp-json\/wp\/v2\/product\/2503","targetHints":{"allow":["GET"]}}],"collection":[{"href":"https:\/\/cosmoflag.com\/fi\/wp-json\/wp\/v2\/product"}],"about":[{"href":"https:\/\/cosmoflag.com\/fi\/wp-json\/wp\/v2\/types\/product"}],"replies":[{"embeddable":true,"href":"https:\/\/cosmoflag.com\/fi\/wp-json\/wp\/v2\/comments?post=2503"}],"wp:featuredmedia":[{"embeddable":true,"href":"https:\/\/cosmoflag.com\/fi\/wp-json\/wp\/v2\/media\/1703"}],"wp:attachment":[{"href":"https:\/\/cosmoflag.com\/fi\/wp-json\/wp\/v2\/media?parent=2503"}],"wp:term":[{"taxonomy":"product_brand","embeddable":true,"href":"https:\/\/cosmoflag.com\/fi\/wp-json\/wp\/v2\/product_brand?post=2503"},{"taxonomy":"product_cat","embeddable":true,"href":"https:\/\/cosmoflag.com\/fi\/wp-json\/wp\/v2\/product_cat?post=2503"},{"taxonomy":"product_tag","embeddable":true,"href":"https:\/\/cosmoflag.com\/fi\/wp-json\/wp\/v2\/product_tag?post=2503"}],"curies":[{"name":"wp","href":"https:\/\/api.w.org\/{rel}","templated":true}]}}