{"id":2502,"date":"2024-12-19T15:32:00","date_gmt":"2024-12-19T13:32:00","guid":{"rendered":"https:\/\/cosmoflag.com\/?post_type=product&#038;p=2502"},"modified":"2025-08-12T21:20:31","modified_gmt":"2025-08-12T19:20:31","slug":"tennessee-lippu","status":"publish","type":"product","link":"https:\/\/cosmoflag.com\/fi\/tuote\/tennessee-lippu\/","title":{"rendered":"Tennessee Flag"},"content":{"rendered":"<h3><strong>Tennessee lipun ominaisuudet<\/strong><\/h3>\n<p>Tennessee lippumme on valmistettu korkealaatuisesta polyesterist\u00e4, joka takaa erinomaisen kest\u00e4vyyden sek\u00e4 sis\u00e4- ett\u00e4 ulkok\u00e4yt\u00f6ss\u00e4. Siin\u00e4 on metalliset l\u00e4piviennit, jotka helpottavat asennusta ja takaavat turvallisen pidon my\u00f6s haastavissa s\u00e4\u00e4olosuhteissa. Mitoiltaan 90 x 150 cm\/35 x 59 tuumaa, t\u00e4m\u00e4 lippu tarjoaa erinomaisen n\u00e4kyvyyden pylv\u00e4isiin, seinille tai julkisten juhlien aikana.<\/p>\n<h3><strong>Perinn\u00f6n ja yhten\u00e4isyyden symboli<\/strong><\/h3>\n<p>Tennesseen osavaltion lipussa, joka hyv\u00e4ksyttiin virallisesti vuonna 1905, on silmiinpist\u00e4v\u00e4 punainen kentt\u00e4, jonka k\u00e4rjess\u00e4 on sininen palkki. Sen keskell\u00e4 on sininen ympyr\u00e4, jonka sis\u00e4ll\u00e4 on kolme valkoista t\u00e4hte\u00e4, jotka edustavat osavaltion kolmea erillist\u00e4 maantieteellist\u00e4 aluetta - It\u00e4-, Keski- ja L\u00e4nsi-Tennesseet\u00e4 - jotka on yhdistetty yhdeksi alueeksi. Eversti LeRoy Reevesin suunnittelema lippu ilment\u00e4\u00e4 Tennesseen rikasta historiaa, kulttuuria ja yhten\u00e4isyytt\u00e4.<\/p>\n<h3><strong>Monipuolinen k\u00e4ytt\u00f6<\/strong><\/h3>\n<p>Tennessee-lippu sopii erinomaisesti osavaltion juhliin, kulttuuritapahtumiin, koulutustarkoituksiin tai osaksi henkil\u00f6kohtaista kokoelmaa, sill\u00e4 se edustaa osavaltion identiteetti\u00e4 ja ylpeytt\u00e4. Sen haalistumisen kest\u00e4v\u00e4t v\u00e4rit ja vankka muotoilu takaavat, ett\u00e4 se pysyy elinvoimaisena ja vaikuttavana ajan my\u00f6t\u00e4.<\/p>","protected":false},"excerpt":{"rendered":"<p>150 x 90 cm:n kokoinen lippu, jossa on 2 tukevaa metallista l\u00e4pivienti\u00e4 turvallista ripustusta varten.<\/p>","protected":false},"featured_media":1709,"comment_status":"open","ping_status":"closed","template":"","meta":{"_gspb_post_css":"","iawp_total_views":5},"product_brand":[],"product_cat":[72,70],"product_tag":[],"class_list":{"0":"post-2502","1":"product","2":"type-product","3":"status-publish","4":"has-post-thumbnail","6":"product_cat-american-state-flags","7":"product_cat-regional-flags","9":"first","10":"instock","11":"sale","12":"shipping-taxable","13":"purchasable","14":"product-type-simple"},"_links":{"self":[{"href":"https:\/\/cosmoflag.com\/fi\/wp-json\/wp\/v2\/product\/2502","targetHints":{"allow":["GET"]}}],"collection":[{"href":"https:\/\/cosmoflag.com\/fi\/wp-json\/wp\/v2\/product"}],"about":[{"href":"https:\/\/cosmoflag.com\/fi\/wp-json\/wp\/v2\/types\/product"}],"replies":[{"embeddable":true,"href":"https:\/\/cosmoflag.com\/fi\/wp-json\/wp\/v2\/comments?post=2502"}],"wp:featuredmedia":[{"embeddable":true,"href":"https:\/\/cosmoflag.com\/fi\/wp-json\/wp\/v2\/media\/1709"}],"wp:attachment":[{"href":"https:\/\/cosmoflag.com\/fi\/wp-json\/wp\/v2\/media?parent=2502"}],"wp:term":[{"taxonomy":"product_brand","embeddable":true,"href":"https:\/\/cosmoflag.com\/fi\/wp-json\/wp\/v2\/product_brand?post=2502"},{"taxonomy":"product_cat","embeddable":true,"href":"https:\/\/cosmoflag.com\/fi\/wp-json\/wp\/v2\/product_cat?post=2502"},{"taxonomy":"product_tag","embeddable":true,"href":"https:\/\/cosmoflag.com\/fi\/wp-json\/wp\/v2\/product_tag?post=2502"}],"curies":[{"name":"wp","href":"https:\/\/api.w.org\/{rel}","templated":true}]}}