{"id":2501,"date":"2024-12-19T15:30:00","date_gmt":"2024-12-19T13:30:00","guid":{"rendered":"https:\/\/cosmoflag.com\/?post_type=product&#038;p=2501"},"modified":"2025-08-12T21:20:32","modified_gmt":"2025-08-12T19:20:32","slug":"thaimaa-lippu","status":"publish","type":"product","link":"https:\/\/cosmoflag.com\/fi\/tuote\/thaimaa-lippu\/","title":{"rendered":"Thaimaan lippu"},"content":{"rendered":"<h3><strong>Thaimaan lipun ominaisuudet<\/strong><\/h3>\n<p>Thaimaa lippumme on valmistettu korkealaatuisesta polyesterist\u00e4, joka takaa kest\u00e4vyyden sek\u00e4 sis\u00e4- ett\u00e4 ulkok\u00e4yt\u00f6ss\u00e4. Siin\u00e4 on metalliset l\u00e4piviennit, jotka helpottavat asennusta ja takaavat turvallisen pidon my\u00f6s ep\u00e4suotuisissa s\u00e4\u00e4olosuhteissa. Mitoiltaan 90 x 150 cm\/35 x 59 tuumaa, t\u00e4m\u00e4 lippu takaa erinomaisen n\u00e4kyvyyden pylv\u00e4isiin, seinille tai kansallisten juhlien aikana.<\/p>\n<h3><strong>Ylpeyden ja yhten\u00e4isyyden symboli<\/strong><\/h3>\n<p>Thaimaan lippu, joka tunnetaan my\u00f6s nimell\u00e4 \"Tricolor Flag\" tai \"Thong Trairong\", otettiin virallisesti k\u00e4ytt\u00f6\u00f6n vuonna 1917. Siin\u00e4 on viisi vaakasuoraa raitaa: punainen tarkoittaa kansakuntaa, valkoinen uskontoa ja sininen monarkiaa. Sininen keskimm\u00e4inen raita on muita raitoja suurempi, mik\u00e4 symboloi Thaimaan kansan yhten\u00e4isyytt\u00e4 rakkaan kuninkaansa alaisuudessa. Yhdess\u00e4 v\u00e4rit edustavat maan peruspilareita - kansakuntaa, uskontoa ja monarkiaa.<\/p>\n<h3><strong>Monipuolinen k\u00e4ytt\u00f6<\/strong><\/h3>\n<p>Thaimaa-lippu sopii erinomaisesti kansallisiin juhliin, kulttuuritapahtumiin, koulutustarkoituksiin tai henkil\u00f6kohtaisiin kokoelmiin, sill\u00e4 se edustaa mielekk\u00e4\u00e4sti maan identiteetti\u00e4 ja arvoja. Sen haalistumisen kest\u00e4v\u00e4t v\u00e4rit ja vankka muotoilu takaavat, ett\u00e4 se pysyy elinvoimaisena ja vaikuttavana ajan my\u00f6t\u00e4.<\/p>\n<p>&nbsp;<\/p>","protected":false},"excerpt":{"rendered":"<p>150 x 90 cm:n kokoinen lippu, jossa on 2 tukevaa metallista l\u00e4pivienti\u00e4 turvallista ripustusta varten.<\/p>","protected":false},"featured_media":1720,"comment_status":"open","ping_status":"closed","template":"","meta":{"_gspb_post_css":"","iawp_total_views":8},"product_brand":[],"product_cat":[64,58],"product_tag":[],"class_list":{"0":"post-2501","1":"product","2":"type-product","3":"status-publish","4":"has-post-thumbnail","6":"product_cat-asia-flags","7":"product_cat-country-flags","9":"first","10":"instock","11":"sale","12":"shipping-taxable","13":"purchasable","14":"product-type-simple"},"_links":{"self":[{"href":"https:\/\/cosmoflag.com\/fi\/wp-json\/wp\/v2\/product\/2501","targetHints":{"allow":["GET"]}}],"collection":[{"href":"https:\/\/cosmoflag.com\/fi\/wp-json\/wp\/v2\/product"}],"about":[{"href":"https:\/\/cosmoflag.com\/fi\/wp-json\/wp\/v2\/types\/product"}],"replies":[{"embeddable":true,"href":"https:\/\/cosmoflag.com\/fi\/wp-json\/wp\/v2\/comments?post=2501"}],"wp:featuredmedia":[{"embeddable":true,"href":"https:\/\/cosmoflag.com\/fi\/wp-json\/wp\/v2\/media\/1720"}],"wp:attachment":[{"href":"https:\/\/cosmoflag.com\/fi\/wp-json\/wp\/v2\/media?parent=2501"}],"wp:term":[{"taxonomy":"product_brand","embeddable":true,"href":"https:\/\/cosmoflag.com\/fi\/wp-json\/wp\/v2\/product_brand?post=2501"},{"taxonomy":"product_cat","embeddable":true,"href":"https:\/\/cosmoflag.com\/fi\/wp-json\/wp\/v2\/product_cat?post=2501"},{"taxonomy":"product_tag","embeddable":true,"href":"https:\/\/cosmoflag.com\/fi\/wp-json\/wp\/v2\/product_tag?post=2501"}],"curies":[{"name":"wp","href":"https:\/\/api.w.org\/{rel}","templated":true}]}}