{"id":2499,"date":"2024-12-19T14:48:00","date_gmt":"2024-12-19T12:48:00","guid":{"rendered":"https:\/\/cosmoflag.com\/?post_type=product&#038;p=2499"},"modified":"2025-08-12T21:20:35","modified_gmt":"2025-08-12T19:20:35","slug":"turkmenistan-lippu","status":"publish","type":"product","link":"https:\/\/cosmoflag.com\/fi\/tuote\/turkmenistan-lippu\/","title":{"rendered":"Turkmenistanin lippu"},"content":{"rendered":"<h3><strong>Turkmenistan Lippu Ominaisuudet<\/strong><\/h3>\n<p>Turkmenistan lippumme on valmistettu korkealaatuisesta polyesterist\u00e4, joka takaa erinomaisen kest\u00e4vyyden pitk\u00e4aikaiseen k\u00e4ytt\u00f6\u00f6n sis\u00e4ll\u00e4 ja ulkona. Siin\u00e4 on metalliset l\u00e4piviennit, jotka helpottavat asennusta ja takaavat turvallisen kiinnityksen my\u00f6s haastavissa s\u00e4\u00e4olosuhteissa. Mitoiltaan 90 x 150 cm\/35 x 59 tuumaa, t\u00e4m\u00e4 lippu takaa erinomaisen n\u00e4kyvyyden pylv\u00e4isiin, seinille tai kansallisiin tapahtumiin.<\/p>\n<h3><strong>Ainutlaatuinen kulttuurin ja identiteetin symboli<\/strong><\/h3>\n<p>Turkmenistanin lippu, joka hyv\u00e4ksyttiin virallisesti vuonna 1992, on yksi maailman monimutkaisimmista kansallislipuista. Vihre\u00e4 kentt\u00e4 edustaa islamia ja kansakunnan perint\u00f6\u00e4, kun taas pystysuorassa punaisessa raidassa l\u00e4hell\u00e4 lippua on viisi perinteist\u00e4 mattokuviota, jotka symboloivat Turkmenistanin viitt\u00e4 p\u00e4\u00e4heimoa. Kuunsirppi ja viisi valkoista t\u00e4hte\u00e4 edustavat toivoa ja alueiden yhten\u00e4isyytt\u00e4. Yhdess\u00e4 n\u00e4m\u00e4 elementit kuvastavat Turkmenistanin rikasta historiaa ja kulttuurista ylpeytt\u00e4.<\/p>\n<h3><strong>Monipuolinen k\u00e4ytt\u00f6<\/strong><\/h3>\n<p>Turkmenistan-lippu sopii erinomaisesti kansallisiin juhliin, kulttuuritapahtumiin, koulutustarkoituksiin tai osaksi henkil\u00f6kohtaista kokoelmaa, sill\u00e4 se edustaa mielekk\u00e4\u00e4sti maan identiteetti\u00e4. Sen vankka muotoilu ja haalistumisen kest\u00e4v\u00e4t v\u00e4rit takaavat, ett\u00e4 se pysyy elinvoimaisena ja vaikuttavana ajan my\u00f6t\u00e4.<\/p>","protected":false},"excerpt":{"rendered":"<p>150 x 90 cm:n kokoinen lippu, jossa on 2 tukevaa metallista l\u00e4pivienti\u00e4 turvallista ripustusta varten.<\/p>","protected":false},"featured_media":1742,"comment_status":"open","ping_status":"closed","template":"","meta":{"_gspb_post_css":"","iawp_total_views":3},"product_brand":[],"product_cat":[64,58],"product_tag":[],"class_list":{"0":"post-2499","1":"product","2":"type-product","3":"status-publish","4":"has-post-thumbnail","6":"product_cat-asia-flags","7":"product_cat-country-flags","9":"first","10":"instock","11":"sale","12":"shipping-taxable","13":"purchasable","14":"product-type-simple"},"_links":{"self":[{"href":"https:\/\/cosmoflag.com\/fi\/wp-json\/wp\/v2\/product\/2499","targetHints":{"allow":["GET"]}}],"collection":[{"href":"https:\/\/cosmoflag.com\/fi\/wp-json\/wp\/v2\/product"}],"about":[{"href":"https:\/\/cosmoflag.com\/fi\/wp-json\/wp\/v2\/types\/product"}],"replies":[{"embeddable":true,"href":"https:\/\/cosmoflag.com\/fi\/wp-json\/wp\/v2\/comments?post=2499"}],"wp:featuredmedia":[{"embeddable":true,"href":"https:\/\/cosmoflag.com\/fi\/wp-json\/wp\/v2\/media\/1742"}],"wp:attachment":[{"href":"https:\/\/cosmoflag.com\/fi\/wp-json\/wp\/v2\/media?parent=2499"}],"wp:term":[{"taxonomy":"product_brand","embeddable":true,"href":"https:\/\/cosmoflag.com\/fi\/wp-json\/wp\/v2\/product_brand?post=2499"},{"taxonomy":"product_cat","embeddable":true,"href":"https:\/\/cosmoflag.com\/fi\/wp-json\/wp\/v2\/product_cat?post=2499"},{"taxonomy":"product_tag","embeddable":true,"href":"https:\/\/cosmoflag.com\/fi\/wp-json\/wp\/v2\/product_tag?post=2499"}],"curies":[{"name":"wp","href":"https:\/\/api.w.org\/{rel}","templated":true}]}}