{"id":2498,"date":"2024-12-19T14:45:00","date_gmt":"2024-12-19T12:45:00","guid":{"rendered":"https:\/\/cosmoflag.com\/?post_type=product&#038;p=2498"},"modified":"2025-08-12T21:20:36","modified_gmt":"2025-08-12T19:20:36","slug":"vatikaanin-kaupungin-lippu","status":"publish","type":"product","link":"https:\/\/cosmoflag.com\/fi\/tuote\/vatikaanin-kaupungin-lippu\/","title":{"rendered":"Vatikaanin lippu"},"content":{"rendered":"<h3><strong>Vatikaanin lipun ominaisuudet<\/strong><\/h3>\n<p>Vatikaani lippumme on valmistettu korkealaatuisesta polyesterist\u00e4, joka takaa kest\u00e4vyyden ja pitk\u00e4aikaisen k\u00e4yt\u00f6n sis\u00e4ll\u00e4 ja ulkona. Siin\u00e4 on metalliset l\u00e4piviennit helppoa asennusta ja turvallista pitoa varten my\u00f6s ep\u00e4suotuisissa s\u00e4\u00e4olosuhteissa. Mitoiltaan 90 x 150 cm\/35 x 59 tuumaa, t\u00e4m\u00e4 lippu takaa erinomaisen n\u00e4kyvyyden pylv\u00e4isiin, seinille tai uskonnollisiin juhliin.<\/p>\n<h3><strong>Uskon ja suvereniteetin symboli<\/strong><\/h3>\n<p>Vatikaanin lipussa, joka hyv\u00e4ksyttiin virallisesti vuonna 1929, on kaksi pystysuoraa keltaista ja valkoista kaistaa. Valkoisella puolella on Pietarin ristikk\u00e4iset avaimet ja paavin tiara, jotka symboloivat paavin ja katolisen kirkon auktoriteettia. Keltainen merkitsee hengellist\u00e4 voimaa, kun taas valkoinen symboloi puhtautta ja uskoa. T\u00e4m\u00e4 pyh\u00e4 muotoilu kuvastaa Vatikaanin, maailman pienimm\u00e4n itsen\u00e4isen valtion, ainutlaatuista identiteetti\u00e4.<\/p>\n<h3><strong>Monipuolinen k\u00e4ytt\u00f6<\/strong><\/h3>\n<p>Vatikaanin lippu sopii erinomaisesti uskonnollisiin tapahtumiin, kulttuurijuhliin, koulutustarkoituksiin tai osaksi henkil\u00f6kohtaista kokoelmaa, sill\u00e4 se edustaa mielekk\u00e4\u00e4sti uskoa ja perinteit\u00e4. Sen vankka muotoilu ja haalistumisen kest\u00e4v\u00e4t v\u00e4rit takaavat, ett\u00e4 se s\u00e4ilytt\u00e4\u00e4 symbolisen merkityksens\u00e4 ja visuaalisen vaikutuksensa ajan my\u00f6t\u00e4.<\/p>","protected":false},"excerpt":{"rendered":"<p>150 x 90 cm:n kokoinen lippu, jossa on 2 tukevaa metallista l\u00e4pivienti\u00e4 turvallista ripustusta varten.<\/p>","protected":false},"featured_media":1748,"comment_status":"open","ping_status":"closed","template":"","meta":{"_gspb_post_css":"","iawp_total_views":10},"product_brand":[],"product_cat":[65,58],"product_tag":[],"class_list":{"0":"post-2498","1":"product","2":"type-product","3":"status-publish","4":"has-post-thumbnail","6":"product_cat-europe-flags","7":"product_cat-country-flags","9":"first","10":"instock","11":"sale","12":"shipping-taxable","13":"purchasable","14":"product-type-simple"},"_links":{"self":[{"href":"https:\/\/cosmoflag.com\/fi\/wp-json\/wp\/v2\/product\/2498","targetHints":{"allow":["GET"]}}],"collection":[{"href":"https:\/\/cosmoflag.com\/fi\/wp-json\/wp\/v2\/product"}],"about":[{"href":"https:\/\/cosmoflag.com\/fi\/wp-json\/wp\/v2\/types\/product"}],"replies":[{"embeddable":true,"href":"https:\/\/cosmoflag.com\/fi\/wp-json\/wp\/v2\/comments?post=2498"}],"wp:featuredmedia":[{"embeddable":true,"href":"https:\/\/cosmoflag.com\/fi\/wp-json\/wp\/v2\/media\/1748"}],"wp:attachment":[{"href":"https:\/\/cosmoflag.com\/fi\/wp-json\/wp\/v2\/media?parent=2498"}],"wp:term":[{"taxonomy":"product_brand","embeddable":true,"href":"https:\/\/cosmoflag.com\/fi\/wp-json\/wp\/v2\/product_brand?post=2498"},{"taxonomy":"product_cat","embeddable":true,"href":"https:\/\/cosmoflag.com\/fi\/wp-json\/wp\/v2\/product_cat?post=2498"},{"taxonomy":"product_tag","embeddable":true,"href":"https:\/\/cosmoflag.com\/fi\/wp-json\/wp\/v2\/product_tag?post=2498"}],"curies":[{"name":"wp","href":"https:\/\/api.w.org\/{rel}","templated":true}]}}