{"id":2494,"date":"2024-12-19T14:31:00","date_gmt":"2024-12-19T12:31:00","guid":{"rendered":"https:\/\/cosmoflag.com\/?post_type=product&#038;p=2494"},"modified":"2025-08-12T21:20:37","modified_gmt":"2025-08-12T19:20:37","slug":"sukelluslippu","status":"publish","type":"product","link":"https:\/\/cosmoflag.com\/fi\/tuote\/sukelluslippu\/","title":{"rendered":"Sukelluslippu"},"content":{"rendered":"<h3><strong>Sukelluslippujen ominaisuudet<\/strong><\/h3>\n<p>Sukelluslippumme on valmistettu ensiluokkaisesta polyesterist\u00e4, joka takaa erinomaisen kest\u00e4vyyden sek\u00e4 sis\u00e4- ett\u00e4 ulkok\u00e4ytt\u00f6\u00f6n. Siin\u00e4 on metalliset l\u00e4piviennit helppoa asennusta ja turvallista kiinnityst\u00e4 varten pylv\u00e4isiin tai veneisiin. Mitoiltaan 90 x 150 cm\/35 x 59 tuumaa, t\u00e4m\u00e4 lippu tarjoaa erinomaisen n\u00e4kyvyyden jopa kaukaa, mik\u00e4 tekee siit\u00e4 v\u00e4ltt\u00e4m\u00e4tt\u00f6m\u00e4n turvallisuusv\u00e4lineen sukellustoiminnassa.<\/p>\n<h3><strong>Yleinen turvallisuuden symboli<\/strong><\/h3>\n<p>Punainen sukelluslippu, jossa on vinoviivainen valkoinen raita, on maailmanlaajuisesti tunnustettu symboli sukellus- ja snorklaustoiminnalle. Se ilmaisee sukeltajien l\u00e4sn\u00e4olon pinnan alla ja varoittaa l\u00e4hell\u00e4 olevia veneit\u00e4 ja vesikulkuneuvoja pit\u00e4m\u00e4\u00e4n turvallisen et\u00e4isyyden. T\u00e4m\u00e4 lippu on sukeltajille kriittinen turvallisuusvaatimus, jolla varmistetaan turvallinen ja kunnioittava vuorovaikutus meriymp\u00e4rist\u00f6n kanssa.<\/p>\n<h3><strong>Monipuolinen k\u00e4ytt\u00f6<\/strong><\/h3>\n<p>Sukelluslippu sopii t\u00e4ydellisesti sukellusveneisiin, yksityisiin aluksiin tai sukelluskoulutusohjelmiin, ja se on v\u00e4ltt\u00e4m\u00e4t\u00f6n kaikille vedenalaisiin aktiviteetteihin osallistuville. Sen vankka rakenne ja haalistumisen kest\u00e4v\u00e4t v\u00e4rit takaavat luotettavan suorituskyvyn ja kest\u00e4v\u00e4n n\u00e4kyvyyden haastavissa meriolosuhteissa.<\/p>","protected":false},"excerpt":{"rendered":"<p>150 x 90 cm:n kokoinen lippu, jossa on 2 tukevaa metallista l\u00e4pivienti\u00e4 turvallista ripustusta varten.<\/p>","protected":false},"featured_media":1869,"comment_status":"open","ping_status":"closed","template":"","meta":{"_gspb_post_css":"","iawp_total_views":14},"product_brand":[],"product_cat":[68],"product_tag":[],"class_list":{"0":"post-2494","1":"product","2":"type-product","3":"status-publish","4":"has-post-thumbnail","6":"product_cat-official-flags","8":"first","9":"instock","10":"sale","11":"shipping-taxable","12":"purchasable","13":"product-type-simple"},"_links":{"self":[{"href":"https:\/\/cosmoflag.com\/fi\/wp-json\/wp\/v2\/product\/2494","targetHints":{"allow":["GET"]}}],"collection":[{"href":"https:\/\/cosmoflag.com\/fi\/wp-json\/wp\/v2\/product"}],"about":[{"href":"https:\/\/cosmoflag.com\/fi\/wp-json\/wp\/v2\/types\/product"}],"replies":[{"embeddable":true,"href":"https:\/\/cosmoflag.com\/fi\/wp-json\/wp\/v2\/comments?post=2494"}],"wp:featuredmedia":[{"embeddable":true,"href":"https:\/\/cosmoflag.com\/fi\/wp-json\/wp\/v2\/media\/1869"}],"wp:attachment":[{"href":"https:\/\/cosmoflag.com\/fi\/wp-json\/wp\/v2\/media?parent=2494"}],"wp:term":[{"taxonomy":"product_brand","embeddable":true,"href":"https:\/\/cosmoflag.com\/fi\/wp-json\/wp\/v2\/product_brand?post=2494"},{"taxonomy":"product_cat","embeddable":true,"href":"https:\/\/cosmoflag.com\/fi\/wp-json\/wp\/v2\/product_cat?post=2494"},{"taxonomy":"product_tag","embeddable":true,"href":"https:\/\/cosmoflag.com\/fi\/wp-json\/wp\/v2\/product_tag?post=2494"}],"curies":[{"name":"wp","href":"https:\/\/api.w.org\/{rel}","templated":true}]}}