{"id":2493,"date":"2024-12-19T14:24:00","date_gmt":"2024-12-19T12:24:00","guid":{"rendered":"https:\/\/cosmoflag.com\/?post_type=product&#038;p=2493"},"modified":"2025-08-12T21:20:38","modified_gmt":"2025-08-12T19:20:38","slug":"floridan-osavaltion-lippu","status":"publish","type":"product","link":"https:\/\/cosmoflag.com\/fi\/tuote\/floridan-osavaltion-lippu\/","title":{"rendered":"Floridan osavaltion lippu"},"content":{"rendered":"<h3><strong>Floridan osavaltion lipun ominaisuudet<\/strong><\/h3>\n<p>Florida lippumme on valmistettu korkealaatuisesta polyesterist\u00e4, joka takaa erinomaisen kest\u00e4vyyden sis\u00e4- ja ulkotiloissa. Siin\u00e4 on metalliset l\u00e4piviennit helppoa asennusta ja turvallista pitoa varten my\u00f6s ep\u00e4suotuisissa s\u00e4\u00e4olosuhteissa. Mitoiltaan 90 x 150 cm\/35 x 59 tuumaa, t\u00e4m\u00e4 lippu takaa erinomaisen n\u00e4kyvyyden pylv\u00e4isiin, seinille tai julkisiin juhliin.<\/p>\n<h3><strong>Floridan perinn\u00f6n symboli<\/strong><\/h3>\n<p>Floridan osavaltion lipussa on valkoinen kentt\u00e4, jonka keskell\u00e4 on punainen Pyh\u00e4n Andreaksen risti ja osavaltion sinetti. Sinetiss\u00e4 on kuvattuna seminolinainen, h\u00f6yrylaiva ja vehre\u00e4 luonnonmaisema, jotka symboloivat Floridan rikasta historiaa, monipuolista kulttuuria ja runsaita luonnonvaroja. T\u00e4m\u00e4 lippu, joka hyv\u00e4ksyttiin virallisesti vuonna 1900, ilment\u00e4\u00e4 Sunshine Staten ainutlaatuista identiteetti\u00e4 ja kest\u00e4vyytt\u00e4.<\/p>\n<h3><strong>Monipuolinen k\u00e4ytt\u00f6<\/strong><\/h3>\n<p>Floridan osavaltion lippu sopii erinomaisesti osavaltion juhliin, kulttuuritapahtumiin, koulutustarkoituksiin tai henkil\u00f6kohtaisiin kokoelmiin, ja se on mielek\u00e4s lis\u00e4 mihin tahansa ymp\u00e4rist\u00f6\u00f6n. Sen haalistumisen kest\u00e4v\u00e4t v\u00e4rit ja vankka muotoilu takaavat, ett\u00e4 se s\u00e4ilytt\u00e4\u00e4 symbolisen merkityksens\u00e4 ja visuaalisen vaikutuksensa ajan my\u00f6t\u00e4.<\/p>","protected":false},"excerpt":{"rendered":"<p>150 x 90 cm:n kokoinen lippu, jossa on 2 tukevaa metallista l\u00e4pivienti\u00e4 turvallista ripustusta varten.<\/p>","protected":false},"featured_media":1918,"comment_status":"open","ping_status":"closed","template":"","meta":{"_gspb_post_css":"","iawp_total_views":0},"product_brand":[],"product_cat":[72,70],"product_tag":[],"class_list":{"0":"post-2493","1":"product","2":"type-product","3":"status-publish","4":"has-post-thumbnail","6":"product_cat-american-state-flags","7":"product_cat-regional-flags","9":"first","10":"instock","11":"sale","12":"shipping-taxable","13":"purchasable","14":"product-type-simple"},"_links":{"self":[{"href":"https:\/\/cosmoflag.com\/fi\/wp-json\/wp\/v2\/product\/2493","targetHints":{"allow":["GET"]}}],"collection":[{"href":"https:\/\/cosmoflag.com\/fi\/wp-json\/wp\/v2\/product"}],"about":[{"href":"https:\/\/cosmoflag.com\/fi\/wp-json\/wp\/v2\/types\/product"}],"replies":[{"embeddable":true,"href":"https:\/\/cosmoflag.com\/fi\/wp-json\/wp\/v2\/comments?post=2493"}],"wp:featuredmedia":[{"embeddable":true,"href":"https:\/\/cosmoflag.com\/fi\/wp-json\/wp\/v2\/media\/1918"}],"wp:attachment":[{"href":"https:\/\/cosmoflag.com\/fi\/wp-json\/wp\/v2\/media?parent=2493"}],"wp:term":[{"taxonomy":"product_brand","embeddable":true,"href":"https:\/\/cosmoflag.com\/fi\/wp-json\/wp\/v2\/product_brand?post=2493"},{"taxonomy":"product_cat","embeddable":true,"href":"https:\/\/cosmoflag.com\/fi\/wp-json\/wp\/v2\/product_cat?post=2493"},{"taxonomy":"product_tag","embeddable":true,"href":"https:\/\/cosmoflag.com\/fi\/wp-json\/wp\/v2\/product_tag?post=2493"}],"curies":[{"name":"wp","href":"https:\/\/api.w.org\/{rel}","templated":true}]}}