{"id":2489,"date":"2024-12-19T14:09:00","date_gmt":"2024-12-19T12:09:00","guid":{"rendered":"https:\/\/cosmoflag.com\/?post_type=product&#038;p=2489"},"modified":"2025-08-12T21:20:38","modified_gmt":"2025-08-12T19:20:38","slug":"gabon-lippu","status":"publish","type":"product","link":"https:\/\/cosmoflag.com\/fi\/tuote\/gabon-lippu\/","title":{"rendered":"Gabonin lippu"},"content":{"rendered":"<h3><strong>Gabonin lipun ominaisuudet<\/strong><\/h3>\n<p>Gabon lippumme on valmistettu korkealaatuisesta polyesterist\u00e4, joka takaa kest\u00e4vyyden sek\u00e4 sis\u00e4- ett\u00e4 ulkotiloissa. Siin\u00e4 on metalliset l\u00e4piviennit helppoa asennusta ja turvallista pitoa varten my\u00f6s haastavissa s\u00e4\u00e4olosuhteissa. Mitoiltaan 90 x 150 cm\/35 x 59 tuumaa, t\u00e4m\u00e4 lippu tarjoaa erinomaisen n\u00e4kyvyyden, olipa se esill\u00e4 pylv\u00e4iss\u00e4, seinill\u00e4 tai kansallisten tapahtumien aikana.<\/p>\n<h3><strong>Yhten\u00e4isyyden ja luonnon symboli<\/strong><\/h3>\n<p>Gabonin lipussa, joka otettiin virallisesti k\u00e4ytt\u00f6\u00f6n vuonna 1960, on kolme vihre\u00e4\u00e4, keltaista ja sinist\u00e4 vaakaraitaa. Vihre\u00e4 symboloi Gabonin rehevi\u00e4 metsi\u00e4 ja luonnonvaroja, keltainen aurinkoa ja p\u00e4iv\u00e4ntasaajaa ja sininen Atlantin valtamerta. Yhdess\u00e4 n\u00e4m\u00e4 v\u00e4rit korostavat Gabonin yhteytt\u00e4 ymp\u00e4rist\u00f6\u00f6ns\u00e4 ja sen rauhanomaisia pyrkimyksi\u00e4.<\/p>\n<h3><strong>Monipuolinen k\u00e4ytt\u00f6<\/strong><\/h3>\n<p>Gabonin lippu sopii erinomaisesti kansallisiin juhliin, kulttuuritapahtumiin, opetusn\u00e4yt\u00f6ksiin tai henkil\u00f6kohtaisiin kokoelmiin, sill\u00e4 se edustaa maan identiteetti\u00e4 ja perint\u00f6\u00e4. Sen vankka muotoilu ja haalistumisen kest\u00e4v\u00e4t v\u00e4rit takaavat, ett\u00e4 se pysyy visuaalisesti vaikuttavana ajan my\u00f6t\u00e4.<\/p>","protected":false},"excerpt":{"rendered":"<p>150 x 90 cm:n kokoinen lippu, jossa on 2 tukevaa metallista l\u00e4pivienti\u00e4 turvallista ripustusta varten.<\/p>","protected":false},"featured_media":1934,"comment_status":"open","ping_status":"closed","template":"","meta":{"_gspb_post_css":"","iawp_total_views":9},"product_brand":[],"product_cat":[60,58],"product_tag":[],"class_list":{"0":"post-2489","1":"product","2":"type-product","3":"status-publish","4":"has-post-thumbnail","6":"product_cat-africa-flags","7":"product_cat-country-flags","9":"first","10":"instock","11":"sale","12":"shipping-taxable","13":"purchasable","14":"product-type-simple"},"_links":{"self":[{"href":"https:\/\/cosmoflag.com\/fi\/wp-json\/wp\/v2\/product\/2489","targetHints":{"allow":["GET"]}}],"collection":[{"href":"https:\/\/cosmoflag.com\/fi\/wp-json\/wp\/v2\/product"}],"about":[{"href":"https:\/\/cosmoflag.com\/fi\/wp-json\/wp\/v2\/types\/product"}],"replies":[{"embeddable":true,"href":"https:\/\/cosmoflag.com\/fi\/wp-json\/wp\/v2\/comments?post=2489"}],"wp:featuredmedia":[{"embeddable":true,"href":"https:\/\/cosmoflag.com\/fi\/wp-json\/wp\/v2\/media\/1934"}],"wp:attachment":[{"href":"https:\/\/cosmoflag.com\/fi\/wp-json\/wp\/v2\/media?parent=2489"}],"wp:term":[{"taxonomy":"product_brand","embeddable":true,"href":"https:\/\/cosmoflag.com\/fi\/wp-json\/wp\/v2\/product_brand?post=2489"},{"taxonomy":"product_cat","embeddable":true,"href":"https:\/\/cosmoflag.com\/fi\/wp-json\/wp\/v2\/product_cat?post=2489"},{"taxonomy":"product_tag","embeddable":true,"href":"https:\/\/cosmoflag.com\/fi\/wp-json\/wp\/v2\/product_tag?post=2489"}],"curies":[{"name":"wp","href":"https:\/\/api.w.org\/{rel}","templated":true}]}}