{"id":2488,"date":"2024-12-19T14:07:00","date_gmt":"2024-12-19T12:07:00","guid":{"rendered":"https:\/\/cosmoflag.com\/?post_type=product&#038;p=2488"},"modified":"2025-08-12T21:20:39","modified_gmt":"2025-08-12T19:20:39","slug":"guyana-lippu","status":"publish","type":"product","link":"https:\/\/cosmoflag.com\/fi\/tuote\/guyana-lippu\/","title":{"rendered":"Guyana lippu"},"content":{"rendered":"<h3><strong>Guyanan lipun ominaisuudet<\/strong><\/h3>\n<p>Guyana lippumme on valmistettu korkealaatuisesta polyesterist\u00e4, joka takaa kest\u00e4vyyden sek\u00e4 sis\u00e4- ett\u00e4 ulkotiloissa. Siin\u00e4 on metalliset l\u00e4piviennit, jotka helpottavat asennusta ja takaavat turvallisen pidon my\u00f6s ep\u00e4suotuisissa s\u00e4\u00e4olosuhteissa. Mitoiltaan 90 x 150 cm\/35 x 59 tuumaa, t\u00e4m\u00e4 lippu tarjoaa erinomaisen n\u00e4kyvyyden pylv\u00e4isiin, seinille tai kansallisten tapahtumien aikana.<\/p>\n<h3><strong>Ylpeyden ja edistyksen symboli<\/strong><\/h3>\n<p>Guyanan lippu, joka tunnetaan nimell\u00e4 \"Kultainen nuolip\u00e4\u00e4\", otettiin virallisesti k\u00e4ytt\u00f6\u00f6n vuonna 1966 itsen\u00e4isyyden saavuttamisen j\u00e4lkeen. Sen eloisassa kuvioinnissa on vihre\u00e4 kentt\u00e4, joka edustaa maan metsi\u00e4 ja maataloutta, kultainen nuolenk\u00e4rki, joka symboloi maan mineraalirikkauksia, ja musta reunus, joka osoittaa kest\u00e4vyytt\u00e4. Punainen kolmio edustaa dynaamisuutta ja intoa rakentaa valoisaa tulevaisuutta. T\u00e4m\u00e4 lippu ilment\u00e4\u00e4 Guyanan kansan pyrkimyksi\u00e4 ja yhten\u00e4isyytt\u00e4.<\/p>\n<h3><strong>Monipuolinen k\u00e4ytt\u00f6<\/strong><\/h3>\n<p>Guyana-lippu sopii erinomaisesti kansallisiin juhliin, kulttuuritapahtumiin, koulutustarkoituksiin tai henkil\u00f6kohtaisiin kokoelmiin, ja se on monipuolinen lis\u00e4 mihin tahansa ymp\u00e4rist\u00f6\u00f6n. Sen haalistumisen kest\u00e4v\u00e4t v\u00e4rit ja vankka muotoilu takaavat, ett\u00e4 se pysyy elinvoimaisena ja vaikuttavana vuosia.<\/p>","protected":false},"excerpt":{"rendered":"<p>150 x 90 cm:n kokoinen lippu, jossa on 2 tukevaa metallista l\u00e4pivienti\u00e4 turvallista ripustusta varten.<\/p>","protected":false},"featured_media":1949,"comment_status":"open","ping_status":"closed","template":"","meta":{"_gspb_post_css":"","iawp_total_views":9},"product_brand":[],"product_cat":[63,58],"product_tag":[],"class_list":{"0":"post-2488","1":"product","2":"type-product","3":"status-publish","4":"has-post-thumbnail","6":"product_cat-south-america-flag","7":"product_cat-country-flags","9":"first","10":"instock","11":"sale","12":"shipping-taxable","13":"purchasable","14":"product-type-simple"},"_links":{"self":[{"href":"https:\/\/cosmoflag.com\/fi\/wp-json\/wp\/v2\/product\/2488","targetHints":{"allow":["GET"]}}],"collection":[{"href":"https:\/\/cosmoflag.com\/fi\/wp-json\/wp\/v2\/product"}],"about":[{"href":"https:\/\/cosmoflag.com\/fi\/wp-json\/wp\/v2\/types\/product"}],"replies":[{"embeddable":true,"href":"https:\/\/cosmoflag.com\/fi\/wp-json\/wp\/v2\/comments?post=2488"}],"wp:featuredmedia":[{"embeddable":true,"href":"https:\/\/cosmoflag.com\/fi\/wp-json\/wp\/v2\/media\/1949"}],"wp:attachment":[{"href":"https:\/\/cosmoflag.com\/fi\/wp-json\/wp\/v2\/media?parent=2488"}],"wp:term":[{"taxonomy":"product_brand","embeddable":true,"href":"https:\/\/cosmoflag.com\/fi\/wp-json\/wp\/v2\/product_brand?post=2488"},{"taxonomy":"product_cat","embeddable":true,"href":"https:\/\/cosmoflag.com\/fi\/wp-json\/wp\/v2\/product_cat?post=2488"},{"taxonomy":"product_tag","embeddable":true,"href":"https:\/\/cosmoflag.com\/fi\/wp-json\/wp\/v2\/product_tag?post=2488"}],"curies":[{"name":"wp","href":"https:\/\/api.w.org\/{rel}","templated":true}]}}