{"id":2486,"date":"2024-12-19T14:01:00","date_gmt":"2024-12-19T12:01:00","guid":{"rendered":"https:\/\/cosmoflag.com\/?post_type=product&#038;p=2486"},"modified":"2025-08-12T21:20:39","modified_gmt":"2025-08-12T19:20:39","slug":"hawaii-lippu","status":"publish","type":"product","link":"https:\/\/cosmoflag.com\/fi\/tuote\/hawaii-lippu\/","title":{"rendered":"Havaiji lippu"},"content":{"rendered":"<h3><strong>Havaijin lipun ominaisuudet<\/strong><\/h3>\n<p>Hawaii lippumme on valmistettu korkealaatuisesta polyesterist\u00e4, joka takaa kest\u00e4vyyden sis\u00e4- ja ulkok\u00e4yt\u00f6ss\u00e4. Siin\u00e4 on metalliset l\u00e4piviennit, jotka helpottavat asennusta ja takaavat luotettavan pidon my\u00f6s ep\u00e4suotuisissa s\u00e4\u00e4olosuhteissa. Mitoiltaan 90 x 150 cm\/35 x 59 tuumaa, t\u00e4m\u00e4 lippu tarjoaa erinomaisen n\u00e4kyvyyden, olipa se esill\u00e4 pylv\u00e4iss\u00e4, seinill\u00e4 tai kulttuurijuhlien aikana.<\/p>\n<h3><strong>Ainutlaatuinen Havaijin perinn\u00f6n symboli<\/strong><\/h3>\n<p>Havaijin lipussa, joka tunnetaan my\u00f6s nimell\u00e4 \"Ka Hae Hawai'i\", yhdistyv\u00e4t ainutlaatuisella tavalla Havaijin historian ja sen siteet Isoon-Britanniaan. Lipussa on kahdeksan valkoista, punaista ja sinist\u00e4 vaakasuoraa raitaa, jotka edustavat Havaijin kahdeksaa p\u00e4\u00e4saarta. Vasemmassa yl\u00e4kulmassa oleva Union Jack kuvastaa historiallista suhdetta Britanniaan. Vuonna 1845 k\u00e4ytt\u00f6\u00f6n otettu lippu on Havaijin kulttuuri-identiteetin ja suvereniteetin symboli.<\/p>\n<h3><strong>Monipuolinen k\u00e4ytt\u00f6<\/strong><\/h3>\n<p>Havaijin lippu sopii erinomaisesti kulttuuritapahtumiin, osavaltiojuhliin, koulutustarkoituksiin tai ylpeyden symboliksi, ja se on monipuolinen lis\u00e4 mihin tahansa ymp\u00e4rist\u00f6\u00f6n. Sen vankka muotoilu ja haalistumisen kest\u00e4v\u00e4t v\u00e4rit takaavat, ett\u00e4 se pysyy elinvoimaisena ja vaikuttavana vuosia.<\/p>","protected":false},"excerpt":{"rendered":"<p>150 x 90 cm:n kokoinen lippu, jossa on 2 tukevaa metallista l\u00e4pivienti\u00e4 turvallista ripustusta varten.<\/p>","protected":false},"featured_media":1970,"comment_status":"open","ping_status":"closed","template":"","meta":{"_gspb_post_css":"","iawp_total_views":1},"product_brand":[],"product_cat":[72,70],"product_tag":[],"class_list":{"0":"post-2486","1":"product","2":"type-product","3":"status-publish","4":"has-post-thumbnail","6":"product_cat-american-state-flags","7":"product_cat-regional-flags","9":"first","10":"instock","11":"sale","12":"shipping-taxable","13":"purchasable","14":"product-type-simple"},"_links":{"self":[{"href":"https:\/\/cosmoflag.com\/fi\/wp-json\/wp\/v2\/product\/2486","targetHints":{"allow":["GET"]}}],"collection":[{"href":"https:\/\/cosmoflag.com\/fi\/wp-json\/wp\/v2\/product"}],"about":[{"href":"https:\/\/cosmoflag.com\/fi\/wp-json\/wp\/v2\/types\/product"}],"replies":[{"embeddable":true,"href":"https:\/\/cosmoflag.com\/fi\/wp-json\/wp\/v2\/comments?post=2486"}],"wp:featuredmedia":[{"embeddable":true,"href":"https:\/\/cosmoflag.com\/fi\/wp-json\/wp\/v2\/media\/1970"}],"wp:attachment":[{"href":"https:\/\/cosmoflag.com\/fi\/wp-json\/wp\/v2\/media?parent=2486"}],"wp:term":[{"taxonomy":"product_brand","embeddable":true,"href":"https:\/\/cosmoflag.com\/fi\/wp-json\/wp\/v2\/product_brand?post=2486"},{"taxonomy":"product_cat","embeddable":true,"href":"https:\/\/cosmoflag.com\/fi\/wp-json\/wp\/v2\/product_cat?post=2486"},{"taxonomy":"product_tag","embeddable":true,"href":"https:\/\/cosmoflag.com\/fi\/wp-json\/wp\/v2\/product_tag?post=2486"}],"curies":[{"name":"wp","href":"https:\/\/api.w.org\/{rel}","templated":true}]}}