{"id":2485,"date":"2024-12-19T13:56:00","date_gmt":"2024-12-19T11:56:00","guid":{"rendered":"https:\/\/cosmoflag.com\/?post_type=product&#038;p=2485"},"modified":"2025-08-12T21:20:40","modified_gmt":"2025-08-12T19:20:40","slug":"valko-venajan-historiallinen-lippu","status":"publish","type":"product","link":"https:\/\/cosmoflag.com\/fi\/tuote\/valko-venajan-historiallinen-lippu\/","title":{"rendered":"Valko-Ven\u00e4j\u00e4n historiallinen lippu"},"content":{"rendered":"<h3><strong>Valko-Ven\u00e4j\u00e4n historiallinen lippu Ominaisuudet<\/strong><\/h3>\n<p>Historiallinen Valko-Ven\u00e4j\u00e4 lippumme on valmistettu korkealaatuisesta polyesterist\u00e4, joka takaa kest\u00e4vyyden sek\u00e4 sis\u00e4- ett\u00e4 ulkotiloissa. Siin\u00e4 on metalliset l\u00e4piviennit helppoa asennusta ja turvallista pitoa varten my\u00f6s haastavissa s\u00e4\u00e4olosuhteissa. Mitoiltaan 90 x 150 cm\/35 x 59 tuumaa, t\u00e4m\u00e4 lippu takaa erinomaisen n\u00e4kyvyyden, olipa se sitten tangossa, sein\u00e4ll\u00e4 tai kulttuuritapahtumien aikana.<\/p>\n<h3><strong>Perinn\u00f6n ja itsen\u00e4isyyden symboli<\/strong><\/h3>\n<p>Valko-Ven\u00e4j\u00e4n historiallinen lippu, jossa on punainen vaakasuora raita, jota reunustaa valkoinen ja jossa on ratsastava ritarin tunnus, on merkitt\u00e4v\u00e4 symboli maan itsen\u00e4isyystaistelulle ja sen historialliselle identiteetille. Pahoniaksi kutsuttu tunnus edustaa urheutta ja suojelua, ja lipun punavalkoinen kuvio on merkki Valko-Ven\u00e4j\u00e4n kulttuurisista ja historiallisista perinteist\u00e4.<\/p>\n<h3><strong>Monipuolinen k\u00e4ytt\u00f6<\/strong><\/h3>\n<p>Valko-Ven\u00e4j\u00e4n historiallinen lippu sopii erinomaisesti kulttuurijuhliin, historiallisiin tapahtumiin, opetusn\u00e4yt\u00f6ksiin tai henkil\u00f6kohtaisiin kokoelmiin, ja se on mielek\u00e4s lis\u00e4 mihin tahansa ymp\u00e4rist\u00f6\u00f6n. Sen haalistumisen kest\u00e4v\u00e4t v\u00e4rit ja vankka muotoilu takaavat kest\u00e4v\u00e4n visuaalisen ja symbolisen vaikutuksen.<\/p>","protected":false},"excerpt":{"rendered":"<p>150 x 90 cm:n kokoinen lippu, jossa on 2 tukevaa metallista l\u00e4pivienti\u00e4 turvallista ripustusta varten.<\/p>","protected":false},"featured_media":1978,"comment_status":"open","ping_status":"closed","template":"","meta":{"_gspb_post_css":"","iawp_total_views":14},"product_brand":[],"product_cat":[65,58],"product_tag":[],"class_list":{"0":"post-2485","1":"product","2":"type-product","3":"status-publish","4":"has-post-thumbnail","6":"product_cat-europe-flags","7":"product_cat-country-flags","9":"first","10":"instock","11":"sale","12":"shipping-taxable","13":"purchasable","14":"product-type-simple"},"_links":{"self":[{"href":"https:\/\/cosmoflag.com\/fi\/wp-json\/wp\/v2\/product\/2485","targetHints":{"allow":["GET"]}}],"collection":[{"href":"https:\/\/cosmoflag.com\/fi\/wp-json\/wp\/v2\/product"}],"about":[{"href":"https:\/\/cosmoflag.com\/fi\/wp-json\/wp\/v2\/types\/product"}],"replies":[{"embeddable":true,"href":"https:\/\/cosmoflag.com\/fi\/wp-json\/wp\/v2\/comments?post=2485"}],"wp:featuredmedia":[{"embeddable":true,"href":"https:\/\/cosmoflag.com\/fi\/wp-json\/wp\/v2\/media\/1978"}],"wp:attachment":[{"href":"https:\/\/cosmoflag.com\/fi\/wp-json\/wp\/v2\/media?parent=2485"}],"wp:term":[{"taxonomy":"product_brand","embeddable":true,"href":"https:\/\/cosmoflag.com\/fi\/wp-json\/wp\/v2\/product_brand?post=2485"},{"taxonomy":"product_cat","embeddable":true,"href":"https:\/\/cosmoflag.com\/fi\/wp-json\/wp\/v2\/product_cat?post=2485"},{"taxonomy":"product_tag","embeddable":true,"href":"https:\/\/cosmoflag.com\/fi\/wp-json\/wp\/v2\/product_tag?post=2485"}],"curies":[{"name":"wp","href":"https:\/\/api.w.org\/{rel}","templated":true}]}}