{"id":2484,"date":"2024-12-19T13:53:00","date_gmt":"2024-12-19T11:53:00","guid":{"rendered":"https:\/\/cosmoflag.com\/?post_type=product&#038;p=2484"},"modified":"2025-08-12T21:20:40","modified_gmt":"2025-08-12T19:20:40","slug":"kosovo-lippu","status":"publish","type":"product","link":"https:\/\/cosmoflag.com\/fi\/tuote\/kosovo-lippu\/","title":{"rendered":"Kosovon lippu"},"content":{"rendered":"<h3><strong>Kosovon lipun ominaisuudet<\/strong><\/h3>\n<p>Kosovo-lippumme on valmistettu korkealaatuisesta polyesterist\u00e4, joka takaa kest\u00e4vyyden ja pitk\u00e4aikaisen k\u00e4yt\u00f6n sek\u00e4 sis\u00e4ll\u00e4 ett\u00e4 ulkona. Siin\u00e4 on metalliset l\u00e4piviennit helppoa asennusta ja turvallista pitoa varten my\u00f6s haastavissa s\u00e4\u00e4olosuhteissa. Mitoiltaan 90 x 150 cm\/35 x 59 tuumaa, t\u00e4m\u00e4 lippu tarjoaa erinomaisen n\u00e4kyvyyden pylv\u00e4isiin, seinille tai kansallisten juhlien aikana.<\/p>\n<h3><strong>Itsen\u00e4isyyden ja yhten\u00e4isyyden symboli<\/strong><\/h3>\n<p>Kosovon lippu, joka otettiin virallisesti k\u00e4ytt\u00f6\u00f6n vuonna 2008, edustaa Kosovon itsen\u00e4isyytt\u00e4 ja monikulttuurista identiteetti\u00e4. Lipussa on sininen tausta, jonka keskell\u00e4 on Kosovon kultainen \u00e4\u00e4riviiva, jota ymp\u00e4r\u00f6i kuusi valkoista t\u00e4hte\u00e4. Kukin t\u00e4hti symboloi yht\u00e4 Kosovon t\u00e4rkeimmist\u00e4 etnisist\u00e4 ryhmist\u00e4, mik\u00e4 kuvastaa Kosovon kansan yhten\u00e4isyytt\u00e4 ja monimuotoisuutta. T\u00e4m\u00e4 malli ilment\u00e4\u00e4 Kosovon pyrkimyksi\u00e4 rauhaan ja tunnustukseen.<\/p>\n<h3><strong>Monipuolinen k\u00e4ytt\u00f6<\/strong><\/h3>\n<p>Kosovo-lippu sopii erinomaisesti kansallisiin tapahtumiin, kulttuurijuhliin, koulutustarkoituksiin tai henkil\u00f6kohtaisiin kokoelmiin, ja se on monipuolinen ja merkityksellinen lis\u00e4 mihin tahansa ymp\u00e4rist\u00f6\u00f6n. Sen vankka muotoilu ja haalistumisen kest\u00e4v\u00e4t v\u00e4rit takaavat, ett\u00e4 se s\u00e4ilytt\u00e4\u00e4 symbolisen merkityksens\u00e4 ja visuaalisen vaikutuksensa ajan my\u00f6t\u00e4.<\/p>","protected":false},"excerpt":{"rendered":"<p>150 x 90 cm:n kokoinen lippu, jossa on 2 tukevaa metallista l\u00e4pivienti\u00e4 turvallista ripustusta varten.<\/p>","protected":false},"featured_media":2027,"comment_status":"open","ping_status":"closed","template":"","meta":{"_gspb_post_css":"","iawp_total_views":6},"product_brand":[],"product_cat":[65,58],"product_tag":[],"class_list":{"0":"post-2484","1":"product","2":"type-product","3":"status-publish","4":"has-post-thumbnail","6":"product_cat-europe-flags","7":"product_cat-country-flags","9":"first","10":"instock","11":"sale","12":"shipping-taxable","13":"purchasable","14":"product-type-simple"},"_links":{"self":[{"href":"https:\/\/cosmoflag.com\/fi\/wp-json\/wp\/v2\/product\/2484","targetHints":{"allow":["GET"]}}],"collection":[{"href":"https:\/\/cosmoflag.com\/fi\/wp-json\/wp\/v2\/product"}],"about":[{"href":"https:\/\/cosmoflag.com\/fi\/wp-json\/wp\/v2\/types\/product"}],"replies":[{"embeddable":true,"href":"https:\/\/cosmoflag.com\/fi\/wp-json\/wp\/v2\/comments?post=2484"}],"wp:featuredmedia":[{"embeddable":true,"href":"https:\/\/cosmoflag.com\/fi\/wp-json\/wp\/v2\/media\/2027"}],"wp:attachment":[{"href":"https:\/\/cosmoflag.com\/fi\/wp-json\/wp\/v2\/media?parent=2484"}],"wp:term":[{"taxonomy":"product_brand","embeddable":true,"href":"https:\/\/cosmoflag.com\/fi\/wp-json\/wp\/v2\/product_brand?post=2484"},{"taxonomy":"product_cat","embeddable":true,"href":"https:\/\/cosmoflag.com\/fi\/wp-json\/wp\/v2\/product_cat?post=2484"},{"taxonomy":"product_tag","embeddable":true,"href":"https:\/\/cosmoflag.com\/fi\/wp-json\/wp\/v2\/product_tag?post=2484"}],"curies":[{"name":"wp","href":"https:\/\/api.w.org\/{rel}","templated":true}]}}