{"id":2483,"date":"2024-12-19T13:48:00","date_gmt":"2024-12-19T11:48:00","guid":{"rendered":"https:\/\/cosmoflag.com\/?post_type=product&#038;p=2483"},"modified":"2025-08-12T21:20:40","modified_gmt":"2025-08-12T19:20:40","slug":"kurdistan-lippu","status":"publish","type":"product","link":"https:\/\/cosmoflag.com\/fi\/tuote\/kurdistan-lippu\/","title":{"rendered":"Kurdistanin lippu"},"content":{"rendered":"<h3><strong>Kurdistanin lipun ominaisuudet<\/strong><\/h3>\n<p>Kurdistan lippumme on valmistettu korkealaatuisesta polyesterist\u00e4, joka takaa erinomaisen kest\u00e4vyyden sek\u00e4 sis\u00e4- ett\u00e4 ulkok\u00e4yt\u00f6ss\u00e4. Siin\u00e4 on metalliset l\u00e4piviennit, jotka helpottavat asennusta ja takaavat turvallisen pidon my\u00f6s haastavissa s\u00e4\u00e4olosuhteissa. Mitoiltaan 90 x 150 cm\/35 x 59 tuumaa, t\u00e4m\u00e4 lippu takaa maksimaalisen n\u00e4kyvyyden, olipa se esill\u00e4 tolpassa, sein\u00e4ll\u00e4 tai kulttuuritapahtumissa.<\/p>\n<h3><strong>Identiteetin ja vapauden symboli<\/strong><\/h3>\n<p>Kurdistanin lippu, joka tunnetaan my\u00f6s nimell\u00e4 \"Ala Reng\u00een\", otettiin virallisesti k\u00e4ytt\u00f6\u00f6n vuonna 1927. Sen punaiset, valkoiset ja vihre\u00e4t vaakasuorat raidat edustavat kurdien uhrauksia, rauhaa ja maan hedelm\u00e4llisyytt\u00e4. Keskell\u00e4 on kultainen aurinko, jonka 21 s\u00e4dett\u00e4 symboloivat valoa, vapautta ja el\u00e4m\u00e4\u00e4. T\u00e4m\u00e4 lippu on vahva tunnus kurdien identiteetist\u00e4, yhten\u00e4isyydest\u00e4 ja vapauden tavoittelusta.<\/p>\n<h3><strong>Monipuolinen k\u00e4ytt\u00f6<\/strong><\/h3>\n<p>Kurdistanin lippu sopii erinomaisesti kulttuurijuhliin, kansallisiin tapahtumiin, koulutustarkoituksiin tai henkil\u00f6kohtaisiin kokoelmiin, ja se on merkityksellinen perinn\u00f6n ja toivon esitys. Sen vankka muotoilu ja haalistumisen kest\u00e4v\u00e4t v\u00e4rit takaavat, ett\u00e4 se s\u00e4ilytt\u00e4\u00e4 visuaalisen ja symbolisen vaikutuksensa ajan my\u00f6t\u00e4.<\/p>","protected":false},"excerpt":{"rendered":"<p>150 x 90 cm:n kokoinen lippu, jossa on 2 tukevaa metallista l\u00e4pivienti\u00e4 turvallista ripustusta varten.<\/p>","protected":false},"featured_media":2034,"comment_status":"open","ping_status":"closed","template":"","meta":{"_gspb_post_css":"","iawp_total_views":165},"product_brand":[],"product_cat":[58,66],"product_tag":[],"class_list":{"0":"post-2483","1":"product","2":"type-product","3":"status-publish","4":"has-post-thumbnail","6":"product_cat-country-flags","7":"product_cat-middle-east-flags","9":"first","10":"instock","11":"sale","12":"shipping-taxable","13":"purchasable","14":"product-type-simple"},"_links":{"self":[{"href":"https:\/\/cosmoflag.com\/fi\/wp-json\/wp\/v2\/product\/2483","targetHints":{"allow":["GET"]}}],"collection":[{"href":"https:\/\/cosmoflag.com\/fi\/wp-json\/wp\/v2\/product"}],"about":[{"href":"https:\/\/cosmoflag.com\/fi\/wp-json\/wp\/v2\/types\/product"}],"replies":[{"embeddable":true,"href":"https:\/\/cosmoflag.com\/fi\/wp-json\/wp\/v2\/comments?post=2483"}],"wp:featuredmedia":[{"embeddable":true,"href":"https:\/\/cosmoflag.com\/fi\/wp-json\/wp\/v2\/media\/2034"}],"wp:attachment":[{"href":"https:\/\/cosmoflag.com\/fi\/wp-json\/wp\/v2\/media?parent=2483"}],"wp:term":[{"taxonomy":"product_brand","embeddable":true,"href":"https:\/\/cosmoflag.com\/fi\/wp-json\/wp\/v2\/product_brand?post=2483"},{"taxonomy":"product_cat","embeddable":true,"href":"https:\/\/cosmoflag.com\/fi\/wp-json\/wp\/v2\/product_cat?post=2483"},{"taxonomy":"product_tag","embeddable":true,"href":"https:\/\/cosmoflag.com\/fi\/wp-json\/wp\/v2\/product_tag?post=2483"}],"curies":[{"name":"wp","href":"https:\/\/api.w.org\/{rel}","templated":true}]}}